{"id":11925,"date":"2025-07-25T15:01:34","date_gmt":"2025-07-25T13:01:34","guid":{"rendered":"https:\/\/www.esosport.it\/briko-innovazione-e-qualita-per-ogni-sportivo\/"},"modified":"2026-04-02T08:03:54","modified_gmt":"2026-04-02T06:03:54","slug":"skrot-din-hjelm-fa-en-bonus-og-hjaelp-miljoet","status":"publish","type":"page","link":"https:\/\/www.esosport.it\/da\/skrot-din-hjelm-fa-en-bonus-og-hjaelp-miljoet\/","title":{"rendered":"BRIKO"},"content":{"rendered":"\n<section id=\"block_be87952ced9da7cde1f6b3c006e18066\" class=\"acf-block acf-block-occhiello-titolo-testo\">\n    <div class=\"container py-8\">\n        <div class=\"flex flex-col gap-4 text-center\">\n            <hgroup class=\"flex flex-col gap-1\">\n                <h2 class=\"uppercase font-medium reveal\"><\/h2>\n                                    <h1 class=\"text-lg lg:text-xl reveal\">Skrot din hjelm, f\u00e5 en bonus og hj\u00e6lp milj\u00f8et<\/h1>\n                            <\/hgroup>\n            <hr class=\"divider mx-auto reveal\" \/>\n            <div class=\"reveal\"><\/div>\n        <\/div>\n    <\/div>\n<\/section>\n\n<div class=\"wp-block-image\">\n<figure class=\"aligncenter size-full is-resized\"><img loading=\"lazy\" decoding=\"async\" width=\"800\" height=\"208\" src=\"https:\/\/www.esosport.it\/wp-content\/uploads\/2025\/09\/briko-2.png\" alt=\"\" class=\"wp-image-9378\" style=\"width:344px;height:auto\" title=\"\" srcset=\"https:\/\/www.esosport.it\/wp-content\/uploads\/2025\/09\/briko-2.png 800w, https:\/\/www.esosport.it\/wp-content\/uploads\/2025\/09\/briko-2-300x78.png 300w, https:\/\/www.esosport.it\/wp-content\/uploads\/2025\/09\/briko-2-768x200.png 768w\" sizes=\"auto, (max-width: 800px) 100vw, 800px\" \/><\/figure><\/div>\n\n\n<section id=\"block_0a9d17611d418c738e0df68fa197d612\" class=\"acf-block acf-block-occhiello-titolo-testo\">\n    <div class=\"container py-8\">\n        <div class=\"flex flex-col gap-4 text-center\">\n            <hgroup class=\"flex flex-col gap-1\">\n                <h2 class=\"uppercase font-medium reveal\"><\/h2>\n                                    <h1 class=\"text-lg lg:text-xl reveal\"><\/h1>\n                            <\/hgroup>\n            <hr class=\"divider mx-auto reveal\" \/>\n            <div class=\"reveal\"><h3 style=\"text-align: left\" data-start=\"40\" data-end=\"158\">Briko tror p\u00e5, at selv sm\u00e5 handlinger kan g\u00f8re en forskel, is\u00e6r n\u00e5r det handler om <strong data-start=\"123\" data-end=\"136\">sikkerhed<\/strong> og <strong data-start=\"140\" data-end=\"157\">b\u00e6redygtighed<\/strong>.<\/h3>\n<p style=\"text-align: left\" data-start=\"160\" data-end=\"334\">Derfor har brandet lanceret et konkret initiativ: <strong data-start=\"210\" data-end=\"304\">aflever din gamle cykelhjelm til skrotning i en deltagende butik og f\u00e5 op til 30 \u20ac i bonus<\/strong> ved k\u00f8b af en ny Briko-hjelm.<\/p>\n<p style=\"text-align: left\" data-start=\"336\" data-end=\"552\">De indsamlede hjelme bliver lagt i <strong data-start=\"371\" data-end=\"394\">Briko UpCycling Box<\/strong> og vil, takket v\u00e6re samarbejdet med <strong data-start=\"431\" data-end=\"444\">esosport\u00ae<\/strong>, der er specialiseret i genanvendelse af sportsudstyr, blive <strong data-start=\"506\" data-end=\"551\">genvundet og omdannet til nyt r\u00e5materiale<\/strong>.<\/p>\n<p style=\"text-align: left\" data-start=\"554\" data-end=\"600\" data-is-last-node=\"\" data-is-only-node=\"\"><strong data-start=\"554\" data-end=\"595\">En lille handling, et stort resultat!<\/strong><\/p>\n<\/div>\n        <\/div>\n    <\/div>\n<\/section>\n\n\n<section id=\"block_4f05c257a7da56ae8ed6de59edf2dec8\" class=\"acf-block acf-block-bottone-test\">\n    <div class=\"container\">\n        <p style=\"text-align: center;\">\n            <strong><\/strong>\n            <a class=\"button my-4 ml-4 reveal\" href=\"https:\/\/www.briko.com\/pages\/upcycling-2025\" style=\"visibility: visible;\" target=\"_blank\" rel=\"noopener\">\n                Opdag BRIKO UPCYCLING            <\/a>\n        <\/p>\n    <\/div>\n<\/section>\n\n\n\n<div class=\"wp-block-image\">\n<figure class=\"aligncenter size-full is-resized\"><img loading=\"lazy\" decoding=\"async\" width=\"800\" height=\"800\" src=\"https:\/\/www.esosport.it\/wp-content\/uploads\/2025\/07\/BRIKO-BOX-800x800-1.png\" alt=\"BRIKO BOX CYCLING\" class=\"wp-image-8662\" style=\"width:437px;height:auto\" title=\"\" srcset=\"https:\/\/www.esosport.it\/wp-content\/uploads\/2025\/07\/BRIKO-BOX-800x800-1.png 800w, https:\/\/www.esosport.it\/wp-content\/uploads\/2025\/07\/BRIKO-BOX-800x800-1-300x300.png 300w, https:\/\/www.esosport.it\/wp-content\/uploads\/2025\/07\/BRIKO-BOX-800x800-1-150x150.png 150w, https:\/\/www.esosport.it\/wp-content\/uploads\/2025\/07\/BRIKO-BOX-800x800-1-768x768.png 768w\" sizes=\"auto, (max-width: 800px) 100vw, 800px\" \/><\/figure><\/div>","protected":false},"excerpt":{"rendered":"","protected":false},"author":8,"featured_media":0,"parent":0,"menu_order":0,"comment_status":"closed","ping_status":"closed","template":"","meta":{"_acf_changed":false,"footnotes":""},"class_list":["post-11925","page","type-page","status-publish","hentry"],"acf":[],"_links":{"self":[{"href":"https:\/\/www.esosport.it\/da\/wp-json\/wp\/v2\/pages\/11925","targetHints":{"allow":["GET"]}}],"collection":[{"href":"https:\/\/www.esosport.it\/da\/wp-json\/wp\/v2\/pages"}],"about":[{"href":"https:\/\/www.esosport.it\/da\/wp-json\/wp\/v2\/types\/page"}],"author":[{"embeddable":true,"href":"https:\/\/www.esosport.it\/da\/wp-json\/wp\/v2\/users\/8"}],"replies":[{"embeddable":true,"href":"https:\/\/www.esosport.it\/da\/wp-json\/wp\/v2\/comments?post=11925"}],"version-history":[{"count":5,"href":"https:\/\/www.esosport.it\/da\/wp-json\/wp\/v2\/pages\/11925\/revisions"}],"predecessor-version":[{"id":14789,"href":"https:\/\/www.esosport.it\/da\/wp-json\/wp\/v2\/pages\/11925\/revisions\/14789"}],"wp:attachment":[{"href":"https:\/\/www.esosport.it\/da\/wp-json\/wp\/v2\/media?parent=11925"}],"curies":[{"name":"wp","href":"https:\/\/api.w.org\/{rel}","templated":true}]}}