{"id":11927,"date":"2025-07-16T15:02:55","date_gmt":"2025-07-16T13:02:55","guid":{"rendered":"https:\/\/www.esosport.it\/vittoria-re-cycling-sostenibilita-e-sport\/"},"modified":"2026-04-02T08:06:53","modified_gmt":"2026-04-02T06:06:53","slug":"vittoria-re-cycling-nar-cykelekspertise-moder-cirkulaer-okonomi","status":"publish","type":"page","link":"https:\/\/www.esosport.it\/da\/vittoria-re-cycling-nar-cykelekspertise-moder-cirkulaer-okonomi\/","title":{"rendered":"Vittoria Re-Cycling"},"content":{"rendered":"\n<div class=\"wp-block-group\"><div class=\"wp-block-group__inner-container is-layout-constrained wp-block-group-is-layout-constrained\">\n<section id=\"block_ab8bb81bbd764add9186724b51579fcb\" class=\"acf-block acf-block-occhiello-titolo-testo\">\n    <div class=\"container py-8\">\n        <div class=\"flex flex-col gap-4 text-center\">\n            <hgroup class=\"flex flex-col gap-1\">\n                <h2 class=\"uppercase font-medium reveal\"><\/h2>\n                                    <h1 class=\"text-lg lg:text-xl reveal\">Vittoria Re-Cycling: n\u00e5r cykelekspertise m\u00f8der cirkul\u00e6r \u00f8konomi<\/h1>\n                            <\/hgroup>\n            <hr class=\"divider mx-auto reveal\" \/>\n            <div class=\"reveal\"><\/div>\n        <\/div>\n    <\/div>\n<\/section>\n\n<div class=\"wp-block-image\">\n<figure class=\"aligncenter size-full is-resized\"><img loading=\"lazy\" decoding=\"async\" width=\"800\" height=\"542\" src=\"https:\/\/www.esosport.it\/wp-content\/uploads\/2025\/09\/vittoria-re-cycling-21.png\" alt=\"vittoria recycling logo\" class=\"wp-image-9693\" style=\"width:342px;height:auto\" title=\"\" srcset=\"https:\/\/www.esosport.it\/wp-content\/uploads\/2025\/09\/vittoria-re-cycling-21.png 800w, https:\/\/www.esosport.it\/wp-content\/uploads\/2025\/09\/vittoria-re-cycling-21-300x203.png 300w, https:\/\/www.esosport.it\/wp-content\/uploads\/2025\/09\/vittoria-re-cycling-21-768x520.png 768w\" sizes=\"auto, (max-width: 800px) 100vw, 800px\" \/><\/figure><\/div>\n\n\n<section id=\"block_ab127de8ec50831fba38369d7b116332\" class=\"acf-block acf-block-occhiello-titolo-testo\">\n    <div class=\"container py-8\">\n        <div class=\"flex flex-col gap-4 text-center\">\n            <hgroup class=\"flex flex-col gap-1\">\n                <h2 class=\"uppercase font-medium reveal\"><\/h2>\n                                    <h1 class=\"text-lg lg:text-xl reveal\"><\/h1>\n                            <\/hgroup>\n            <hr class=\"divider mx-auto reveal\" \/>\n            <div class=\"reveal\"><h3 style=\"text-align: left\" data-start=\"40\" data-end=\"255\">Vittoria Re-Cycling: Det strategiske partnerskab mellem <strong data-start=\"75\" data-end=\"87\">esosport<\/strong> og <strong data-start=\"91\" data-end=\"103\">Vittoria<\/strong> er et konkret eksempel p\u00e5, hvordan <strong data-start=\"139\" data-end=\"200\">teknologisk innovation kan m\u00f8de milj\u00f8m\u00e6ssig b\u00e6redygtighed<\/strong> og skabe v\u00e6rdi for hele det italienske cykel\u00f8kosystem.<\/h3>\n<p style=\"text-align: left\" data-start=\"257\" data-end=\"559\">Siden <strong data-start=\"263\" data-end=\"271\">2009<\/strong> har esosport arbejdet med <strong data-start=\"298\" data-end=\"349\">indsamling og genanvendelse af sportsmaterialer<\/strong>, og samarbejdet med <strong data-start=\"370\" data-end=\"438\">Vittoria \u2013 en f\u00f8rende og innovativ virksomhed inden for cykeld\u00e6k<\/strong> \u2013 markerer et vigtigt skridt i vores engagement i at g\u00f8re <strong data-start=\"497\" data-end=\"558\">den cirkul\u00e6re \u00f8konomi til en stadig mere konkret realitet<\/strong>.<\/p>\n<p style=\"text-align: left\" data-start=\"561\" data-end=\"887\" data-is-last-node=\"\" data-is-only-node=\"\"><strong data-start=\"561\" data-end=\"584\">Vittoria Re-Cycling<\/strong> blev skabt ud fra en f\u00e6lles vilje til at tackle en betydelig milj\u00f8m\u00e6ssig udfordring: hvert \u00e5r ender omkring <strong data-start=\"693\" data-end=\"745\">2 millioner cykeld\u00e6k og 2 millioner cykelslanger<\/strong> i restaffaldet i Italien, svarende til i alt <strong data-start=\"791\" data-end=\"823\">omkring 1.000 ton materialer<\/strong>, som ellers ville blive sendt til <strong data-start=\"858\" data-end=\"886\">deponi eller forbr\u00e6nding<\/strong>.<\/p>\n<\/div>\n        <\/div>\n    <\/div>\n<\/section><\/div><\/div>\n\n\n\n<div class=\"wp-block-group\"><div class=\"wp-block-group__inner-container is-layout-constrained wp-block-group-is-layout-constrained\">\n<section id=\"block_42971c2de2c2d3907301ce2b3bead7f3\" class=\"acf-block acf-block-occhiello-titolo-testo\">\n    <div class=\"container py-8\">\n        <div class=\"flex flex-col gap-4 text-center\">\n            <hgroup class=\"flex flex-col gap-1\">\n                <h2 class=\"uppercase font-medium reveal\"><\/h2>\n                                    <h1 class=\"text-lg lg:text-xl reveal\">Il nostro ruolo nella partnership<\/h1>\n                            <\/hgroup>\n            <hr class=\"divider mx-auto reveal\" \/>\n            <div class=\"reveal\"><p data-start=\"40\" data-end=\"232\">Som <strong data-start=\"44\" data-end=\"80\">logistisk og milj\u00f8m\u00e6ssig partner<\/strong>, specialiseret i h\u00e5ndteringen af genvindingsprocessen for Vittorias materialer, h\u00e5ndterer <strong data-start=\"171\" data-end=\"231\">esosport hele processen for indsamling og transformation<\/strong>:<\/p>\n<ul data-start=\"234\" data-end=\"695\">\n<li data-section-id=\"i121q8\" data-start=\"234\" data-end=\"329\">\n<p data-start=\"236\" data-end=\"329\"><strong data-start=\"236\" data-end=\"264\">Landsd\u00e6kkende indsamling<\/strong> gennem Vittoria Re-Cycling tilknyttede butikker i hele Italien<\/p>\n<\/li>\n<li data-section-id=\"794e4a\" data-start=\"330\" data-end=\"397\">\n<p data-start=\"332\" data-end=\"397\"><strong data-start=\"332\" data-end=\"353\">Gratis afhentning<\/strong> med professionel logistik for forhandlere<\/p>\n<\/li>\n<li data-section-id=\"3r9e4u\" data-start=\"398\" data-end=\"568\">\n<p data-start=\"400\" data-end=\"568\"><strong data-start=\"400\" data-end=\"427\">Innovativ genanvendelse<\/strong> p\u00e5 <strong data-start=\"431\" data-end=\"474\">ESO RECYCLING-anl\u00e6gget i Tolentino (MC)<\/strong>, hvor et avanceret anl\u00e6g omdanner d\u00e6k og slanger til <strong data-start=\"528\" data-end=\"566\">granulat af sekund\u00e6re r\u00e5materialer<\/strong><\/p>\n<\/li>\n<li data-section-id=\"1vr981i\" data-start=\"569\" data-end=\"695\">\n<p data-start=\"571\" data-end=\"695\"><strong data-start=\"571\" data-end=\"599\">Nyt liv til materialerne<\/strong>, som bliver til <strong data-start=\"616\" data-end=\"695\">st\u00f8dabsorberende bel\u00e6gninger til legepladser og overflader til atletikbaner<\/strong><\/p>\n<\/li>\n<\/ul>\n<p data-start=\"697\" data-end=\"943\" data-is-last-node=\"\" data-is-only-node=\"\">Projektet har opn\u00e5et <strong data-start=\"718\" data-end=\"762\">patronat fra det Italienske Cykelforbund<\/strong>, og p\u00e5 <strong data-start=\"770\" data-end=\"813\">mindre end to m\u00e5neder efter lanceringen<\/strong> har mange butikker allerede tilsluttet sig projektet \u2013 et tegn p\u00e5 den voksende opm\u00e6rksomhed i branchen omkring <strong data-start=\"925\" data-end=\"942\">b\u00e6redygtighed<\/strong>.<\/p>\n<\/div>\n        <\/div>\n    <\/div>\n<\/section><\/div><\/div>\n\n\n\n<div class=\"wp-block-group\"><div class=\"wp-block-group__inner-container is-layout-constrained wp-block-group-is-layout-constrained\">\n<section id=\"block_b5a7c7c1bdc40405c0a4b89b380037b6\" class=\"acf-block acf-block-occhiello-titolo-testo\">\n    <div class=\"container py-8\">\n        <div class=\"flex flex-col gap-4 text-center\">\n            <hgroup class=\"flex flex-col gap-1\">\n                <h2 class=\"uppercase font-medium reveal\"><\/h2>\n                                    <h1 class=\"text-lg lg:text-xl reveal\">Ud over genanvendelse: en model, der kan gentages.<\/h1>\n                            <\/hgroup>\n            <hr class=\"divider mx-auto reveal\" \/>\n            <div class=\"reveal\"><p style=\"text-align: left\" data-start=\"40\" data-end=\"219\">Partnerskabet med <strong data-start=\"58\" data-end=\"70\">Vittoria<\/strong> viser, hvordan <strong data-start=\"86\" data-end=\"98\">esosport<\/strong> er i stand til at udvikle <strong data-start=\"125\" data-end=\"171\">skr\u00e6ddersyede l\u00f8sninger for f\u00f8rende brands<\/strong>, ved at skabe cirkul\u00e6re \u00f8konomiprogrammer, som:<\/p>\n<ul data-start=\"221\" data-end=\"676\" data-is-only-node=\"\" data-is-last-node=\"\">\n<li style=\"text-align: left\" data-section-id=\"ho566g\" data-start=\"221\" data-end=\"456\">\n<p data-start=\"223\" data-end=\"456\"><strong data-start=\"223\" data-end=\"281\">Eliminerer omkostningerne for de kommercielle partnere<\/strong> (Vittoria d\u00e6kker omkostningerne til afhentning og bortskaffelse for de f\u00f8rste tre indsamlinger om \u00e5ret og giver dermed konkret \u00f8konomisk st\u00f8tte til de deltagende forhandlere)<\/p>\n<\/li>\n<li style=\"text-align: left\" data-section-id=\"cklkyn\" data-start=\"458\" data-end=\"535\">\n<p data-start=\"460\" data-end=\"535\"><strong data-start=\"460\" data-end=\"506\">Sikrer overholdelse af g\u00e6ldende lovgivning<\/strong> vedr\u00f8rende affaldsh\u00e5ndtering<\/p>\n<\/li>\n<li style=\"text-align: left\" data-section-id=\"17o9v4r\" data-start=\"537\" data-end=\"603\">\n<p data-start=\"539\" data-end=\"603\"><strong data-start=\"539\" data-end=\"603\">\u00d8ger forbrugernes bevidsthed om vigtigheden af b\u00e6redygtighed<\/strong><\/p>\n<\/li>\n<li data-section-id=\"1rxr3bo\" data-start=\"605\" data-end=\"676\" data-is-last-node=\"\">\n<p style=\"text-align: left\" data-start=\"607\" data-end=\"676\" data-is-last-node=\"\"><strong data-start=\"607\" data-end=\"635\">Skaber milj\u00f8m\u00e6ssig v\u00e6rdi<\/strong> ved at omdanne affald til nye ressourcer<\/p>\n<\/li>\n<\/ul>\n<\/div>\n        <\/div>\n    <\/div>\n<\/section><\/div><\/div>\n\n\n\n<div class=\"wp-block-group\"><div class=\"wp-block-group__inner-container is-layout-constrained wp-block-group-is-layout-constrained\">\n<section id=\"block_57b7df2e68f33883530cdd6c0ce01b9d\" class=\"acf-block acf-block-occhiello-titolo-testo\">\n    <div class=\"container py-8\">\n        <div class=\"flex flex-col gap-4 text-center\">\n            <hgroup class=\"flex flex-col gap-1\">\n                <h2 class=\"uppercase font-medium reveal\"><\/h2>\n                                    <h1 class=\"text-lg lg:text-xl reveal\">Teknologi i milj\u00f8ets tjeneste<\/h1>\n                            <\/hgroup>\n            <hr class=\"divider mx-auto reveal\" \/>\n            <div class=\"reveal\"><p style=\"text-align: left\" data-start=\"40\" data-end=\"210\">Kernen i partnerskabet ligger i vores evne til at <strong data-start=\"90\" data-end=\"146\">behandle tekniske materialer som cykeld\u00e6k og slanger<\/strong>, og omdanne dem til <strong data-start=\"167\" data-end=\"209\">certificerede granulat af h\u00f8j kvalitet<\/strong>.<\/p>\n<p style=\"text-align: left\" data-start=\"212\" data-end=\"472\">Denne <strong data-start=\"218\" data-end=\"289\">transparente og kontrollerede genvindings- og transformationsproces<\/strong> repr\u00e6senterer et konkret projekt inden for <strong data-start=\"333\" data-end=\"353\">cirkul\u00e6r \u00f8konomi<\/strong>, der forener milj\u00f8m\u00e6ssig opm\u00e6rksomhed med en f\u00e6lles indsats for at reducere affaldets milj\u00f8p\u00e5virkning i cykelbranchen.<\/p>\n<p style=\"text-align: left\" data-start=\"474\" data-end=\"721\" data-is-last-node=\"\" data-is-only-node=\"\">Partnerskabet med <strong data-start=\"492\" data-end=\"504\">Vittoria<\/strong> bekr\u00e6fter <strong data-start=\"515\" data-end=\"527\">esosport<\/strong> som en <strong data-start=\"535\" data-end=\"580\">ideel strategisk partner for virksomheder<\/strong>, der \u00f8nsker at integrere <strong data-start=\"606\" data-end=\"651\">cirkul\u00e6r \u00f8konomi i deres forretningsmodel<\/strong>, og dermed skabe f\u00e6lles v\u00e6rdi for <strong data-start=\"686\" data-end=\"720\">milj\u00f8et, markedet og samfundet<\/strong>.<\/p>\n<\/div>\n        <\/div>\n    <\/div>\n<\/section><\/div><\/div>\n\n\n\n<div class=\"wp-block-group\"><div class=\"wp-block-group__inner-container is-layout-constrained wp-block-group-is-layout-constrained\">\r\n<section id=\"block_a1376108752cd6cb211c7586ef633c76\" class=\"acf-block acf-block-galleria-masonry\">\r\n\r\n    \r\n        <div class=\"container pb-16\">\r\n\r\n            <div class=\"masonry\">\r\n                <div class=\"masonry-sizer\"><\/div>\r\n                <div class=\"masonry-gutter\"><\/div>\r\n\r\n                \r\n                    \r\n                    <div class=\"masonry-item\">\r\n                        <img loading=\"lazy\" decoding=\"async\" class=\"w-full\" src=\"https:\/\/www.esosport.it\/wp-content\/uploads\/2025\/07\/VITTORIA-SET-800x800-1.png\" width=\"800\" height=\"800\" alt=\"\" title=\"\">\r\n                    <\/div>\r\n\r\n                \r\n                    \r\n                    <div class=\"masonry-item\">\r\n                        <img loading=\"lazy\" decoding=\"async\" class=\"w-full\" src=\"https:\/\/www.esosport.it\/wp-content\/uploads\/2025\/07\/VITTORIA-CROWNER-800x800-1.png\" width=\"800\" height=\"800\" alt=\"\" title=\"\">\r\n                    <\/div>\r\n\r\n                \r\n                    \r\n                    <div class=\"masonry-item\">\r\n                        <img loading=\"lazy\" decoding=\"async\" class=\"w-full\" src=\"https:\/\/www.esosport.it\/wp-content\/uploads\/2025\/07\/VITTORIA-VOLANTINI-800x800-1.png\" width=\"800\" height=\"800\" alt=\"\" title=\"\">\r\n                    <\/div>\r\n\r\n                \r\n                    \r\n                    <div class=\"masonry-item\">\r\n                        <img loading=\"lazy\" decoding=\"async\" class=\"w-full\" src=\"https:\/\/www.esosport.it\/wp-content\/uploads\/2025\/07\/VITTORIA-BOX-800x800-1.png\" width=\"800\" height=\"800\" alt=\"\" title=\"\">\r\n                    <\/div>\r\n\r\n                \r\n            <\/div>\r\n\r\n        <\/div>\r\n\r\n    \r\n<\/section>\r\n<\/div><\/div>\n\n\n\n<div style=\"height:159px\" aria-hidden=\"true\" class=\"wp-block-spacer\"><\/div>\n\n\n\n<p><\/p>\n","protected":false},"excerpt":{"rendered":"","protected":false},"author":8,"featured_media":0,"parent":0,"menu_order":0,"comment_status":"closed","ping_status":"closed","template":"","meta":{"_acf_changed":false,"footnotes":""},"class_list":["post-11927","page","type-page","status-publish","hentry"],"acf":[],"_links":{"self":[{"href":"https:\/\/www.esosport.it\/da\/wp-json\/wp\/v2\/pages\/11927","targetHints":{"allow":["GET"]}}],"collection":[{"href":"https:\/\/www.esosport.it\/da\/wp-json\/wp\/v2\/pages"}],"about":[{"href":"https:\/\/www.esosport.it\/da\/wp-json\/wp\/v2\/types\/page"}],"author":[{"embeddable":true,"href":"https:\/\/www.esosport.it\/da\/wp-json\/wp\/v2\/users\/8"}],"replies":[{"embeddable":true,"href":"https:\/\/www.esosport.it\/da\/wp-json\/wp\/v2\/comments?post=11927"}],"version-history":[{"count":6,"href":"https:\/\/www.esosport.it\/da\/wp-json\/wp\/v2\/pages\/11927\/revisions"}],"predecessor-version":[{"id":14792,"href":"https:\/\/www.esosport.it\/da\/wp-json\/wp\/v2\/pages\/11927\/revisions\/14792"}],"wp:attachment":[{"href":"https:\/\/www.esosport.it\/da\/wp-json\/wp\/v2\/media?parent=11927"}],"curies":[{"name":"wp","href":"https:\/\/api.w.org\/{rel}","templated":true}]}}