{"id":11929,"date":"2025-07-16T13:37:17","date_gmt":"2025-07-16T11:37:17","guid":{"rendered":"https:\/\/www.esosport.it\/prodotti-2\/"},"modified":"2026-04-23T13:54:57","modified_gmt":"2026-04-23T11:54:57","slug":"produkter","status":"publish","type":"page","link":"https:\/\/www.esosport.it\/da\/produkter\/","title":{"rendered":"Produkter"},"content":{"rendered":"\n<section id=\"block_bf7a0aa355448bf41248ba35a816a456\" class=\"acf-block acf-block-occhiello-titolo-testo\">\n    <div class=\"container py-8\">\n        <div class=\"flex flex-col gap-4 text-center\">\n            <hgroup class=\"flex flex-col gap-1\">\n                <h2 class=\"uppercase font-medium reveal\">Opdag ESOweb Shop<\/h2>\n                                    <h1 class=\"text-lg lg:text-xl reveal\">Den online butik specialiseret i b\u00e6redygtige l\u00f8sninger<\/h1>\n                            <\/hgroup>\n            <hr class=\"divider mx-auto reveal\" \/>\n            <div class=\"reveal\"><h3 style=\"text-align: left\">Produkter: Alt sportsudstyr, der indsamles af <i>esosport<\/i>, f\u00e5r et <strong>andet liv<\/strong>.<\/h3>\n<p>&nbsp;<\/p>\n<p style=\"text-align: left\">Takket v\u00e6re <b>ESO RECYCLING<\/b>&#8216;s genbrugsprocesser skabes <b>b\u00e6redygtige produkter<\/b> til sport, leg og hverdagen: bel\u00e6gninger, <strong>m\u00f8bler<\/strong>, <strong>designobjekter<\/strong>, <strong>gadgets<\/strong> og <strong>medaljer<\/strong>. Hvert produkt er resultatet af en omhyggelig proces, hvor affaldsmaterialer forvandles til nye ressourcer med h\u00f8j kvalitet og lang holdbarhed.<\/p>\n<p style=\"text-align: left\">Denne tilgang reducerer ikke kun m\u00e6ngden af affald, men bidrager ogs\u00e5 aktivt til at fremme en cirkul\u00e6r \u00f8konomi, hvor materialer genanvendes i stedet for at blive kasseret. Resultatet er innovative l\u00f8sninger, der forener milj\u00f8ansvar med moderne design og praktisk anvendelighed.<\/p>\n<p style=\"text-align: left\">Ved at genbruge sportsmaterialer skabes der produkter, som b\u00e5de har en funktionel og \u00e6stetisk v\u00e6rdi, samtidig med at de fort\u00e6ller en historie om b\u00e6redygtighed og ansvarligt forbrug.<\/p>\n<p style=\"text-align: left\">L\u00f8sninger, der kombinerer <b>funktionalitet, kreativitet<\/b> og <b>respekt for milj\u00f8et<\/b>, og som konkretiserer den cirkul\u00e6re \u00f8konomi.<\/p>\n<p style=\"text-align: left\">Se alle <b>produkterne<\/b> p\u00e5:<\/p>\n<p style=\"text-align: left\">Opdag hele vores sortiment og se, hvordan genbrugte materialer bliver forvandlet til nye, inspirerende og b\u00e6redygtige l\u00f8sninger, der kan bruges i b\u00e5de sport, byrum og dagligliv.<\/p>\n<\/div>\n        <\/div>\n    <\/div>\n<\/section>\n\n<div class=\"wp-block-image\">\n<figure class=\"aligncenter size-full is-resized\"><a href=\"https:\/\/shop.esoweb.it\/\" target=\"_blank\" rel=\"noopener\"><img loading=\"lazy\" decoding=\"async\" width=\"300\" height=\"274\" src=\"https:\/\/www.esosport.it\/wp-content\/uploads\/2025\/10\/thumbnail_ESOSHOP-logo.png\" alt=\"\" class=\"wp-image-9990\" style=\"object-fit:contain;width:275px;height:275px\" title=\"\"><\/a><\/figure><\/div>\n\n\n<div class=\"wp-block-columns is-layout-flex wp-container-core-columns-is-layout-9d6595d7 wp-block-columns-is-layout-flex\">\n<div class=\"wp-block-column is-layout-flow wp-block-column-is-layout-flow\" style=\"flex-basis:25%\">\n<section id=\"block_a4c292a87f55b4e97dbbcccdd584b560\" class=\"acf-block acf-block-schede-prodotti\">\n\n    <div class=\"container py-8\">\n        <div class=\"grid lg:grid-cols-3 gap-8\">\n\n            \n                    <article class=\"shadow-all-sides\">\n                                                    <img decoding=\"async\" class=\"w-full reveal\" src=\"https:\/\/www.esosport.it\/wp-content\/uploads\/2026\/02\/thumbnail_Medals-300x300-1eco-1.png\" alt=\"\" title=\"\">\n                                                <div class=\"p-4 flex flex-col gap-2\">\n                            <h3 class=\"font-bold reveal\">Medaljer og plaketter ReMedal\u00ae<\/h3>\n                            <p class=\"text-sm reveal\"><p>Fremstillet af <strong>genbrugsmaterialer<\/strong>, bel\u00f8nner de sportslige resultater, virksomhedsarrangementer og s\u00e6rlige anerkendelser.<\/p>\n<\/p>\n                                                            <a class=\"button reveal !p-4 hover:text-white\" href=\"https:\/\/shop.esoweb.it\/categoria-prodotto\/medaglie\/\" target=\"_blank\" rel=\"noopener\">\n                                    opdag ReMedal                                <\/a>\n                                                    <\/div>\n                    <\/article>\n\n                    <\/div>\n\n        \n    <\/div>\n\n<\/section>\n<\/div>\n\n\n\n<div class=\"wp-block-column is-layout-flow wp-block-column-is-layout-flow\" style=\"flex-basis:25%\">\n<section id=\"block_f24265a1d3c83b64c08181de923544b0\" class=\"acf-block acf-block-schede-prodotti\">\n\n    <div class=\"container py-8\">\n        <div class=\"grid lg:grid-cols-3 gap-8\">\n\n            \n                    <article class=\"shadow-all-sides\">\n                                                    <img decoding=\"async\" class=\"w-full reveal\" src=\"https:\/\/www.esosport.it\/wp-content\/uploads\/2026\/02\/metal-in-frame.jpg\" alt=\"\" title=\"\">\n                                                <div class=\"p-4 flex flex-col gap-2\">\n                            <h3 class=\"font-bold reveal\">medal in frame\u00ae<\/h3>\n                            <p class=\"text-sm reveal\"><p>pr\u00e6senterer dine medaljer p\u00e5 en stilfuld og beskyttende m\u00e5de, hvilket g\u00f8r dem til b\u00e5de et dekorativt element og et minde om dine pr\u00e6stationer.<\/p>\n<\/p>\n                                                            <a class=\"button reveal !p-4 hover:text-white\" href=\"https:\/\/shop.esoweb.it\/categoria-prodotto\/medal-in-frame\/\" target=\"_blank\" rel=\"noopener\">\n                                    opdag medal in frame                                <\/a>\n                                                    <\/div>\n                    <\/article>\n\n                    <\/div>\n\n        \n    <\/div>\n\n<\/section>\n<\/div>\n\n\n\n<div class=\"wp-block-column is-layout-flow wp-block-column-is-layout-flow\" style=\"flex-basis:25%\">\n<section id=\"block_60279fa83f5b7ccf84108efd7e4eb07b\" class=\"acf-block acf-block-schede-prodotti\">\n\n    <div class=\"container py-8\">\n        <div class=\"grid lg:grid-cols-3 gap-8\">\n\n            \n                    <article class=\"shadow-all-sides\">\n                                                    <img decoding=\"async\" class=\"w-full reveal\" src=\"https:\/\/www.esosport.it\/wp-content\/uploads\/2026\/02\/metal-book.jpg\" alt=\"\" title=\"\">\n                                                <div class=\"p-4 flex flex-col gap-2\">\n                            <h3 class=\"font-bold reveal\">medal book\u00ae<\/h3>\n                            <p class=\"text-sm reveal\"><p>Organiser og opbevar dine medaljer med stil og elegance.<br \/>\nEn l\u00f8sning i <strong>genbrugsmaterialer<\/strong>, der fremh\u00e6ver resultater, minder og identitet.<\/p>\n<\/p>\n                                                            <a class=\"button reveal !p-4 hover:text-white\" href=\"https:\/\/shop.esoweb.it\/categoria-prodotto\/medal-book\/\" target=\"_blank\" rel=\"noopener\">\n                                    opdag medal book                                <\/a>\n                                                    <\/div>\n                    <\/article>\n\n                    <\/div>\n\n        \n    <\/div>\n\n<\/section>\n<\/div>\n\n\n\n<div class=\"wp-block-column is-layout-flow wp-block-column-is-layout-flow\" style=\"flex-basis:25%\">\n<section id=\"block_f6bb8deb494c694c485e98d475537a51\" class=\"acf-block acf-block-schede-prodotti\">\n\n    <div class=\"container py-8\">\n        <div class=\"grid lg:grid-cols-3 gap-8\">\n\n            \n                    <article class=\"shadow-all-sides\">\n                                                    <img decoding=\"async\" class=\"w-full reveal\" src=\"https:\/\/www.esosport.it\/wp-content\/uploads\/2026\/02\/metal-medal.jpg\" alt=\"\" title=\"\">\n                                                <div class=\"p-4 flex flex-col gap-2\">\n                            <h3 class=\"font-bold reveal\">medal metal\u00ae<\/h3>\n                            <p class=\"text-sm reveal\"><p>Medaljestativer i <strong>genbrugsaluminium<\/strong> til events og omr\u00e5der dedikeret til medaljer. Unikke l\u00f8sninger, der udtrykker orden, stil og f\u00e6lles v\u00e6rdier.<\/p>\n<\/p>\n                                                            <a class=\"button reveal !p-4 hover:text-white\" href=\"https:\/\/shop.esoweb.it\/categoria-prodotto\/medal-metal\/\" target=\"_blank\" rel=\"noopener\">\n                                    opdag medal metal                                <\/a>\n                                                    <\/div>\n                    <\/article>\n\n                    <\/div>\n\n        \n    <\/div>\n\n<\/section>\n<\/div>\n<\/div>\n\n\n\n<section id=\"block_56b700717e4a230e1657cf3f0b6c636e\" class=\"acf-block acf-block-occhiello-titolo-testo\">\n    <div class=\"container py-8\">\n        <div class=\"flex flex-col gap-4 text-center\">\n            <hgroup class=\"flex flex-col gap-1\">\n                <h2 class=\"uppercase font-medium reveal\"><\/h2>\n                                    <h1 class=\"text-lg lg:text-xl reveal\">Kontakt os for mere information<\/h1>\n                            <\/hgroup>\n            <hr class=\"divider mx-auto reveal\" \/>\n            <div class=\"reveal\"><\/div>\n        <\/div>\n    <\/div>\n<\/section>\n\n\n<div class=\"wpcf7 no-js\" id=\"wpcf7-f14977-o1\" lang=\"it-IT\" dir=\"ltr\" data-wpcf7-id=\"14977\">\n<div class=\"screen-reader-response\"><p role=\"status\" aria-live=\"polite\" aria-atomic=\"true\"><\/p> <ul><\/ul><\/div>\n<form action=\"\/da\/wp-json\/wp\/v2\/pages\/11929#wpcf7-f14977-o1\" method=\"post\" class=\"wpcf7-form init\" aria-label=\"Contact form\" novalidate=\"novalidate\" data-status=\"init\">\n<div style=\"display: none;\">\n<input type=\"hidden\" name=\"_wpcf7\" value=\"14977\" \/>\n<input type=\"hidden\" name=\"_wpcf7_version\" value=\"6.0.6\" \/>\n<input type=\"hidden\" name=\"_wpcf7_locale\" value=\"it_IT\" \/>\n<input type=\"hidden\" name=\"_wpcf7_unit_tag\" value=\"wpcf7-f14977-o1\" \/>\n<input type=\"hidden\" name=\"_wpcf7_container_post\" value=\"0\" \/>\n<input type=\"hidden\" name=\"_wpcf7_posted_data_hash\" value=\"\" \/>\n<input type=\"hidden\" name=\"_wpcf7_recaptcha_response\" value=\"\" \/>\n<\/div>\n<p><label> Fornavn (p\u00e5kr\u00e6vet)<br \/>\n<span class=\"wpcf7-form-control-wrap\" data-name=\"your-name\"><input size=\"40\" maxlength=\"400\" class=\"wpcf7-form-control wpcf7-text wpcf7-validates-as-required\" aria-required=\"true\" aria-invalid=\"false\" value=\"\" type=\"text\" name=\"your-name\" \/><\/span><\/label>\n<\/p>\n<p><label> Efternavn (p\u00e5kr\u00e6vet)<br \/>\n<span class=\"wpcf7-form-control-wrap\" data-name=\"your-surname\"><input size=\"40\" maxlength=\"400\" class=\"wpcf7-form-control wpcf7-text wpcf7-validates-as-required\" aria-required=\"true\" aria-invalid=\"false\" value=\"\" type=\"text\" name=\"your-surname\" \/><\/span><\/label>\n<\/p>\n<p><label> Firma (p\u00e5kr\u00e6vet)<br \/>\n<span class=\"wpcf7-form-control-wrap\" data-name=\"your-company\"><input size=\"40\" maxlength=\"400\" class=\"wpcf7-form-control wpcf7-text wpcf7-validates-as-required\" aria-required=\"true\" aria-invalid=\"false\" value=\"\" type=\"text\" name=\"your-company\" \/><\/span><\/label>\n<\/p>\n<p><label> Din email (p\u00e5kr\u00e6vet)<br \/>\n<span class=\"wpcf7-form-control-wrap\" data-name=\"your-email\"><input size=\"40\" maxlength=\"400\" class=\"wpcf7-form-control wpcf7-email wpcf7-validates-as-required wpcf7-text wpcf7-validates-as-email\" aria-required=\"true\" aria-invalid=\"false\" value=\"\" type=\"email\" name=\"your-email\" \/><\/span><\/label>\n<\/p>\n<p><label> Telefon (p\u00e5kr\u00e6vet)<br \/>\n<span class=\"wpcf7-form-control-wrap\" data-name=\"your-phone\"><input size=\"40\" maxlength=\"400\" class=\"wpcf7-form-control wpcf7-text wpcf7-validates-as-required\" aria-required=\"true\" aria-invalid=\"false\" value=\"\" type=\"text\" name=\"your-phone\" \/><\/span><\/label>\n<\/p>\n<p><label> Mobil<br \/>\n<span class=\"wpcf7-form-control-wrap\" data-name=\"your-mobile\"><input size=\"40\" maxlength=\"400\" class=\"wpcf7-form-control wpcf7-text\" aria-invalid=\"false\" value=\"\" type=\"text\" name=\"your-mobile\" \/><\/span><\/label>\n<\/p>\n<p><label> Adresse<br \/>\n<span class=\"wpcf7-form-control-wrap\" data-name=\"your-address\"><input size=\"40\" maxlength=\"400\" class=\"wpcf7-form-control wpcf7-text\" aria-invalid=\"false\" value=\"\" type=\"text\" name=\"your-address\" \/><\/span><\/label>\n<\/p>\n<p><label> Postnummer<br \/>\n<span class=\"wpcf7-form-control-wrap\" data-name=\"your-cap\"><input size=\"40\" maxlength=\"400\" class=\"wpcf7-form-control wpcf7-text\" aria-invalid=\"false\" value=\"\" type=\"text\" name=\"your-cap\" \/><\/span><\/label>\n<\/p>\n<p><label> By<br \/>\n<span class=\"wpcf7-form-control-wrap\" data-name=\"your-citta\"><input size=\"40\" maxlength=\"400\" class=\"wpcf7-form-control wpcf7-text\" aria-invalid=\"false\" value=\"\" type=\"text\" name=\"your-citta\" \/><\/span><\/label>\n<\/p>\n<p><label> Kommune<br \/>\n<span class=\"wpcf7-form-control-wrap\" data-name=\"your-provincia\"><input size=\"40\" maxlength=\"400\" class=\"wpcf7-form-control wpcf7-text\" aria-invalid=\"false\" value=\"\" type=\"text\" name=\"your-provincia\" \/><\/span><\/label>\n<\/p>\n<p><label> V\u00e6lg anmodningstype (p\u00e5kr\u00e6vet)<br \/>\n<span class=\"wpcf7-form-control-wrap\" data-name=\"request-type\"><select class=\"wpcf7-form-control wpcf7-select wpcf7-validates-as-required\" aria-required=\"true\" aria-invalid=\"false\" name=\"request-type\"><option value=\"\">&#8212;Please choose an option&#8212;<\/option><option value=\"Anmodning om information\">Anmodning om information<\/option><option value=\"Anmodning om tilbud\">Anmodning om tilbud<\/option><\/select><\/span><\/label>\n<\/p>\n<p><label> Indtast detaljerne for din anmodning (p\u00e5kr\u00e6vet)<br \/>\n<span class=\"wpcf7-form-control-wrap\" data-name=\"request-details\"><textarea cols=\"40\" rows=\"10\" maxlength=\"2000\" class=\"wpcf7-form-control wpcf7-textarea wpcf7-validates-as-required\" aria-required=\"true\" aria-invalid=\"false\" name=\"request-details\"><\/textarea><\/span><\/label>\n<\/p>\n\n<!-- ? F\u00f8rste obligatoriske samtykke med ensartet stil -->\n<p class=\"privacy-text\"><br \/>\n<span class=\"wpcf7-form-control wpcf7-acceptance\"><br \/>\n<span class=\"wpcf7-list-item\"><br \/>\n<label><br \/>\n<input type=\"checkbox\" name=\"acceptance-731\" value=\"1\" required aria-invalid=\"false\" \/><br \/>\nJeg giver mit samtykke til indsamling og behandling af mine personoplysninger i henhold til artikel 13 og 14 i GDPR 2016\/679, udelukkende til internt brug, og til at sende kommunikation og informations- og\/eller reklammateriale af forskellige slags relateret til vores service.<br \/>\n<\/label><br \/>\n<\/span><br \/>\n<\/span>\n<\/p>\n<p><input class=\"wpcf7-form-control wpcf7-submit has-spinner\" type=\"submit\" value=\"Send\" \/>\n<\/p><div class=\"wpcf7-response-output\" aria-hidden=\"true\"><\/div>\n<\/form>\n<\/div>\n\n","protected":false},"excerpt":{"rendered":"","protected":false},"author":8,"featured_media":0,"parent":0,"menu_order":0,"comment_status":"closed","ping_status":"closed","template":"","meta":{"_acf_changed":false,"footnotes":""},"class_list":["post-11929","page","type-page","status-publish","hentry"],"acf":[],"_links":{"self":[{"href":"https:\/\/www.esosport.it\/da\/wp-json\/wp\/v2\/pages\/11929","targetHints":{"allow":["GET"]}}],"collection":[{"href":"https:\/\/www.esosport.it\/da\/wp-json\/wp\/v2\/pages"}],"about":[{"href":"https:\/\/www.esosport.it\/da\/wp-json\/wp\/v2\/types\/page"}],"author":[{"embeddable":true,"href":"https:\/\/www.esosport.it\/da\/wp-json\/wp\/v2\/users\/8"}],"replies":[{"embeddable":true,"href":"https:\/\/www.esosport.it\/da\/wp-json\/wp\/v2\/comments?post=11929"}],"version-history":[{"count":20,"href":"https:\/\/www.esosport.it\/da\/wp-json\/wp\/v2\/pages\/11929\/revisions"}],"predecessor-version":[{"id":15252,"href":"https:\/\/www.esosport.it\/da\/wp-json\/wp\/v2\/pages\/11929\/revisions\/15252"}],"wp:attachment":[{"href":"https:\/\/www.esosport.it\/da\/wp-json\/wp\/v2\/media?parent=11929"}],"curies":[{"name":"wp","href":"https:\/\/api.w.org\/{rel}","templated":true}]}}