{"id":11931,"date":"2025-07-10T13:05:00","date_gmt":"2025-07-10T11:05:00","guid":{"rendered":"https:\/\/www.esosport.it\/partner-sportivi-esosport\/"},"modified":"2026-04-14T11:53:06","modified_gmt":"2026-04-14T09:53:06","slug":"sportslige-partnere","status":"publish","type":"page","link":"https:\/\/www.esosport.it\/da\/sportslige-partnere\/","title":{"rendered":"Sportslige partnere"},"content":{"rendered":"\n<section id=\"block_9d7717be3a2f7c5d801b1cc0477c6c02\" class=\"acf-block acf-block-occhiello-titolo-testo\">\n    <div class=\"container py-8\">\n        <div class=\"flex flex-col gap-4 text-center\">\n            <hgroup class=\"flex flex-col gap-1\">\n                <h2 class=\"uppercase font-medium reveal\"><\/h2>\n                                    <h1 class=\"text-lg lg:text-xl reveal\">Sammen for sporten \u2013 sammen for planeten<\/h1>\n                            <\/hgroup>\n            <hr class=\"divider mx-auto reveal\" \/>\n            <div class=\"reveal\"><h2>Sportslige partnere<\/h2>\n<\/div>\n        <\/div>\n    <\/div>\n<\/section>\n\n\n<div class=\"wp-block-group\"><div class=\"wp-block-group__inner-container is-layout-constrained wp-block-group-is-layout-constrained\">\n<h3 class=\"wp-block-heading has-text-align-center\">Vores partnerskaber med sportsbrands for en cirkul\u00e6r \u00f8konomi, der s\u00e6tter spor<\/h3>\n\n\n\n<div style=\"height:26px\" aria-hidden=\"true\" class=\"wp-block-spacer\"><\/div>\n\n\n\n<p><\/p>\n\n\n\n<p>Vi har altid troet p\u00e5, at <strong>b\u00e6redygtighed ikke er et m\u00e5l, man n\u00e5r alene, men en rejse, der skal skabes sammen<\/strong>. Det er ud fra denne overbevisning, at vores partnerskaber med brands og virksomheder i sportens verden er opst\u00e5et: konkrete samarbejder baseret p\u00e5 f\u00e6lles v\u00e6rdier og p\u00e5 behovet for at <strong>omdanne affald til ressourcer<\/strong>.<\/p>\n\n\n\n<p>Med <strong>esosport\u00ae<\/strong> har vi siden 2009 tilbudt <strong>cirkul\u00e6re l\u00f8sninger til genanvendelse af udtjente sportsmaterialer<\/strong>: l\u00f8besko, cykeld\u00e6k og cykelslanger samt tennis- og padelbolde.<\/p>\n\n\n\n<p>Takket v\u00e6re samarbejdet med <strong>fremsynede brands<\/strong> f\u00e5r disse materialer en ny form og en ny funktion: de bliver til <strong>bel\u00e6gninger til legepladser, atletikbaner og overflader til sport og f\u00e6llesskabets trivsel<\/strong>.<\/p>\n\n\n\n<p>Hvert projekt udspringer af et specifikt behov og oms\u00e6ttes til <strong>m\u00e5lbare, sporbare og reproducerbare resultater<\/strong>. Hver partner er for os en strategisk allieret i arbejdet med at udbrede <strong>kulturen omkring cirkul\u00e6r \u00f8konomi<\/strong> \u2013 b\u00e5de inden for og uden for sportens verden.<\/p>\n\n\n\n<p><strong>Opdag de virksomheder i sportsbranchen, der st\u00f8tter indsamlingen af sportsaffald sammen med esosport.<\/strong><\/p>\n<\/div><\/div>\n\n\n\n<p><\/p>\n\n\n\n<section id=\"block_5a299f0250651348576352a2301e4d7f\" class=\"acf-block acf-block-pertner-sportivi\">\n\n    <div class=\"container py-8\">\n        <div class=\"grid lg:grid-cols-3 gap-8\">\n\n            \n                <article class=\"shadow-all-sides flex flex-col\">\n                                            <div class=\"h-full flex flex-col justify-center\">\n                            <img decoding=\"async\" class=\"w-full reveal\" src=\"https:\/\/www.esosport.it\/wp-content\/uploads\/2025\/07\/BRIKO-800x500-1.jpg\" alt=\"briko\" title=\"\">\n                        <\/div>\n                                        <div class=\"p-4 flex flex-col gap-2\">\n                                                                                                    <a class=\"button reveal !p-4 hover:text-white\" href=\"https:\/\/www.esosport.it\/da\/skrot-din-hjelm-fa-en-bonus-og-hjaelp-miljoet\/\" target=\"\">\n                                OPDAG BRIKO UPCYCLING                            <\/a>\n                                            <\/div>\n                <\/article>\n\n            \n                <article class=\"shadow-all-sides flex flex-col\">\n                                            <div class=\"h-full flex flex-col justify-center\">\n                            <img decoding=\"async\" class=\"w-full reveal\" src=\"https:\/\/www.esosport.it\/wp-content\/uploads\/2025\/09\/DECATHLON-800x800-1.png\" alt=\"\" title=\"\">\n                        <\/div>\n                                        <div class=\"p-4 flex flex-col gap-2\">\n                                                                                                    <a class=\"button reveal !p-4 hover:text-white\" href=\"https:\/\/www.esosport.it\/da\/decathlon\/\" target=\"\">\n                                OPDAG DECATHLON                            <\/a>\n                                            <\/div>\n                <\/article>\n\n            \n                <article class=\"shadow-all-sides flex flex-col\">\n                                            <div class=\"h-full flex flex-col justify-center\">\n                            <img decoding=\"async\" class=\"w-full reveal\" src=\"https:\/\/www.esosport.it\/wp-content\/uploads\/2025\/07\/MACRON-800x500-1.jpg\" alt=\"\" title=\"\">\n                        <\/div>\n                                        <div class=\"p-4 flex flex-col gap-2\">\n                                                                                                    <a class=\"button reveal !p-4 hover:text-white\" href=\"https:\/\/www.esosport.it\/da\/macron-2\/\" target=\"\">\n                                OPDAG MACRON                            <\/a>\n                                            <\/div>\n                <\/article>\n\n            \n                <article class=\"shadow-all-sides flex flex-col\">\n                                            <div class=\"h-full flex flex-col justify-center\">\n                            <img decoding=\"async\" class=\"w-full reveal\" src=\"https:\/\/www.esosport.it\/wp-content\/uploads\/2025\/07\/VITTORIA-RE-CYCLING800x500.png\" alt=\"\" title=\"\">\n                        <\/div>\n                                        <div class=\"p-4 flex flex-col gap-2\">\n                                                                                                    <a class=\"button reveal !p-4 hover:text-white\" href=\"https:\/\/www.esosport.it\/da\/vittoria-re-cycling-nar-cykelekspertise-moder-cirkulaer-okonomi\/\" target=\"\">\n                                OPDAG VITTORIA RE-CYCLING                            <\/a>\n                                            <\/div>\n                <\/article>\n\n            \n                <article class=\"shadow-all-sides flex flex-col\">\n                                            <div class=\"h-full flex flex-col justify-center\">\n                            <img decoding=\"async\" class=\"w-full reveal\" src=\"https:\/\/www.esosport.it\/wp-content\/uploads\/2025\/09\/logo-negative-simplified.png\" alt=\"one sails logo esosport partner\" title=\"\">\n                        <\/div>\n                                        <div class=\"p-4 flex flex-col gap-2\">\n                                                                                                    <a class=\"button reveal !p-4 hover:text-white\" href=\"https:\/\/www.esosport.it\/da\/esosport-deltager-i-den-65-internationale-baadudstilling-i-genova-og-praesenterer-et-nyt-samarbejde-med-onesails-international\/\" target=\"\">\n                                OPDAG ONE SAILS                            <\/a>\n                                            <\/div>\n                <\/article>\n\n            \n                <article class=\"shadow-all-sides flex flex-col\">\n                                            <div class=\"h-full flex flex-col justify-center\">\n                            <img decoding=\"async\" class=\"w-full reveal\" src=\"https:\/\/www.esosport.it\/wp-content\/uploads\/2025\/10\/joma-blu.png\" alt=\"joma logo esosport partner\" title=\"\">\n                        <\/div>\n                                        <div class=\"p-4 flex flex-col gap-2\">\n                                                                                                    <a class=\"button reveal !p-4 hover:text-white\" href=\"https:\/\/www.joma-sport.com\/\" target=\"\" rel=\"noopener\">\n                                OPDAG JOMA                            <\/a>\n                                            <\/div>\n                <\/article>\n\n            \n                <article class=\"shadow-all-sides flex flex-col\">\n                                            <div class=\"h-full flex flex-col justify-center\">\n                            <img decoding=\"async\" class=\"w-full reveal\" src=\"https:\/\/www.esosport.it\/wp-content\/uploads\/2025\/12\/sidi-logo-2025.png\" alt=\"LOGO SIDI SPORT esosport partner\" title=\"\">\n                        <\/div>\n                                        <div class=\"p-4 flex flex-col gap-2\">\n                                                                                                    <a class=\"button reveal !p-4 hover:text-white\" href=\"https:\/\/sidi.com\/\" target=\"\" rel=\"noopener\">\n                                OPDAG SIDI SPORT                            <\/a>\n                                            <\/div>\n                <\/article>\n\n            \n                <article class=\"shadow-all-sides flex flex-col\">\n                                            <div class=\"h-full flex flex-col justify-center\">\n                            <img decoding=\"async\" class=\"w-full reveal\" src=\"https:\/\/www.esosport.it\/wp-content\/uploads\/2026\/03\/logo-arena.jpg\" alt=\"logo arena partner esosport\" title=\"\">\n                        <\/div>\n                                        <div class=\"p-4 flex flex-col gap-2\">\n                                                                                                    <a class=\"button reveal !p-4 hover:text-white\" href=\"https:\/\/www.arenasport.com\/en_row\/\" target=\"\" rel=\"noopener\">\n                                Opdag ARENA                            <\/a>\n                                            <\/div>\n                <\/article>\n\n                    <\/div>\n\n        \n    <\/div>\n\n<\/section>\n","protected":false},"excerpt":{"rendered":"<p>Vores partnerskaber med sportsbrands for en cirkul\u00e6r \u00f8konomi, &hellip;<\/p>\n","protected":false},"author":8,"featured_media":0,"parent":0,"menu_order":0,"comment_status":"closed","ping_status":"closed","template":"","meta":{"_acf_changed":false,"footnotes":""},"class_list":["post-11931","page","type-page","status-publish","hentry"],"acf":[],"_links":{"self":[{"href":"https:\/\/www.esosport.it\/da\/wp-json\/wp\/v2\/pages\/11931","targetHints":{"allow":["GET"]}}],"collection":[{"href":"https:\/\/www.esosport.it\/da\/wp-json\/wp\/v2\/pages"}],"about":[{"href":"https:\/\/www.esosport.it\/da\/wp-json\/wp\/v2\/types\/page"}],"author":[{"embeddable":true,"href":"https:\/\/www.esosport.it\/da\/wp-json\/wp\/v2\/users\/8"}],"replies":[{"embeddable":true,"href":"https:\/\/www.esosport.it\/da\/wp-json\/wp\/v2\/comments?post=11931"}],"version-history":[{"count":16,"href":"https:\/\/www.esosport.it\/da\/wp-json\/wp\/v2\/pages\/11931\/revisions"}],"predecessor-version":[{"id":15098,"href":"https:\/\/www.esosport.it\/da\/wp-json\/wp\/v2\/pages\/11931\/revisions\/15098"}],"wp:attachment":[{"href":"https:\/\/www.esosport.it\/da\/wp-json\/wp\/v2\/media?parent=11931"}],"curies":[{"name":"wp","href":"https:\/\/api.w.org\/{rel}","templated":true}]}}