{"id":11933,"date":"2024-12-16T14:54:00","date_gmt":"2024-12-16T13:54:00","guid":{"rendered":"https:\/\/www.esosport.it\/pista-di-filippide-sport-e-inclusione-per-tutti\/"},"modified":"2026-04-22T13:01:00","modified_gmt":"2026-04-22T11:01:00","slug":"filippides-bane","status":"publish","type":"page","link":"https:\/\/www.esosport.it\/da\/filippides-bane\/","title":{"rendered":"Filippides bane"},"content":{"rendered":"\n<section id=\"block_29250bd05ddce7a209a133eda6687e29\" class=\"acf-block acf-block-occhiello-titolo-testo\">\n    <div class=\"container py-8\">\n        <div class=\"flex flex-col gap-4 text-center\">\n            <hgroup class=\"flex flex-col gap-1\">\n                <h2 class=\"uppercase font-medium reveal\"><\/h2>\n                                    <h1 class=\"text-lg lg:text-xl reveal\">FILIPPIDE-banen, et esosport-projekt<\/h1>\n                            <\/hgroup>\n            <hr class=\"divider mx-auto reveal\" \/>\n            <div class=\"reveal\"><\/div>\n        <\/div>\n    <\/div>\n<\/section>\n\n\n<section id=\"block_816c0466dc27a3f9f911a2ab60dcebd8\" class=\"acf-block acf-block-occhiello-titolo-testo\">\n    <div class=\"container py-8\">\n        <div class=\"flex flex-col gap-4 text-center\">\n            <hgroup class=\"flex flex-col gap-1\">\n                <h2 class=\"uppercase font-medium reveal\"><\/h2>\n                                    <figure class=\"wp-block-image aligncenter mx-auto\">\n                        <img decoding=\"async\" src=\"https:\/\/www.esosport.it\/wp-content\/uploads\/2025\/01\/la-pista-di-filippide-2-e1757695422134.jpg\" alt=\"\" title=\"\">\n                    <\/figure>\n                            <\/hgroup>\n            <hr class=\"divider mx-auto reveal\" \/>\n            <div class=\"reveal\"><\/div>\n        <\/div>\n    <\/div>\n<\/section>\n\n<div class=\"wp-block-image\">\n<figure class=\"aligncenter size-full is-resized\"><img loading=\"lazy\" decoding=\"async\" width=\"1081\" height=\"253\" src=\"https:\/\/www.esosport.it\/wp-content\/uploads\/2026\/04\/Filippides-banen.png\" alt=\"Filippides bane\" class=\"wp-image-15153\" style=\"width:453px;height:auto\" title=\"\" srcset=\"https:\/\/www.esosport.it\/wp-content\/uploads\/2026\/04\/Filippides-banen.png 1081w, https:\/\/www.esosport.it\/wp-content\/uploads\/2026\/04\/Filippides-banen-300x70.png 300w, https:\/\/www.esosport.it\/wp-content\/uploads\/2026\/04\/Filippides-banen-1024x240.png 1024w, https:\/\/www.esosport.it\/wp-content\/uploads\/2026\/04\/Filippides-banen-768x180.png 768w\" sizes=\"auto, (max-width: 1081px) 100vw, 1081px\" \/><\/figure><\/div>\n\n\n<div class=\"wp-block-group\"><div class=\"wp-block-group__inner-container is-layout-constrained wp-block-group-is-layout-constrained\">\n<section id=\"block_8be3db928d640388de60500450095956\" class=\"acf-block acf-block-occhiello-titolo-testo\">\n    <div class=\"container py-8\">\n        <div class=\"flex flex-col gap-4 text-center\">\n            <hgroup class=\"flex flex-col gap-1\">\n                <h2 class=\"uppercase font-medium reveal\"><\/h2>\n                                    <h1 class=\"text-lg lg:text-xl reveal\"><\/h1>\n                            <\/hgroup>\n            <hr class=\"divider mx-auto reveal\" \/>\n            <div class=\"reveal\"><h3 style=\"text-align: justify\">La Filippides bane: Inspirerende og b\u00e6redygtig \u2013 &#8220;<strong>Filippide-banen<\/strong>&#8221; repr\u00e6senterer <strong>mere end bare en l\u00f8bebane<\/strong>. Opkaldt efter Filippide, den legendariske gr\u00e6ske l\u00f8ber, der bragte budskabet fra Marathon til Athen, symboliserer dette projekt <strong>den utr\u00e6ttelige menneskelige \u00e5nd<\/strong> og passionen for sport. Samtidig fungerer banen som et moderne eksempel p\u00e5, hvordan sport, historie og b\u00e6redygtighed kan smelte sammen i \u00e9n samlet vision, der inspirerer b\u00e5de atleter og lokalsamfund.<\/h3>\n<p>&nbsp;<\/p>\n<p style=\"text-align: justify\">Vores bane er lavet af <strong>genbrugt gummi<\/strong> af h\u00f8j kvalitet, fremstillet af <strong>gamle l\u00f8besko<\/strong>. Gennem genbrug af materialer sender vi et tydeligt budskab om milj\u00f8beskyttelse og <strong>bidrager til at reducere affald<\/strong> p\u00e5 en konkret og m\u00e5lbar m\u00e5de. Denne tilgang underst\u00f8tter en cirkul\u00e6r \u00f8konomi, hvor ressourcer bevares i kredsl\u00f8b i stedet for at ende som affald.<\/p>\n<p style=\"text-align: justify\">Brugen af genbrugt gummi giver ikke kun en <strong>\u00f8kologisk l\u00f8sning<\/strong>, men sikrer ogs\u00e5 en <strong>optimal l\u00f8beoverflade<\/strong>, der kombinerer <strong>greb og st\u00f8dabsorbering<\/strong>. Dette forbedrer b\u00e5de komfort og sikkerhed for l\u00f8bere p\u00e5 alle niveauer, fra begyndere til professionelle atleter, og g\u00f8r banen velegnet til b\u00e5de tr\u00e6ning og konkurrence.<\/p>\n<p style=\"text-align: justify\">&#8220;Filippide-banen&#8221; er derfor ikke kun et sted for sportsaktiviteter, men ogs\u00e5 et <strong>b\u00e6redygtigt projekt<\/strong>, der forener milj\u00f8bevidsthed og social ansvarlighed. Projektet viser, hvordan innovative materialer og ansvarligt design kan skabe infrastrukturer, der b\u00e5de gavner mennesker og milj\u00f8et p\u00e5 lang sigt.<\/p>\n<p style=\"text-align: justify\">Derudover fungerer banen som et p\u00e6dagogisk og inspirerende eksempel for kommende generationer, hvor v\u00e6rdien af genbrug og b\u00e6redygtighed bliver en naturlig del af sportsoplevelsen. Ved at integrere milj\u00f8hensyn i sportens verden skabes der en st\u00e6rkere forbindelse mellem fysisk aktivitet og respekt for planeten.<\/p>\n<p style=\"text-align: justify\">Vi ser frem til at byde atleter i alle aldre velkommen p\u00e5 denne s\u00e6rlige bane, som forener tradition og innovation. <strong>Filippide-banen<\/strong> er ikke kun et sted at l\u00f8be \u2013 det er et symbol p\u00e5 fremtidens sport, hvor pr\u00e6station og b\u00e6redygtighed g\u00e5r h\u00e5nd i h\u00e5nd.<\/p>\n<\/div>\n        <\/div>\n    <\/div>\n<\/section>\n\n<div class=\"wp-block-image is-style-default\">\n<figure class=\"aligncenter size-full\"><img loading=\"lazy\" decoding=\"async\" width=\"929\" height=\"581\" src=\"https:\/\/www.esosport.it\/wp-content\/uploads\/2025\/06\/FILIPPIDE.jpg\" alt=\"\" class=\"wp-image-7820\" title=\"\"><\/figure><\/div><\/div><\/div>\n\n\n\n<section id=\"block_2f3439c1f9e8366ab84f50233f96e001\" class=\"acf-block acf-block-occhiello-titolo-testo\">\n    <div class=\"container py-8\">\n        <div class=\"flex flex-col gap-4 text-center\">\n            <hgroup class=\"flex flex-col gap-1\">\n                <h2 class=\"uppercase font-medium reveal\">Anmod om oplysninger<\/h2>\n                                    <h1 class=\"text-lg lg:text-xl reveal\">Vil du etablere \u2018Filippides L\u00f8besti\u2019 i din by?<\/h1>\n                            <\/hgroup>\n            <hr class=\"divider mx-auto reveal\" \/>\n            <div class=\"reveal\"><\/div>\n        <\/div>\n    <\/div>\n<\/section>\n\n\n<div class=\"wpcf7 no-js\" id=\"wpcf7-f14053-o1\" lang=\"it-IT\" dir=\"ltr\" data-wpcf7-id=\"14053\">\n<div class=\"screen-reader-response\"><p role=\"status\" aria-live=\"polite\" aria-atomic=\"true\"><\/p> <ul><\/ul><\/div>\n<form action=\"\/da\/wp-json\/wp\/v2\/pages\/11933#wpcf7-f14053-o1\" method=\"post\" class=\"wpcf7-form init\" aria-label=\"Contact form\" novalidate=\"novalidate\" data-status=\"init\">\n<div style=\"display: none;\">\n<input type=\"hidden\" name=\"_wpcf7\" value=\"14053\" \/>\n<input type=\"hidden\" name=\"_wpcf7_version\" value=\"6.0.6\" \/>\n<input type=\"hidden\" name=\"_wpcf7_locale\" value=\"it_IT\" \/>\n<input type=\"hidden\" name=\"_wpcf7_unit_tag\" value=\"wpcf7-f14053-o1\" \/>\n<input type=\"hidden\" name=\"_wpcf7_container_post\" value=\"0\" \/>\n<input type=\"hidden\" name=\"_wpcf7_posted_data_hash\" value=\"\" \/>\n<input type=\"hidden\" name=\"_wpcf7_recaptcha_response\" value=\"\" \/>\n<\/div>\n<p><label> Fornavn (p\u00e5kr\u00e6vet)<br \/>\n<span class=\"wpcf7-form-control-wrap\" data-name=\"your-name\"><input size=\"40\" maxlength=\"400\" class=\"wpcf7-form-control wpcf7-text wpcf7-validates-as-required\" aria-required=\"true\" aria-invalid=\"false\" value=\"\" type=\"text\" name=\"your-name\" \/><\/span><br \/>\n<\/label>\n<\/p>\n<p><label> Efternavn (p\u00e5kr\u00e6vet)<br \/>\n<span class=\"wpcf7-form-control-wrap\" data-name=\"your-surname\"><input size=\"40\" maxlength=\"400\" class=\"wpcf7-form-control wpcf7-text wpcf7-validates-as-required\" aria-required=\"true\" aria-invalid=\"false\" value=\"\" type=\"text\" name=\"your-surname\" \/><\/span><br \/>\n<\/label>\n<\/p>\n<p><label> Virksomhed (p\u00e5kr\u00e6vet)<br \/>\n<span class=\"wpcf7-form-control-wrap\" data-name=\"your-company\"><input size=\"40\" maxlength=\"400\" class=\"wpcf7-form-control wpcf7-text wpcf7-validates-as-required\" aria-required=\"true\" aria-invalid=\"false\" value=\"\" type=\"text\" name=\"your-company\" \/><\/span><br \/>\n<\/label>\n<\/p>\n<p><label> Din e-mail (p\u00e5kr\u00e6vet)<br \/>\n<span class=\"wpcf7-form-control-wrap\" data-name=\"your-email\"><input size=\"40\" maxlength=\"400\" class=\"wpcf7-form-control wpcf7-email wpcf7-validates-as-required wpcf7-text wpcf7-validates-as-email\" aria-required=\"true\" aria-invalid=\"false\" value=\"\" type=\"email\" name=\"your-email\" \/><\/span><br \/>\n<\/label>\n<\/p>\n<p><label> Telefon (p\u00e5kr\u00e6vet)<br \/>\n<span class=\"wpcf7-form-control-wrap\" data-name=\"your-phone\"><input size=\"40\" maxlength=\"400\" class=\"wpcf7-form-control wpcf7-text wpcf7-validates-as-required\" aria-required=\"true\" aria-invalid=\"false\" value=\"\" type=\"text\" name=\"your-phone\" \/><\/span><br \/>\n<\/label>\n<\/p>\n<p><label> Mobil<br \/>\n<span class=\"wpcf7-form-control-wrap\" data-name=\"your-mobile\"><input size=\"40\" maxlength=\"400\" class=\"wpcf7-form-control wpcf7-text\" aria-invalid=\"false\" value=\"\" type=\"text\" name=\"your-mobile\" \/><\/span><br \/>\n<\/label>\n<\/p>\n<p><label> Adresse<br \/>\n<span class=\"wpcf7-form-control-wrap\" data-name=\"your-adress\"><input size=\"40\" maxlength=\"400\" class=\"wpcf7-form-control wpcf7-text\" aria-invalid=\"false\" value=\"\" type=\"text\" name=\"your-adress\" \/><\/span><br \/>\n<\/label>\n<\/p>\n<p><label> Postnummer<br \/>\n<span class=\"wpcf7-form-control-wrap\" data-name=\"your-cap\"><input size=\"40\" maxlength=\"400\" class=\"wpcf7-form-control wpcf7-text\" aria-invalid=\"false\" value=\"\" type=\"text\" name=\"your-cap\" \/><\/span><br \/>\n<\/label>\n<\/p>\n<p><label> By<br \/>\n<span class=\"wpcf7-form-control-wrap\" data-name=\"your-citta\"><input size=\"40\" maxlength=\"400\" class=\"wpcf7-form-control wpcf7-text\" aria-invalid=\"false\" value=\"\" type=\"text\" name=\"your-citta\" \/><\/span><br \/>\n<\/label>\n<\/p>\n<p><label> Region \/ Provins<br \/>\n<span class=\"wpcf7-form-control-wrap\" data-name=\"your-provincia\"><input size=\"40\" maxlength=\"400\" class=\"wpcf7-form-control wpcf7-text\" aria-invalid=\"false\" value=\"\" type=\"text\" name=\"your-provincia\" \/><\/span><br \/>\n<\/label>\n<\/p>\n<p><label> V\u00e6lg typen af foresp\u00f8rgsel (p\u00e5kr\u00e6vet)<br \/>\n<span class=\"wpcf7-form-control-wrap\" data-name=\"menu-821\"><select class=\"wpcf7-form-control wpcf7-select wpcf7-validates-as-required\" aria-required=\"true\" aria-invalid=\"false\" name=\"menu-821\"><option value=\"Anmodning om information\">Anmodning om information<\/option><option value=\"Anmodning om tilbud\">Anmodning om tilbud<\/option><\/select><\/span><br \/>\n<\/label>\n<\/p>\n<p><label> Inds\u00e6t detaljerne for din foresp\u00f8rgsel (p\u00e5kr\u00e6vet)<br \/>\n<span class=\"wpcf7-form-control-wrap\" data-name=\"request-details\"><textarea cols=\"40\" rows=\"10\" maxlength=\"2000\" class=\"wpcf7-form-control wpcf7-textarea wpcf7-validates-as-required\" aria-required=\"true\" aria-invalid=\"false\" name=\"request-details\"><\/textarea><\/span><br \/>\n<\/label>\n<\/p>\n<p><span class=\"wpcf7-form-control wpcf7-acceptance\"><span class=\"wpcf7-list-item\"><label><span class=\"wpcf7-form-control-wrap\" data-name=\"acceptance-731\"><span class=\"wpcf7-form-control wpcf7-acceptance\"><span class=\"wpcf7-list-item\"><input type=\"checkbox\" name=\"acceptance-731\" value=\"1\" aria-invalid=\"false\" \/><\/span><\/span><\/span> Jeg giver mit samtykke til indsamling og behandling af mine personoplysninger i henhold til art. 13 og art. 14 i GDPR 2016\/679, udelukkende til intern brug samt til at modtage kommunikation og informations- og\/eller reklamemateriale vedr\u00f8rende vores tjenester.<\/label><\/span><\/span>\n<\/p>\n<p><label><br \/>\n<input class=\"wpcf7-form-control wpcf7-submit has-spinner\" type=\"submit\" value=\"Send\" \/><br \/>\n<\/label>\n<\/p><div class=\"wpcf7-response-output\" aria-hidden=\"true\"><\/div>\n<\/form>\n<\/div>\n\n\n\n\n    <section id=\"block_6f8a359cc31d82a50b73853090d4a8c4\" class=\"acf-block acf-block-lista-posts\">\n\n        <div class=\"container py-8\">\n            <div class=\"grid lg:grid-cols-3 gap-8 lg:gap-16\">\n\n                \n            <\/div>\n        <\/div>\n\n        \r\n<!-- pagination -->\r\n\r\n<div class=\"pagination\">\r\n    <\/div>\r\n\r\n<!-- \/pagination -->\r\n\n    <\/section>\n\n","protected":false},"excerpt":{"rendered":"","protected":false},"author":1,"featured_media":0,"parent":0,"menu_order":0,"comment_status":"closed","ping_status":"closed","template":"","meta":{"_acf_changed":false,"footnotes":""},"class_list":["post-11933","page","type-page","status-publish","hentry"],"acf":[],"_links":{"self":[{"href":"https:\/\/www.esosport.it\/da\/wp-json\/wp\/v2\/pages\/11933","targetHints":{"allow":["GET"]}}],"collection":[{"href":"https:\/\/www.esosport.it\/da\/wp-json\/wp\/v2\/pages"}],"about":[{"href":"https:\/\/www.esosport.it\/da\/wp-json\/wp\/v2\/types\/page"}],"author":[{"embeddable":true,"href":"https:\/\/www.esosport.it\/da\/wp-json\/wp\/v2\/users\/1"}],"replies":[{"embeddable":true,"href":"https:\/\/www.esosport.it\/da\/wp-json\/wp\/v2\/comments?post=11933"}],"version-history":[{"count":15,"href":"https:\/\/www.esosport.it\/da\/wp-json\/wp\/v2\/pages\/11933\/revisions"}],"predecessor-version":[{"id":15159,"href":"https:\/\/www.esosport.it\/da\/wp-json\/wp\/v2\/pages\/11933\/revisions\/15159"}],"wp:attachment":[{"href":"https:\/\/www.esosport.it\/da\/wp-json\/wp\/v2\/media?parent=11933"}],"curies":[{"name":"wp","href":"https:\/\/api.w.org\/{rel}","templated":true}]}}