{"id":11935,"date":"2024-10-21T10:01:50","date_gmt":"2024-10-21T08:01:50","guid":{"rendered":"https:\/\/www.esosport.it\/comuni\/"},"modified":"2026-04-02T08:17:55","modified_gmt":"2026-04-02T06:17:55","slug":"deltagende-kommuner","status":"publish","type":"page","link":"https:\/\/www.esosport.it\/da\/deltagende-kommuner\/","title":{"rendered":"Deltagende kommuner"},"content":{"rendered":"\n<section id=\"block_b10e05d31804d388b46fbf4d7a96baa5\" class=\"acf-block acf-block-occhiello-titolo-testo\">\n    <div class=\"container py-8\">\n        <div class=\"flex flex-col gap-4 text-center\">\n            <hgroup class=\"flex flex-col gap-1\">\n                <h2 class=\"uppercase font-medium reveal\">Bidrag til lokal b\u00e6redygtighed<\/h2>\n                                    <h1 class=\"text-lg lg:text-xl reveal\">esosport indsamlingssteder i deltagende kommuner<\/h1>\n                            <\/hgroup>\n            <hr class=\"divider mx-auto reveal\" \/>\n            <div class=\"reveal\"><h2 style=\"text-align: left;margin-bottom: 20px\">esosport indsamlingssteder i Italien | Kildesortering og sportsgenbrug<\/h2>\n<p style=\"text-align: left;margin-bottom: 18px\">Leder du efter et <strong>indsamlingssted til kildesortering i din kommune<\/strong>? Med <strong>esosport<\/strong> f\u00e5r du adgang til et struktureret og stadigt voksende netv\u00e6rk af <strong>indsamlingssteder i Italien<\/strong>, placeret hos kommuner, sportscentre og specialbutikker. Tjenesten er designet til at give borgerne en <strong>praktisk, tilg\u00e6ngelig og effektiv<\/strong> l\u00f8sning til korrekt bortskaffelse og genbrug af sportsudstyr.<\/p>\n<p style=\"text-align: left;margin-bottom: 18px\">Hver kommune, der deltager i <strong>ESO Recycling<\/strong>, bidrager aktivt til <strong>milj\u00f8m\u00e6ssig b\u00e6redygtighed<\/strong> ved at fremme <strong>kildesortering<\/strong> og ansvarlig affaldsh\u00e5ndtering. Gennem disse indsamlingssteder kan man aflevere <strong>brugte sportssko, tennisbolde og andet udtjent sportsudstyr<\/strong>, hvilket reducerer milj\u00f8p\u00e5virkningen og fremmer ressourcegenvinding.<\/p>\n<p style=\"text-align: left;margin-bottom: 18px\">Takket v\u00e6re dette netv\u00e6rk kan hver borger g\u00f8re en daglig handling til en konkret indsats for milj\u00f8et og bidrage til udbredelsen af en model for <strong>cirkul\u00e6r \u00f8konomi inden for sport<\/strong>.<\/p>\n<p> &nbsp; <\/p>\n<h3 style=\"text-align: left;margin-bottom: 15px\">Find det n\u00e6rmeste esosport indsamlingssted<\/h3>\n<p style=\"text-align: left;margin-bottom: 18px\">P\u00e5 vores hjemmeside kan du <strong>opdage aktive esosport indsamlingssteder<\/strong> i deltagende kommuner og hurtigt finde det, der ligger t\u00e6ttest p\u00e5 dig. Ved at bruge filtre efter region eller provins kan du med f\u00e5 klik finde det mest bekvemme afleveringssted og straks begynde at bidrage til genbrug af sportsudstyr.<\/p>\n<p style=\"text-align: left;margin-bottom: 18px\">Med <strong>esosport<\/strong> bliver hver borger en aktiv deltager i <strong>kildesorteringen<\/strong>, medvirkende til at forbedre lokal milj\u00f8kvalitet og reducere spild. Deltagelse betyder at indg\u00e5 i et virtuelt system, der st\u00f8tter overgangen til <strong>mere b\u00e6redygtige, effektive og ansvarlige byer<\/strong>.<\/p>\n<p> &nbsp; <\/p>\n<h3 style=\"text-align: left;margin-bottom: 15px\">Hvorfor deltage i esosport: fordele for kommuner<\/h3>\n<div class=\"lista-punti-esosport\" style=\"text-align: left;margin-bottom: 20px\">\n<ul>\n<li style=\"margin-bottom: 10px\"><strong>\u00d8get kildesortering<\/strong> gennem simple og tilg\u00e6ngelige l\u00f8sninger<\/li>\n<li style=\"margin-bottom: 10px\"><strong>Effektive indsamlingsservices<\/strong> takket v\u00e6re samarbejde med lokale myndigheder<\/li>\n<li style=\"margin-bottom: 10px\"><strong>Innovative genbrugsprojekter<\/strong> med m\u00e5lbar og positiv milj\u00f8p\u00e5virkning<\/li>\n<li style=\"margin-bottom: 10px\"><strong>Aktiv borgerinddragelse<\/strong> i b\u00e6redygtighed og cirkul\u00e6r \u00f8konomi<\/li>\n<li><strong>V\u00e6rdi for lokalomr\u00e5det<\/strong> gennem konkrete milj\u00f8initiativer<\/li>\n<\/ul><\/div>\n<p> &nbsp; <\/p>\n<h3 style=\"text-align: left;margin-bottom: 15px\">Kort over esosport indsamlingssteder<\/h3>\n<p style=\"text-align: left;margin-bottom: 18px\">Udforsk vores <strong>kort over esosport indsamlingssteder i Italien<\/strong>, find det n\u00e6rmeste og bidrag aktivt til genbrug af sportsudstyr. Hver aflevering hj\u00e6lper med at reducere affald og omdanne det til nye ressourcer, s\u00e5som sportsflader og b\u00e6redygtige bel\u00e6gninger.<\/p>\n<p style=\"text-align: left\">Er din kommune endnu ikke tilsluttet? <strong>Kontakt os<\/strong> for at finde ud af, hvordan I kan blive en del af <strong>esosport<\/strong> projektet og bringe en innovativ service for <strong>indsamling og sportsgenbrug<\/strong> til jeres omr\u00e5de.<\/p>\n<\/div>\n        <\/div>\n    <\/div>\n<\/section>\n\n<section id=\"block_30d9e99ef76060d8821337c7158f1cb4\" class=\"acf-block acf-block-punti-di-raccolta-scuole\">\n\n    <script>\n        var data = [{\"codice\":\"17165\",\"ragione_sociale\":\"Herning Kommune\",\"regione\":\"midtjylland\",\"provincia\":\"\",\"codProvincia\":\"\",\"nazione\":\"DK\",\"via\":\"Torvet\",\"indirizzo\":\"Torvet, 5, 7400 , Herning\",\"civico\":\"5\",\"cap\":\"7400 \",\"comune\":\"Herning\",\"telefono\":\"\",\"fax\":\"\",\"email\":\"\",\"location\":[\"\",\"\"],\"sitoweb\":\"\",\"SchedaNegozioEsosportBike\":\"\",\"referente\":\" \",\"nome_referente\":\"\",\"cognome_referente\":\"\",\"categoria\":\"\",\"peso\":\"\",\"scuole\":[{\"codice\":\"17165\",\"ragione_sociale\":\"Herning Kommune\",\"regione\":\"midtjylland\",\"provincia\":\"herning\",\"codProvincia\":\"Herning\",\"nazione\":\"DK\",\"via\":\"TORVET\",\"indirizzo\":\"Torvet, 5, 7400 , Herning\",\"civico\":\"5\",\"cap\":\"7400 \",\"comune\":\"Herning\",\"telefono\":\"+45 96 28 85 17\",\"fax\":\"\",\"email\":\"herning@herning.dk\",\"location\":[\"56.136639\",\"8.9748878\"],\"sitoweb\":\"\",\"SchedaNegozioEsosportBike\":\"\",\"referente\":\" \",\"nome_referente\":\"\",\"cognome_referente\":\"\",\"categoria\":\"2\",\"peso\":\"0\"}],\"peso_totale\":0,\"medaglia\":\"https:\\\/\\\/www.esosport.it\\\/wp-content\\\/themes\\\/watuppa-theme\\\/blocks\\\/punti-di-raccolta\\\/assets\\\/icons\\\/oro_50x50.png\"}];\n        var customPin = 'https:\/\/www.esosport.it\/wp-content\/themes\/watuppa-theme\/blocks\/punti-di-raccolta\/assets\/icons\/pin.png';\n        var buttonPin = 'https:\/\/www.esosport.it\/wp-content\/themes\/watuppa-theme\/blocks\/punti-di-raccolta\/assets\/icons\/button-pin.svg';\n        var buttonPinSVG = `<?xml version=\"1.0\" encoding=\"UTF-8\"?>\n<svg id=\"Livello_2\" data-name=\"Livello 2\" xmlns=\"http:\/\/www.w3.org\/2000\/svg\" viewBox=\"0 0 405.88 405.88\">\n  <defs>\n    <style>\n      svg {\n        position: relative;\n        display: inline-block;\n      }\n\n      .cls-1 {\n        fill: #363636;\n        transition: opacity 0.3s cubic-bezier(.4, 0, .2, 1), \n                    transform 0.3s cubic-bezier(.4, 0, .2, 1);\n        opacity: 1;\n      }\n\n      .cls-2 {\n        fill: #fff;\n        position: relative;\n        z-index: 1;\n      }\n\n      .cls-3 {\n        fill: #df7f0a;\n      }\n\n      svg:hover .cls-1 {\n        opacity: 0;\n        transform: translate(50px, -50px);\n      }\n\n    <\/style>\n  <\/defs>\n  <g id=\"Livello_1-2\" data-name=\"Livello 1\">\n    <polygon class=\"cls-1\" points=\"42.72 363.16 42.72 42.72 0 42.72 0 405.88 363.16 405.88 363.16 363.16 42.72 363.16\"\/>    \n    <path id=\"Tracciato_101\" data-name=\"Tracciato 101\" class=\"cls-2\" d=\"M42.72,0h363.16v363.16H42.72V0Z\"\/>\n    <path id=\"Icon_awesome-map-marker-alt\" data-name=\"Icon awesome-map-marker-alt\" class=\"cls-3\" d=\"M214.42,304.58c-72.75-105.47-86.25-116.29-86.25-155.05,0-53.09,43.04-96.13,96.13-96.13s96.13,43.04,96.13,96.13c0,38.76-13.5,49.58-86.25,155.05-3.78,5.46-11.26,6.82-16.72,3.04-1.19-.82-2.22-1.85-3.04-3.04ZM224.3,189.59c22.12,0,40.05-17.93,40.05-40.05s-17.93-40.05-40.05-40.05-40.05,17.93-40.05,40.05,17.93,40.05,40.05,40.05Z\"\/>\n  <\/g>\n<\/svg>\n`;\n        var buttonPinPlusSVG = `<svg id=\"button-pin-plus\" class=\"\" data-name=\"Livello 2\" xmlns=\"http:\/\/www.w3.org\/2000\/svg\" viewBox=\"0 0 405.88 405.88\">\n  <defs>\n    <style>\n      svg {\n        position: relative;\n        display: inline-block;\n      }\n\n      .cls-1 {\n        fill: #363636;\n        transition: opacity 0.3s cubic-bezier(.4, 0, .2, 1), \n                    transform 0.3s cubic-bezier(.4, 0, .2, 1);\n        opacity: 1;\n      }\n\n      .cls-2 {\n        fill: #fff;\n        position: relative;\n        z-index: 1;\n      }\n\n      .cls-3 {\n        fill: #df7f0a;\n      }\n\n      .icon-plus, .icon-minus {\n        fill: #363636;\n        transition: opacity 0.3s ease;\n      }\n      \n      .icon-minus {\n        opacity: 0;\n      }\n      \n      \/* Mostra l\u2019icona \"minus\" e nasconde il \"plus\" quando expanded \u00e8 true *\/\n      .expanded .icon-minus {\n        opacity: 1;\n      }\n      \n      .expanded .icon-plus {\n        opacity: 0;\n      }\n\n      svg:hover .cls-1 {\n        opacity: 0;\n        transform: translate(50px, -50px);\n      }\n    <\/style>\n  <\/defs>\n  <g id=\"Livello_1-2\" data-name=\"Livello 1\">\n    <polygon class=\"cls-1\" points=\"42.72 363.16 42.72 42.72 0 42.72 0 405.88 363.16 405.88 363.16 363.16 42.72 363.16\"\/>    \n    <path id=\"Tracciato_101\" data-name=\"Tracciato 101\" class=\"cls-2\" d=\"M42.72,0h363.16v363.16H42.72V0Z\"\/>\n  <path class=\"icon-plus\" d=\"M224.3,100 L224.3,263 M143,182 L305,182\" stroke=\"#df7f0a\" stroke-width=\"22\" stroke-linecap=\"round\"\/>\n<path class=\"icon-minus\" d=\"M143,182 L305,182\" stroke=\"#df7f0a\" stroke-width=\"22\" stroke-linecap=\"round\"\/>\n  <\/g>\n<\/svg>\n`;\n    <\/script>\n\n    <div class=\"container\">\n        <div class=\"grid grid-cols-1 md:grid-cols-2 md:gap-2\">\n            <div class=\"order-2 md:order-1 md:py-4\">\n                <div class=\"divide-white divide-y\">\n                    <ul id=\"school-customer\" style=\"z-index: 1;\">\n                    <\/ul>\n                <\/div>\n            <\/div>\n            <div id=\"map-wrapper\" class=\"order-1 md:order-2 sticky z-40 bg-white py-4 md:h-[600px]\">\n                <div id=\"content\" class=\"py-2 h-[300px] md:h-[600px] sm:py-0 order-1 md:order-2\">\n                    <div id=\"map\" style=\"height: 100%;\" class=\"h-full\"><\/div>\n                <\/div>\n            <\/div>\n\n        <\/div>\n    <\/div>\n    <script>\ndocument.addEventListener(\"DOMContentLoaded\", function () {\n    const header = document.querySelector(\"header\"); \n    const mapWrapper = document.getElementById(\"map-wrapper\");\n\n    const updateStickyTop = () => {\n        const headerHeight = header.offsetHeight;\n        mapWrapper.style.top = `${headerHeight}px`;\n    };\n\n    updateStickyTop();\n    window.addEventListener(\"resize\", updateStickyTop);\n});\n<\/script>\n<\/section>\n\n\n\n<p><\/p>\n","protected":false},"excerpt":{"rendered":"","protected":false},"author":1,"featured_media":0,"parent":0,"menu_order":0,"comment_status":"closed","ping_status":"closed","template":"","meta":{"_acf_changed":false,"footnotes":""},"class_list":["post-11935","page","type-page","status-publish","hentry"],"acf":[],"_links":{"self":[{"href":"https:\/\/www.esosport.it\/da\/wp-json\/wp\/v2\/pages\/11935","targetHints":{"allow":["GET"]}}],"collection":[{"href":"https:\/\/www.esosport.it\/da\/wp-json\/wp\/v2\/pages"}],"about":[{"href":"https:\/\/www.esosport.it\/da\/wp-json\/wp\/v2\/types\/page"}],"author":[{"embeddable":true,"href":"https:\/\/www.esosport.it\/da\/wp-json\/wp\/v2\/users\/1"}],"replies":[{"embeddable":true,"href":"https:\/\/www.esosport.it\/da\/wp-json\/wp\/v2\/comments?post=11935"}],"version-history":[{"count":6,"href":"https:\/\/www.esosport.it\/da\/wp-json\/wp\/v2\/pages\/11935\/revisions"}],"predecessor-version":[{"id":14802,"href":"https:\/\/www.esosport.it\/da\/wp-json\/wp\/v2\/pages\/11935\/revisions\/14802"}],"wp:attachment":[{"href":"https:\/\/www.esosport.it\/da\/wp-json\/wp\/v2\/media?parent=11935"}],"curies":[{"name":"wp","href":"https:\/\/api.w.org\/{rel}","templated":true}]}}