{"id":12154,"date":"2017-04-14T12:12:22","date_gmt":"2017-04-14T10:12:22","guid":{"rendered":"https:\/\/www.esosport.it\/kontakt\/"},"modified":"2026-04-15T16:55:56","modified_gmt":"2026-04-15T14:55:56","slug":"kontakt","status":"publish","type":"page","link":"https:\/\/www.esosport.it\/da\/kontakt\/","title":{"rendered":"Kontakt"},"content":{"rendered":"\n<section id=\"block_366fee6f31b9ce847aff9e46f14dd0db\" class=\"acf-block acf-block-occhiello-titolo-testo\">\n    <div class=\"container py-8\">\n        <div class=\"flex flex-col gap-4 text-center\">\n            <hgroup class=\"flex flex-col gap-1\">\n                <h2 class=\"uppercase font-medium reveal\">Hvor er vi<\/h2>\n                                    <h1 class=\"text-lg lg:text-xl reveal\">Kontakt<\/h1>\n                            <\/hgroup>\n            <hr class=\"divider mx-auto reveal\" \/>\n            <div class=\"reveal\"><div style=\"line-height: 1.6;font-family: Arial, sans-serif\">\n<p><strong>esosport<\/strong> er et projekt af <strong>ESO Societ\u00e0 Benefit arl<\/strong> under licens til <strong>ESO RECYCLING Societ\u00e0 Benefit arl<\/strong><\/p>\n<\/div>\n<p>&nbsp;<\/p>\n<p>&nbsp;<\/p>\n<div style=\"line-height: 1.6;font-family: Arial, sans-serif\">\n<p><strong>ESO RECYCLING Danmark ApS<\/strong><\/p>\n<p><strong>Registered office:<\/strong><br \/>\nBirk Centerpark 40<br \/>\nDK 7400 Herning<\/p>\n<p>&nbsp;<\/p>\n<p><strong>T:<\/strong> +45 22 96 00 21<\/p>\n<p><strong>E:<\/strong> <a href=\"mailto:info@esorecycling.dk\">info@esorecycling.dk<\/a><\/p>\n<p>&nbsp;<\/p>\n<p><strong>CVR:<\/strong> 45601854<\/p>\n<p><strong>Waste Register:<\/strong><br \/>\nTransporter sistema<\/p>\n<\/div>\n<\/div>\n        <\/div>\n    <\/div>\n<\/section>\n\n\n<iframe src=\"https:\/\/www.google.com\/maps\/embed?pb=!1m18!1m12!1m3!1d2223.6323951861636!2d9.023175677130586!3d56.12887587322569!2m3!1f0!2f0!3f0!3m2!1i1024!2i768!4f13.1!3m3!1m2!1s0x464bbc3b0c8f2c49%3A0x68ba7490eb2096bd!2sBirk%20Centerpark%2040%2C%207400%20Herning%2C%20Danimarca!5e0!3m2!1sit!2sit!4v1775061025812!5m2!1sit!2sit\" width=\"600\" height=\"450\" style=\"border:0;\" allowfullscreen=\"\" loading=\"lazy\" referrerpolicy=\"no-referrer-when-downgrade\"><\/iframe>\n\n\n\n<section id=\"block_25b81a1661e6b050b327912699fffd89\" class=\"acf-block acf-block-occhiello-titolo-testo\">\n    <div class=\"container py-8\">\n        <div class=\"flex flex-col gap-4 text-center\">\n            <hgroup class=\"flex flex-col gap-1\">\n                <h2 class=\"uppercase font-medium reveal\">Skriv til os<\/h2>\n                                    <h1 class=\"text-lg lg:text-xl reveal\">For at modtage yderligere oplysninger<\/h1>\n                            <\/hgroup>\n            <hr class=\"divider mx-auto reveal\" \/>\n            <div class=\"reveal\"><\/div>\n        <\/div>\n    <\/div>\n<\/section>\n\n\n<div class=\"wpcf7 no-js\" id=\"wpcf7-f14059-o1\" lang=\"it-IT\" dir=\"ltr\" data-wpcf7-id=\"14059\">\n<div class=\"screen-reader-response\"><p role=\"status\" aria-live=\"polite\" aria-atomic=\"true\"><\/p> <ul><\/ul><\/div>\n<form action=\"\/da\/wp-json\/wp\/v2\/pages\/12154#wpcf7-f14059-o1\" method=\"post\" class=\"wpcf7-form init\" aria-label=\"Contact form\" novalidate=\"novalidate\" data-status=\"init\">\n<div style=\"display: none;\">\n<input type=\"hidden\" name=\"_wpcf7\" value=\"14059\" \/>\n<input type=\"hidden\" name=\"_wpcf7_version\" value=\"6.0.6\" \/>\n<input type=\"hidden\" name=\"_wpcf7_locale\" value=\"it_IT\" \/>\n<input type=\"hidden\" name=\"_wpcf7_unit_tag\" value=\"wpcf7-f14059-o1\" \/>\n<input type=\"hidden\" name=\"_wpcf7_container_post\" value=\"0\" \/>\n<input type=\"hidden\" name=\"_wpcf7_posted_data_hash\" value=\"\" \/>\n<input type=\"hidden\" name=\"_wpcf7_recaptcha_response\" value=\"\" \/>\n<\/div>\n<p><label> Fornavn (p\u00e5kr\u00e6vet)<br \/>\n<span class=\"wpcf7-form-control-wrap\" data-name=\"your-name\"><input size=\"40\" maxlength=\"400\" class=\"wpcf7-form-control wpcf7-text wpcf7-validates-as-required\" aria-required=\"true\" aria-invalid=\"false\" value=\"\" type=\"text\" name=\"your-name\" \/><\/span><\/label>\n<\/p>\n<p><label> Efternavn (p\u00e5kr\u00e6vet)<br \/>\n<span class=\"wpcf7-form-control-wrap\" data-name=\"your-surname\"><input size=\"40\" maxlength=\"400\" class=\"wpcf7-form-control wpcf7-text wpcf7-validates-as-required\" aria-required=\"true\" aria-invalid=\"false\" value=\"\" type=\"text\" name=\"your-surname\" \/><\/span><\/label>\n<\/p>\n<p><label> Virksomhed (p\u00e5kr\u00e6vet)<br \/>\n<span class=\"wpcf7-form-control-wrap\" data-name=\"your-company\"><input size=\"40\" maxlength=\"400\" class=\"wpcf7-form-control wpcf7-text wpcf7-validates-as-required\" aria-required=\"true\" aria-invalid=\"false\" value=\"\" type=\"text\" name=\"your-company\" \/><\/span><\/label>\n<\/p>\n<p><label> Din e-mail (p\u00e5kr\u00e6vet)<br \/>\n<span class=\"wpcf7-form-control-wrap\" data-name=\"your-email\"><input size=\"40\" maxlength=\"400\" class=\"wpcf7-form-control wpcf7-email wpcf7-validates-as-required wpcf7-text wpcf7-validates-as-email\" aria-required=\"true\" aria-invalid=\"false\" value=\"\" type=\"email\" name=\"your-email\" \/><\/span><\/label>\n<\/p>\n<p><label> Telefon (p\u00e5kr\u00e6vet)<br \/>\n<span class=\"wpcf7-form-control-wrap\" data-name=\"your-phone\"><input size=\"40\" maxlength=\"400\" class=\"wpcf7-form-control wpcf7-text wpcf7-validates-as-required\" aria-required=\"true\" aria-invalid=\"false\" value=\"\" type=\"text\" name=\"your-phone\" \/><\/span><\/label>\n<\/p>\n<p><label> Mobil<br \/>\n<span class=\"wpcf7-form-control-wrap\" data-name=\"your-mobile\"><input size=\"40\" maxlength=\"400\" class=\"wpcf7-form-control wpcf7-text\" aria-invalid=\"false\" value=\"\" type=\"text\" name=\"your-mobile\" \/><\/span><\/label>\n<\/p>\n<p><label> Adresse<br \/>\n<span class=\"wpcf7-form-control-wrap\" data-name=\"your-address\"><input size=\"40\" maxlength=\"400\" class=\"wpcf7-form-control wpcf7-text\" aria-invalid=\"false\" value=\"\" type=\"text\" name=\"your-address\" \/><\/span><\/label>\n<\/p>\n<p><label> Postnummer<br \/>\n<span class=\"wpcf7-form-control-wrap\" data-name=\"your-cap\"><input size=\"40\" maxlength=\"400\" class=\"wpcf7-form-control wpcf7-text\" aria-invalid=\"false\" value=\"\" type=\"text\" name=\"your-cap\" \/><\/span><\/label>\n<\/p>\n<p><label> By<br \/>\n<span class=\"wpcf7-form-control-wrap\" data-name=\"your-citta\"><input size=\"40\" maxlength=\"400\" class=\"wpcf7-form-control wpcf7-text\" aria-invalid=\"false\" value=\"\" type=\"text\" name=\"your-citta\" \/><\/span><\/label>\n<\/p>\n<p><label> Region \/ Provins<br \/>\n<span class=\"wpcf7-form-control-wrap\" data-name=\"your-provincia\"><input size=\"40\" maxlength=\"400\" class=\"wpcf7-form-control wpcf7-text\" aria-invalid=\"false\" value=\"\" type=\"text\" name=\"your-provincia\" \/><\/span><\/label>\n<\/p>\n<p><label> V\u00e6lg type af foresp\u00f8rgsel (p\u00e5kr\u00e6vet)<br \/>\n<span class=\"wpcf7-form-control-wrap\" data-name=\"request-type\"><select class=\"wpcf7-form-control wpcf7-select wpcf7-validates-as-required\" aria-required=\"true\" aria-invalid=\"false\" name=\"request-type\"><option value=\"\">&#8212;Please choose an option&#8212;<\/option><option value=\"Anmodning om information\">Anmodning om information<\/option><option value=\"Anmodning om tilbud\">Anmodning om tilbud<\/option><\/select><\/span><\/label>\n<\/p>\n<p><label> V\u00e6lg projekt (p\u00e5kr\u00e6vet)<br \/>\n<span class=\"wpcf7-form-control-wrap\" data-name=\"project-choice\"><select class=\"wpcf7-form-control wpcf7-select wpcf7-validates-as-required\" aria-required=\"true\" aria-invalid=\"false\" name=\"project-choice\"><option value=\"\">&#8212;Please choose an option&#8212;<\/option><option value=\"esosport RUN\">esosport RUN<\/option><option value=\"esosport BIKE\">esosport BIKE<\/option><option value=\"esosport TENNIS OG PADEL\">esosport TENNIS OG PADEL<\/option><\/select><\/span><\/label>\n<\/p>\n<p><label> Inds\u00e6t detaljerne for din foresp\u00f8rgsel (p\u00e5kr\u00e6vet)<br \/>\n<span class=\"wpcf7-form-control-wrap\" data-name=\"request-details\"><textarea cols=\"40\" rows=\"10\" maxlength=\"2000\" class=\"wpcf7-form-control wpcf7-textarea wpcf7-validates-as-required\" aria-required=\"true\" aria-invalid=\"false\" name=\"request-details\"><\/textarea><\/span><\/label>\n<\/p>\n\n<!-- Primo consenso obbligatorio con stile uniforme -->\n<p class=\"privacy-text\"><br \/>\n<span class=\"wpcf7-form-control wpcf7-acceptance\"><br \/>\n<span class=\"wpcf7-list-item\"><br \/>\n<label><br \/>\n<input type=\"checkbox\" name=\"acceptance-731\" value=\"1\" required aria-invalid=\"false\" \/><br \/>\nJeg giver mit samtykke til indsamling og behandling af mine personoplysninger i henhold til art. 13 og art. 14 i GDPR 2016\/679, udelukkende til intern brug samt til at modtage kommunikation og informations- og\/eller reklamemateriale vedr\u00f8rende vores tjenester.<br \/>\n<\/label><br \/>\n<\/span><br \/>\n<\/span>\n<\/p>\n<p><input class=\"wpcf7-form-control wpcf7-submit has-spinner\" type=\"submit\" value=\"Send\" \/>\n<\/p><div class=\"wpcf7-response-output\" aria-hidden=\"true\"><\/div>\n<\/form>\n<\/div>\n\n\n\n\n<p><\/p>\n","protected":false},"excerpt":{"rendered":"","protected":false},"author":1,"featured_media":0,"parent":0,"menu_order":0,"comment_status":"closed","ping_status":"closed","template":"","meta":{"_acf_changed":false,"footnotes":""},"class_list":["post-12154","page","type-page","status-publish","hentry"],"acf":[],"_links":{"self":[{"href":"https:\/\/www.esosport.it\/da\/wp-json\/wp\/v2\/pages\/12154","targetHints":{"allow":["GET"]}}],"collection":[{"href":"https:\/\/www.esosport.it\/da\/wp-json\/wp\/v2\/pages"}],"about":[{"href":"https:\/\/www.esosport.it\/da\/wp-json\/wp\/v2\/types\/page"}],"author":[{"embeddable":true,"href":"https:\/\/www.esosport.it\/da\/wp-json\/wp\/v2\/users\/1"}],"replies":[{"embeddable":true,"href":"https:\/\/www.esosport.it\/da\/wp-json\/wp\/v2\/comments?post=12154"}],"version-history":[{"count":21,"href":"https:\/\/www.esosport.it\/da\/wp-json\/wp\/v2\/pages\/12154\/revisions"}],"predecessor-version":[{"id":15136,"href":"https:\/\/www.esosport.it\/da\/wp-json\/wp\/v2\/pages\/12154\/revisions\/15136"}],"wp:attachment":[{"href":"https:\/\/www.esosport.it\/da\/wp-json\/wp\/v2\/media?parent=12154"}],"curies":[{"name":"wp","href":"https:\/\/api.w.org\/{rel}","templated":true}]}}