{"id":12283,"date":"2017-04-20T13:45:23","date_gmt":"2017-04-20T11:45:23","guid":{"rendered":"https:\/\/www.esosport.it\/bliv-en-del-af-esosport-bike\/"},"modified":"2026-04-14T11:44:09","modified_gmt":"2026-04-14T09:44:09","slug":"bliv-en-del-af-esosport-bike","status":"publish","type":"page","link":"https:\/\/www.esosport.it\/da\/bliv-en-del-af-esosport-bike\/","title":{"rendered":"Deltag i esosport bike"},"content":{"rendered":"\n<section id=\"block_2b3b83ed25f195a3cdfcbd493bcdd882\" class=\"acf-block acf-block-occhiello-titolo-testo\">\n    <div class=\"container py-8\">\n        <div class=\"flex flex-col gap-4 text-center\">\n            <hgroup class=\"flex flex-col gap-1\">\n                <h2 class=\"uppercase font-medium reveal\"><\/h2>\n                                    <h1 class=\"text-lg lg:text-xl reveal\">Deltag i esosport bike<\/h1>\n                            <\/hgroup>\n            <hr class=\"divider mx-auto reveal\" \/>\n            <div class=\"reveal\"><\/div>\n        <\/div>\n    <\/div>\n<\/section>\n\n\n<section id=\"block_fda4d6f0b2b3b8b769a3017d35db9a0f\" class=\"acf-block acf-block-scheda-immagine-destra\">\n\n    \n    <div class=\"grid lg:grid-cols-4 items-center pb-8\">\n                    <div class=\"lg:col-span-3 bg-secondary-light \">\n                <div class=\"px-4 py-8 flex justify-center\">\n                    <div class=\"p-4 flex flex-col gap-4 items-start max-w-[700px]\">\n                        <hgroup>\n                            <h3 class=\"uppercase text-sm reveal\"><\/h3>\n                            <h2 class=\"text-lg lg:text-xl reveal\">Tilmelding for sports- og cykelbutikker<\/h2>\n                        <\/hgroup>\n                        <hr class=\"divider ml-0 reveal\" \/>\n                        <p class=\"reveal\"><h2>Tilmelding til <b>esosport bike<\/b> best\u00e5r af et <b>\u00e5rs- eller to-\u00e5rigt abonnement<\/b>, som inkluderer levering og installation af Starter Kit:<\/h2>\n<p>Abonnementet er udviklet for at g\u00f8re det nemt og effektivt at implementere et professionelt indsamlingssystem til cykeld\u00e6k og slanger. L\u00f8sningen er skr\u00e6ddersyet til butikker, v\u00e6rksteder, virksomheder og organisationer, der \u00f8nsker at tage et aktivt ansvar for milj\u00f8et uden at komplicere deres daglige drift. Hele konceptet er bygget op omkring enkelhed, funktionalitet og maksimal synlighed.<\/p>\n<p>Ved at tilslutte dig <b>esosport bike<\/b> f\u00e5r du ikke blot adgang til et fysisk indsamlingssystem, men ogs\u00e5 til et gennemtestet og struktureret program, der underst\u00f8tter b\u00e6redygtig affaldsh\u00e5ndtering og fremmer en cirkul\u00e6r \u00f8konomi. Systemet er fleksibelt og kan tilpasses forskellige behov og lokationer.<\/p>\n<ul>\n<li aria-level=\"1\">1 stang (h 2 meter) med crowner til indsamling af d\u00e6k<\/li>\n<li aria-level=\"1\">1 <b>ESObox<\/b> <b>esosport bike<\/b> til indsamling af slanger &#8211; 80x60x60<\/li>\n<li aria-level=\"1\">20 <b>branded drikkedunke<\/b> esosport bike<\/li>\n<li aria-level=\"1\">2 <b>vinduesklisterm\u00e6rker<\/b> til butiksvindue eller indgang<\/li>\n<\/ul>\n<p>Starter Kittet er designet til at kombinere funktionalitet med synlig kommunikation. Standeren g\u00f8r det muligt at oph\u00e6nge brugte d\u00e6k p\u00e5 en praktisk og ordnet m\u00e5de, mens <b>ESObox<\/b> sikrer en effektiv og hygiejnisk indsamling af cykelslanger. De <b>branded drikkedunke<\/b> fungerer b\u00e5de som en gave til kunderne og som et st\u00e6rkt kommunikationsv\u00e6rkt\u00f8j, der \u00f8ger opm\u00e6rksomheden omkring projektet. Vinduesklisterm\u00e6rkerne g\u00f8r det tydeligt for forbipasserende, at din butik er en del af initiativet.<\/p>\n<p>Denne kombination af udstyr og synlig branding hj\u00e6lper med at engagere kunder og cykelentusiaster og g\u00f8r det nemt for dem at deltage aktivt i genanvendelsen. Samtidig styrker det din virksomheds profil som en ansvarlig og b\u00e6redygtig akt\u00f8r.<\/p>\n<p><b>ESO-logistikservicen<\/b> s\u00f8rger for hele den operationelle proces: fra regelm\u00e6ssig t\u00f8mning af beholderen til afhentning og transport af materialet samt udfyldelse af de n\u00f8dvendige formularer for indsamling og transport. Dette sikrer, at alle procedurer overholder g\u00e6ldende lovgivning og milj\u00f8krav, uden at det kr\u00e6ver ekstra administration fra din side.<\/p>\n<p>Logistiksystemet er optimeret for at garantere kontinuitet og p\u00e5lidelighed, hvilket betyder, at indsamlingspunktet altid fungerer effektivt og uden afbrydelser. Derudover sikres fuld sporbarhed i hele processen, fra indsamling til genanvendelse.<\/p>\n<p>Der vil v\u00e6re en f\u00e6lles <b>kommunikationsindsats<\/b> for at synligg\u00f8re initiativet. Dette inkluderer digitale kampagner, informationsmateriale og eksponering gennem vores kanaler, hvilket bidrager til at \u00f8ge kendskabet til projektet og engagere et bredere publikum.<\/p>\n<p>Din butiks placering vil blive indsat p\u00e5 vores hjemmeside som et <a href=\"https:\/\/www.esosport.it\/da\/esosport-bike-indsamlingssteder\/\"><strong>indsamlingspunkt<\/strong><\/a>, hvilket g\u00f8r det lettere for brugere at finde dig og benytte servicen. Samtidig \u00f8ger det din synlighed og positionerer din virksomhed som en aktiv deltager i den gr\u00f8nne omstilling.<\/p>\n<p>Ved at deltage i <b>esosport bike<\/b> bliver du en del af et voksende netv\u00e6rk, der arbejder for at reducere affald og give materialer nyt liv. Det er en konkret m\u00e5de at kombinere b\u00e6redygtighed, innovation og forretningsv\u00e6rdi \u2013 og samtidig g\u00f8re en reel forskel for milj\u00f8et.<\/p>\n<\/p>\n                                                    <a class=\"button reveal\" href=\"https:\/\/www.esosport.it\/da\/tilmeldingsformular-til-esosport\/\" target=\"\">\n                                Anmod om information og tilbud                            <\/a>\n                                            <\/div>\n                <\/div>\n            <\/div>\n                            <img decoding=\"async\" class=\" w-full max-w-[350px] border-l-[10px] lg:-translate-x-1\/4 lg:origin-left border-primary lg:transform lg:scale-125\" src=\"https:\/\/www.esosport.it\/wp-content\/uploads\/2026\/04\/Bike-DK-ok.png\" alt=\"\" title=\"\">\n                        <\/div>\n\n<\/section>\n\n\n\n<section id=\"block_1c02b31e21f3081e3fdc1ae7cb684939\" class=\"acf-block acf-block-scheda-immagine-destra\">\n\n    \n    <div class=\"grid lg:grid-cols-4 items-center pb-8\">\n                    <div class=\"lg:col-span-3 bg-secondary-light lg:order-2\">\n                <div class=\"px-4 py-8 flex justify-center\">\n                    <div class=\"p-4 flex flex-col gap-4 items-start max-w-[700px]\">\n                        <hgroup>\n                            <h3 class=\"uppercase text-sm reveal\"><\/h3>\n                            <h2 class=\"text-lg lg:text-xl reveal\">Tilmelding for offentlige myndigheder<\/h2>\n                        <\/hgroup>\n                        <hr class=\"divider ml-0 reveal\" \/>\n                        <p class=\"reveal\"><p><b>Tilmelding<\/b> best\u00e5r af et <b>abonnement (varighed aftales, minimum et \u00e5r)<\/b>, som inkluderer levering og installation af Starter Kit:<\/p>\n<p>Abonnementet er udviklet for at sikre en enkel og effektiv implementering af indsamlingssystemet, samtidig med at det giver maksimal fleksibilitet for den enkelte kunde. Uanset om der er tale om en kommune, en virksomhed eller en cykelrelateret aktivitet, tilpasses l\u00f8sningen efter behov og lokale forhold, s\u00e5 den bliver b\u00e5de funktionel og let at integrere i den daglige drift.<\/p>\n<p>Form\u00e5let er at skabe en komplet service, hvor alle elementer \u2013 fra udstyr til logistik og kommunikation \u2013 er koordineret og optimeret for at sikre en problemfri oplevelse og de bedst mulige resultater i forhold til indsamling og genanvendelse.<\/p>\n<ul>\n<li>1 stander (h\u00f8jde 2 meter) med crowner til opsamling af d\u00e6k<\/li>\n<li>1 <b>ESObox<\/b> <b>esosport BIKE<\/b> til opsamling af slanger &#8211; 80x60x60<\/li>\n<li><b>Leaflet<\/b> esosport (antal aftales)<\/li>\n<\/ul>\n<p>Det medf\u00f8lgende udstyr er designet til at v\u00e6re b\u00e5de robust, funktionelt og visuelt genkendeligt. Standeren g\u00f8r det nemt at oph\u00e6nge brugte d\u00e6k p\u00e5 en ordnet og sikker m\u00e5de, mens <b>ESObox<\/b> sikrer en praktisk og hygiejnisk indsamling af cykelslanger. Informationsmaterialet underst\u00f8tter initiativet ved at forklare brugerne, hvordan de kan deltage aktivt og korrekt.<\/p>\n<p><b>ESO-logistikservicen<\/b> tager sig af hele den operationelle proces: regelm\u00e6ssig t\u00f8mning af beholdere, afhentning og transport af materialet samt udfyldelse af de formularer, der kr\u00e6ves til indsamling og transport. Dette sikrer, at alle aktiviteter udf\u00f8res i overensstemmelse med g\u00e6ldende lovgivning og milj\u00f8standarder, uden at det belaster kundens interne ressourcer.<\/p>\n<p>Derudover garanterer logistiksystemet en kontinuerlig og p\u00e5lidelig service, som g\u00f8r det muligt at opretholde et effektivt indsamlingsniveau over tid. Hele processen overv\u00e5ges for at sikre sporbarhed, kvalitet og korrekt h\u00e5ndtering af de indsamlede materialer.<\/p>\n<p>Der planl\u00e6gges en f\u00e6lles <b>kommunikationsindsats<\/b> for at give initiativet synlighed. Dette omfatter b\u00e5de online og offline aktiviteter, s\u00e5som digitale kampagner, informationsmaterialer og branding p\u00e5 indsamlingsudstyret. M\u00e5let er at engagere borgere, kunder og brugere og g\u00f8re b\u00e6redygtig adf\u00e6rd til en integreret del af hverdagen.<\/p>\n<p>Din lokalitet vil blive vist p\u00e5 vores hjemmeside som et <a href=\"https:\/\/www.esosport.it\/da\/esosport-bike-indsamlingssteder\/\"><strong>indsamlingspunkt<\/strong><\/a>, hvilket \u00f8ger synligheden og g\u00f8r det lettere for brugere at finde og benytte indsamlingsstedet. Dette bidrager samtidig til at styrke din profil som en ansvarlig og milj\u00f8bevidst akt\u00f8r.<\/p>\n<p>I sektionen <strong><a href=\"https:\/\/www.esosport.it\/da\/deltagende-kommuner\/\">Kommuner<\/a><\/strong> offentligg\u00f8res logoet for den kommunale administration, som aftalen er indg\u00e5et med, sammen med den fulde liste over indsamlingspunkter, der er defineret i opstartsfasen af initiativet. Dette skaber gennemsigtighed og giver et klart overblik over projektets udbredelse og samarbejdspartnere.<\/p>\n<p>Ved at tilmelde dig projektet bliver du en del af et struktureret og voksende netv\u00e6rk, der arbejder m\u00e5lrettet p\u00e5 at reducere affald og fremme en cirkul\u00e6r \u00f8konomi. Det er en konkret mulighed for at kombinere milj\u00f8ansvar med synlig handling og samtidig bidrage til en gr\u00f8nnere fremtid for b\u00e5de lokalsamfundet og planeten.<\/p>\n<\/p>\n                                                    <a class=\"button reveal\" href=\"https:\/\/www.esosport.it\/da\/tilmeldingsformular-til-esosport\/\" target=\"\">\n                                Anmod om information og tilbud                            <\/a>\n                                            <\/div>\n                <\/div>\n            <\/div>\n                            <img decoding=\"async\" class=\"lg:order-1 w-full max-w-[350px] border-r-[10px] lg:translate-x-1\/4 lg:origin-right border-primary lg:transform lg:scale-125\" src=\"https:\/\/www.esosport.it\/wp-content\/uploads\/2026\/04\/Bike-DK-ok.png\" alt=\"\" title=\"\">\n                        <\/div>\n\n<\/section>\n\n\n\n<section id=\"block_717edbdc8c4340204321a00e2d8b3dbc\" class=\"acf-block acf-block-occhiello-titolo-testo\">\n    <div class=\"container py-8\">\n        <div class=\"flex flex-col gap-4 text-center\">\n            <hgroup class=\"flex flex-col gap-1\">\n                <h2 class=\"uppercase font-medium reveal\">Bladr i Retail-brochuren<\/h2>\n                                    <h1 class=\"text-lg lg:text-xl reveal\"><\/h1>\n                            <\/hgroup>\n            <hr class=\"divider mx-auto reveal\" \/>\n            <div class=\"reveal\"><p><a href=\"https:\/\/heyzine.com\/flip-book\/ca640de643.html\" target=\"_blank\" rel=\"noopener\">Brochure Esosport Retail<\/a><\/p>\n<\/div>\n        <\/div>\n    <\/div>\n<\/section>\n\n\n<iframe allowfullscreen=\"allowfullscreen\" allow=\"clipboard-write\" scrolling=\"no\" class=\"fp-iframe\" style=\"border: 1px solid lightgray; width: 100%; height: 600px;\" src=\"https:\/\/heyzine.com\/flip-book\/a4edc298a4.html\"><\/iframe><br\/>\n","protected":false},"excerpt":{"rendered":"","protected":false},"author":1,"featured_media":0,"parent":0,"menu_order":0,"comment_status":"closed","ping_status":"closed","template":"","meta":{"_acf_changed":false,"footnotes":""},"class_list":["post-12283","page","type-page","status-publish","hentry"],"acf":[],"_links":{"self":[{"href":"https:\/\/www.esosport.it\/da\/wp-json\/wp\/v2\/pages\/12283","targetHints":{"allow":["GET"]}}],"collection":[{"href":"https:\/\/www.esosport.it\/da\/wp-json\/wp\/v2\/pages"}],"about":[{"href":"https:\/\/www.esosport.it\/da\/wp-json\/wp\/v2\/types\/page"}],"author":[{"embeddable":true,"href":"https:\/\/www.esosport.it\/da\/wp-json\/wp\/v2\/users\/1"}],"replies":[{"embeddable":true,"href":"https:\/\/www.esosport.it\/da\/wp-json\/wp\/v2\/comments?post=12283"}],"version-history":[{"count":17,"href":"https:\/\/www.esosport.it\/da\/wp-json\/wp\/v2\/pages\/12283\/revisions"}],"predecessor-version":[{"id":15090,"href":"https:\/\/www.esosport.it\/da\/wp-json\/wp\/v2\/pages\/12283\/revisions\/15090"}],"wp:attachment":[{"href":"https:\/\/www.esosport.it\/da\/wp-json\/wp\/v2\/media?parent=12283"}],"curies":[{"name":"wp","href":"https:\/\/api.w.org\/{rel}","templated":true}]}}