{"id":12291,"date":"2017-04-20T14:20:00","date_gmt":"2017-04-20T12:20:00","guid":{"rendered":"https:\/\/www.esosport.it\/cookiepolitik\/"},"modified":"2026-03-06T12:05:08","modified_gmt":"2026-03-06T11:05:08","slug":"cookiepolitik","status":"publish","type":"page","link":"https:\/\/www.esosport.it\/da\/cookiepolitik\/","title":{"rendered":"Cookiepolitik"},"content":{"rendered":"\n<div class=\"wp-block-group\"><div class=\"wp-block-group__inner-container is-layout-constrained wp-block-group-is-layout-constrained\">\n<div style=\"height:100px\" aria-hidden=\"true\" class=\"wp-block-spacer\"><\/div>\n\n\n\n<div class=\"row\">\n<div class=\"col-md-12\">\n<h2>Hvad er cookies, og hvad bruges de til?<\/h2>\n<p>Cookies er sm\u00e5 tekstfiler, som de websteder, brugerne bes\u00f8ger, sender til deres enheder, hvor de gemmes for derefter at blive sendt tilbage til de samme websteder ved n\u00e6ste bes\u00f8g. Cookies bruges til forskellige form\u00e5l: udf\u00f8relse af it-autentificering, overv\u00e5gning af sessioner, lagring af information om specifikke konfigurationer vedr\u00f8rende brugere, der tilg\u00e5r serveren, lagring af pr\u00e6ferencer, undg\u00e5else af at indtaste de samme oplysninger flere gange under bes\u00f8get (f.eks. brugernavn og adgangskode), analyse af brugen af tjenester og indhold p\u00e5 webstederne for at optimere browseroplevelsen og de tilbudte tjenester. <\/p>\n<h2>Vores cookiepolitik<\/h2>\n<p>For at kunne bruge webstedet fuldt ud b\u00f8r din computer, tablet eller mobiltelefon acceptere cookies, da du kun ved at aktivere dem kan benytte visse personlige funktioner p\u00e5 vores websted. Webstedet www.eso.it bruger egne tekniske cookies og tredjeparts profilering-cookies, der er nyttige for den bedste udnyttelse af de tilbudte tjenester i overensstemmelse med privatlivslovgivningen. Vores cookies gemmer ikke f\u00f8lsomme oplysninger som navn og efternavn, adresse eller betalingsoplysninger. Men hvis du foretr\u00e6kker at begr\u00e6nse, blokere eller slette cookies fra dette websted eller ethvert andet websted, kan du g\u00f8re det direkte via din browser. Nedenfor er en liste over de vigtigste anvendte cookies og deres form\u00e5l. Blandt disse finder du oplysninger om tredjepartscookies (herefter B og C), hvortil der henvises til de relevante privatlivspolitikker via links.     <\/p>\n<h2>(A) Tekniske cookies indstillet af webstedet www.eso.it<\/h2>\n<p>Cookienavn ASPSESSIONID eller PHPSESSID Form\u00e5l med cookien Letter navigationen p\u00e5 webstedet ved at gemme de indstillinger for navigation, som brugeren har valgt.<\/p>\n<h2>(B) Tredjepartscookies p\u00e5 webstedet www.eso.it<\/h2>\n<p>Cookies fra s\u00e5kaldte &#8220;tredjeparter&#8221; indstilles derimod af et andet websted end det, brugeren bes\u00f8ger. Dette skyldes, at der p\u00e5 hvert websted kan v\u00e6re elementer (billeder, kort, lyde, specifikke links til websider p\u00e5 andre dom\u00e6ner osv.), der ligger p\u00e5 andre servere end det bes\u00f8gte websteds. Her er en liste over tredjepartscookies, der kan v\u00e6re til stede p\u00e5 webstedet, og de relevante privatlivspolitikker:  <\/p>\n<table>\n<tbody>\n<tr>\n<td>AddThis<\/td>\n<td><a href=\"http:\/\/www.addthis.com\/privacy\" target=\"_blank\" rel=\"noopener\">http:\/\/www.addthis.com\/privacy<\/a><\/td>\n<td>Widget<\/td>\n<\/tr>\n<tr>\n<td>Adform<\/td>\n<td><a href=\"https:\/\/site.adform.com\/privacy-policy\/en\/\" target=\"_blank\" rel=\"noopener\">https:\/\/site.adform.com\/privacy-policy\/en\/<\/a><\/td>\n<td>Advertising<\/td>\n<\/tr>\n<tr>\n<td>Adroll<\/td>\n<td><a href=\"https:\/\/www.adroll.com\/about\/privacy\" target=\"_blank\" rel=\"noopener\">https:\/\/www.adroll.com\/about\/privacy<\/a><\/td>\n<td>Remarketing Aggregate<\/td>\n<\/tr>\n<tr>\n<td>Knowledge<\/td>\n<td><a href=\"https:\/\/www.neustar.biz\/privacy\/ak-privacy-policy\" target=\"_blank\" rel=\"noopener\">https:\/\/www.neustar.biz\/privacy\/ak-privacy-policy<\/a><\/td>\n<td>Remarketing<\/td>\n<\/tr>\n<tr>\n<td>AppNexus<\/td>\n<td><a href=\"https:\/\/www.appnexus.com\/en\/company\/platform-privacy-policy\" target=\"_blank\" rel=\"noopener\">https:\/\/www.appnexus.com\/en\/company\/platform-privacy-policy<\/a><\/td>\n<td>Advertising<\/td>\n<\/tr>\n<tr>\n<td>BidSwitch<\/td>\n<td><a href=\"http:\/\/www.iponweb.com\/privacy-policy\/\" target=\"_blank\" rel=\"noopener\">http:\/\/www.iponweb.com\/privacy-policy\/<\/a><\/td>\n<td>Advertising<\/td>\n<\/tr>\n<tr>\n<td>Connexity<\/td>\n<td><a href=\"http:\/\/connexity.com\/privacy-policy\/\" target=\"_blank\" rel=\"noopener\">http:\/\/connexity.com\/privacy-policy\/<\/a><\/td>\n<td>Remarketing<\/td>\n<\/tr>\n<tr>\n<td>Criteo<\/td>\n<td><a href=\"https:\/\/www.criteo.com\/it\/privacy\/\" target=\"_blank\" rel=\"noopener\">https:\/\/www.criteo.com\/it\/privacy\/<\/a><\/td>\n<td>Remarketing<\/td>\n<\/tr>\n<tr>\n<td>Datalogix<\/td>\n<td><a href=\"https:\/\/www.datalogix.com\/privacy\/\" target=\"_blank\" rel=\"noopener\">https:\/\/www.datalogix.com\/privacy\/<\/a><\/td>\n<td>Remarketing<\/td>\n<\/tr>\n<tr>\n<td>Double Click<\/td>\n<td><a href=\"http:\/\/www.google.it\/intl\/it\/policies\/privacy\/\" target=\"_blank\" rel=\"noopener\">http:\/\/www.google.it\/intl\/it\/policies\/privacy\/<\/a><\/td>\n<td>Advertising<\/td>\n<\/tr>\n<tr>\n<td>Dstillery<\/td>\n<td><a href=\"https:\/\/dstillery.com\/privacy-policy\" target=\"_blank\" rel=\"noopener\">https:\/\/dstillery.com\/privacy-policy<\/a><\/td>\n<td>Adverting<\/td>\n<\/tr>\n<tr>\n<td>Epom<\/td>\n<td><a href=\"https:\/\/epom.com\/privacy-policy\" target=\"_blank\" rel=\"noopener\">https:\/\/epom.com\/privacy-policy<\/a><\/td>\n<td>Adverting<\/td>\n<\/tr>\n<tr>\n<td>eXalate<\/td>\n<td><a href=\"http:\/\/exelate.com\/privacy\/services-privacy-policy\/\" target=\"_blank\" rel=\"noopener\">http:\/\/exelate.com\/privacy\/services-privacy-policy\/<\/a><\/td>\n<td>Adverting<\/td>\n<\/tr>\n<tr>\n<td>Facebook Connect<\/td>\n<td><a href=\"https:\/\/www.facebook.com\/policy.php\" target=\"_blank\" rel=\"noopener\">https:\/\/www.facebook.com\/policy.php<\/a><\/td>\n<td>Widget Facebook Custom<\/td>\n<\/tr>\n<tr>\n<td>Audience<\/td>\n<td><a href=\"https:\/\/www.facebook.com\/policy.php\" target=\"_blank\" rel=\"noopener\">https:\/\/www.facebook.com\/policy.php<\/a><\/td>\n<td>Remarketing Facebook Social<\/td>\n<\/tr>\n<tr>\n<td>Plugins<\/td>\n<td><a href=\"https:\/\/www.facebook.com\/policy.php\" target=\"_blank\" rel=\"noopener\">https:\/\/www.facebook.com\/policy.php<\/a><\/td>\n<td>Widget<\/td>\n<\/tr>\n<tr>\n<td>Google Adsense<\/td>\n<td><a href=\"https:\/\/support.google.com\/adsense\/answer\/48182?hl=it-IT\" target=\"_blank\" rel=\"noopener\">https:\/\/support.google.com\/adsense\/answer\/48182?hl=it-IT<\/a><\/td>\n<td>Advertising<\/td>\n<\/tr>\n<tr>\n<td>Google Analytics<\/td>\n<td><a href=\"http:\/\/www.google.it\/intl\/it\/policies\/privacy\/\" target=\"_blank\" rel=\"noopener\">http:\/\/www.google.it\/intl\/it\/policies\/privacy\/<\/a><\/td>\n<td>Analytics Google Dynamic<\/td>\n<\/tr>\n<tr>\n<td>Remarketing<\/td>\n<td><a href=\"https:\/\/support.google.com\/adwordspolicy\/answer\/6008942?hl=it\" target=\"_blank\" rel=\"noopener\">https:\/\/support.google.com\/adwordspolicy\/answer\/6008942?hl=it<\/a><\/td>\n<td>Remarketing<\/td>\n<\/tr>\n<tr>\n<td>Google Plus<\/td>\n<td><a href=\"https:\/\/www.google.com\/intl\/en\/+\/policy\/pagesterm.html\" target=\"_blank\" rel=\"noopener\">https:\/\/www.google.com\/intl\/en\/+\/policy\/pagesterm.html<\/a><\/td>\n<td>Widget Google Tag<\/td>\n<\/tr>\n<tr>\n<td>Manager<\/td>\n<td><a href=\"http:\/\/www.google.it\/intl\/it\/policies\/privacy\/\" target=\"_blank\" rel=\"noopener\">http:\/\/www.google.it\/intl\/it\/policies\/privacy\/<\/a><\/td>\n<td>Analytics<\/td>\n<\/tr>\n<tr>\n<td>Google+ Platform<\/td>\n<td><a href=\"https:\/\/www.google.com\/intl\/en\/+\/policy\/pagesterm.html\" target=\"_blank\" rel=\"noopener\">https:\/\/www.google.com\/intl\/en\/+\/policy\/pagesterm.html<\/a><\/td>\n<td>Widget<\/td>\n<\/tr>\n<tr>\n<td>Legolas Media<\/td>\n<td><a href=\"http:\/\/www.undertone.com\/privacy\/\" target=\"_blank\" rel=\"noopener\">http:\/\/www.undertone.com\/privacy\/<\/a><\/td>\n<td>Advertising<\/td>\n<\/tr>\n<tr>\n<td>Linkedin<\/td>\n<td><a href=\"https:\/\/www.linkedin.com\/legal\/cookie_policy\" target=\"_blank\" rel=\"noopener\">https:\/\/www.linkedin.com\/legal\/cookie_policy<\/a><\/td>\n<td>Widget<\/td>\n<\/tr>\n<tr>\n<td>livehelp.it<\/td>\n<td><a href=\"https:\/\/www.livehelp.it\/it\/privacy\" target=\"_blank\" rel=\"noopener\">https:\/\/www.livehelp.it\/it\/privacy<\/a><\/td>\n<td>Chat<\/td>\n<\/tr>\n<tr>\n<td>LiveRamp<\/td>\n<td><a href=\"https:\/\/liveramp.com\/privacy\/\" target=\"_blank\" rel=\"noopener\">https:\/\/liveramp.com\/privacy\/<\/a><\/td>\n<td>Advertising<\/td>\n<\/tr>\n<tr>\n<td>OpenX<\/td>\n<td><a href=\"http:\/\/www.openx.com\/legal\/openx-website-privacy-principles\/\" target=\"_blank\" rel=\"noopener\">http:\/\/www.openx.com\/legal\/openx-website-privacy-principles\/<\/a><\/td>\n<td>Advertising<\/td>\n<\/tr>\n<tr>\n<td>Paypal<\/td>\n<td><a href=\"https:\/\/www.paypal.com\/it\/webapps\/mpp\/ua\/privacy-full\" target=\"_blank\" rel=\"noopener\">https:\/\/www.paypal.com\/it\/webapps\/mpp\/ua\/privacy-full<\/a><\/td>\n<td>Payment<\/td>\n<\/tr>\n<tr>\n<td>Perfect Audience<\/td>\n<td><a href=\"http:\/\/www.perfectaudience.com\/privacy\/\" target=\"_blank\" rel=\"noopener\">http:\/\/www.perfectaudience.com\/privacy\/<\/a><\/td>\n<td>Remarketing<\/td>\n<\/tr>\n<tr>\n<td>PulsePoing<\/td>\n<td><a href=\"http:\/\/www.pulsepoint.com\/privacy-policy.html\" target=\"_blank\" rel=\"noopener\">http:\/\/www.pulsepoint.com\/privacy-policy.html<\/a><\/td>\n<td>Advertising<\/td>\n<\/tr>\n<tr>\n<td>Quantcast<\/td>\n<td><a href=\"https:\/\/www.quantcast.com\/how-we-do-it\/consumer-choice\/privacy-policy\" target=\"_blank\" rel=\"noopener\">https:\/\/www.quantcast.com\/how-we-do-it\/consumer-choice\/privacy-policy<\/a><\/td>\n<td> <\/td> \n<\/tr>\n<tr>\n<td>RadiumOne<\/td>\n<td><a href=\"https:\/\/radiumone.com\/privacy\/\" target=\"_blank\" rel=\"noopener\">https:\/\/radiumone.com\/privacy\/<\/a><\/td>\n<td>Advertising<\/td>\n<\/tr>\n<tr>\n<td>Right Media<\/td>\n<td><a href=\"https:\/\/policies.yahoo.com\/us\/en\/yahoo\/privacy\/\" target=\"_blank\" rel=\"noopener\">https:\/\/policies.yahoo.com\/us\/en\/yahoo\/privacy\/<\/a><\/td>\n<td>Advertising<\/td>\n<\/tr>\n<tr>\n<td>Rubicon<\/td>\n<td><a href=\"http:\/\/rubiconproject.com\/privacy\/\" target=\"_blank\" rel=\"noopener\">http:\/\/rubiconproject.com\/privacy\/<\/a><\/td>\n<td>Advertising ScoreCard<\/td>\n<\/tr>\n<tr>\n<td>Research Beacon<\/td>\n<td><a href=\"http:\/\/www.fullcirclestudies.com\/privacy.aspx\" target=\"_blank\" rel=\"noopener\">http:\/\/www.fullcirclestudies.com\/privacy.aspx<\/a><\/td>\n<td>Advertising<\/td>\n<\/tr>\n<tr>\n<td>Sella<\/td>\n<td><a href=\"https:\/\/www.gruppobancasella.it\/bsh\/privacy\/privacy.jsp\" target=\"_blank\" rel=\"noopener\">https:\/\/www.gruppobancasella.it\/bsh\/privacy\/privacy.jsp<\/a><\/td>\n<td>Payment<\/td>\n<\/tr>\n<tr>\n<td>ShareThis<\/td>\n<td><a href=\"http:\/\/www.sharethis.com\/legal\/privacy\/\" target=\"_blank\" rel=\"noopener\">http:\/\/www.sharethis.com\/legal\/privacy\/<\/a><\/td>\n<td>Widget<\/td>\n<\/tr>\n<tr>\n<td>ShinyStat<\/td>\n<td><a href=\"http:\/\/www.shinystat.com\/en\/privacy.html\" target=\"_blank\" rel=\"noopener\">http:\/\/www.shinystat.com\/en\/privacy.html<\/a><\/td>\n<td>Analytics<\/td>\n<\/tr>\n<tr>\n<td>Twitter Advertising<\/td>\n<td><a href=\"https:\/\/twitter.com\/privacy?lang=it\" target=\"_blank\" rel=\"noopener\">https:\/\/twitter.com\/privacy?lang=it<\/a><\/td>\n<td>Widget<\/td>\n<\/tr>\n<tr>\n<td>Twitter Button<\/td>\n<td><a href=\"https:\/\/twitter.com\/privacy?lang=it\" target=\"_blank\" rel=\"noopener\">https:\/\/twitter.com\/privacy?lang=it<\/a><\/td>\n<td>Widget<\/td>\n<\/tr>\n<tr>\n<td>Zopim<\/td>\n<td><a href=\"https:\/\/www.zopim.com\/privacy\" target=\"_blank\" rel=\"noopener\">https:\/\/www.zopim.com\/privacy<\/a><\/td>\n<td>Chat<\/td>\n<\/tr>\n<\/tbody>\n<\/table>\n<h2>(D) Delingsv\u00e6rkt\u00f8jer p\u00e5 WEBSTEDET<\/h2>\n<p>Hvis du beslutter dig for at dele indholdet fra WEBSTEDET med dine venner via sociale netv\u00e6rk, kan disse websteder sende dig cookies. Vi er ikke i stand til at kontrollere indstillingen af disse cookies, og vi foresl\u00e5r derfor, at du bes\u00f8ger de relevante websteder for at f\u00e5 mere information om deres cookies, og hvordan de administrerer dem. <\/p>\n<h2>Blokering af cookies<\/h2>\n<p>For at kunne bruge webstedet fuldt ud b\u00f8r din computer, tablet eller mobiltelefon acceptere cookies, da du kun ved at aktivere dem kan benytte visse personlige funktioner p\u00e5 vores websted. Vores cookies gemmer ikke f\u00f8lsomme oplysninger som navn og efternavn, adresse eller betalingsoplysninger. Men hvis du foretr\u00e6kker at begr\u00e6nse, blokere eller slette cookies fra dette websted eller ethvert andet websted, kan du g\u00f8re det direkte via din browser. Med n\u00e6sten alle internetbrowsere er det muligt at kontrollere, hvilke cookies der findes p\u00e5 brugerens computer, blokere alle cookies eller modtage en advarsel, hver gang en cookie installeres. Man b\u00f8r dog tage h\u00f8jde for, at manglende installation af en cookie i visse tilf\u00e6lde kan medf\u00f8re, at det ikke er muligt at bruge visse dele af webstedet. Da hver browser er forskellig, skal du g\u00e5 ind i menuen Hj\u00e6lp i din specifikke browser eller se manualen til din mobiltelefon for at vide, hvordan du \u00e6ndrer dine cookie-pr\u00e6ferencer.<br>Her er vejledningen til de mest almindelige:<br>Microsoft Internet Explorer https:\/\/support.microsoft.com\/windows<br>Google Chrome https:\/\/support.google.com\/accounts\/answer\/61416?hl=it<br>Apple Safari https:\/\/support.apple.com\/kb\/PH19214?locale=it_IT<br>Mozilla Firefox<br>https:\/\/support.mozilla.org\/it\/kb\/Attivare%20e%20disattivare%20i%20cookie<br>Opera http:\/\/help.opera.com\/Windows\/10.00\/it\/cookies.html     <\/p>\n<p>For information og for at deaktivere profilering-cookies leveret af tredjeparter, g\u00e5 til webstedet www.youronlinechoices.com\/it<\/p>\n<h2>Oplysninger om behandling af personoplysninger<\/h2>\n<p>Disse oplysninger gives i henhold til artikel 13 i GDPR.<br>Nyhedsbrevet sendes via e-mail til dem, der udtrykkeligt anmoder om det ved at udfylde tilmeldingsformularen p\u00e5 webstedet www.eso.it og give ESO Societ\u00e0 Benefit arl tilladelse til at behandle deres personoplysninger.<br>Afgivelse af oplysninger er valgfri. N\u00e6gtelse af at afgive oplysninger medf\u00f8rer, at det ikke er muligt at modtage nyhedsbrevstjenesten. <\/p>\n<h2>Form\u00e5l med behandlingen<\/h2>\n<p>De personoplysninger, som brugerne afgiver, bruges udelukkende til at sende nyhedsbrevet og vil ikke blive videregivet til tredjeparter.<\/p>\n<h2>Metoder til databehandling<\/h2>\n<p>De indsamlede data behandles med it-v\u00e6rkt\u00f8jer. Der tr\u00e6ffes passende sikkerhedsforanstaltninger for at forhindre tab af data, ulovlig eller forkert brug og uautoriseret adgang. <\/p>\n<h2>Den dataansvarlige<\/h2>\n<p>Den dataansvarlige for de indsamlede data er ESO Societ\u00e0 Benefit arl, som har hjemsted p\u00e5 Via Giuseppe Ungaretti 27 &#8211; 20090 Opera (MI)<\/p>\n<h2>Databehandler<\/h2>\n<p>I tilf\u00e6lde af behov for aktiviteter relateret til vedligeholdelse af webstedets teknologiske del, kan data i forbindelse med nyhedsbrevstjenesten behandles af eksterne parter, der er udpeget som databehandlere i henhold til artikel 28 i REG 679\/16 om beskyttelse af personoplysninger.<\/p>\n<h2>De registreredes rettigheder<\/h2>\n<p>De personer, som personoplysningerne vedr\u00f8rer, har til enhver tid ret til at f\u00e5 bekr\u00e6ftet, om s\u00e5danne oplysninger findes eller ej, og til at kende deres indhold og oprindelse, kontrollere deres n\u00f8jagtighed eller anmode om deres supplering eller opdatering eller berigtigelse (artikel 16-17 i GDPR). I henhold til artikel 17, 18, 19, 20 og 21 har man ret til at anmode om sletning, anonymisering eller blokering af data, der behandles i strid med loven, samt i alle tilf\u00e6lde at mods\u00e6tte sig behandlingen af legitime grunde. Anmodninger skal rettes til f\u00f8lgende kontakt: info@eso.it.  <\/p>\n<h2>Kort information om nyhedsbrev<\/h2>\n<p>Vi informerer dig om, at de indsamlede personoplysninger i henhold til art. 13 og 14 i GDPR vil blive behandlet, ogs\u00e5 med it-v\u00e6rkt\u00f8jer, udelukkende for at sende dig det anmodede nyhedsbrev samt til kommercielle og markedsf\u00f8ringsm\u00e6ssige form\u00e5l via procedurer, der er egnede til at garantere sikkerhed og fortrolighed. Dataansvarlig for personoplysningerne er: ESO Societ\u00e0 Benefit arl. Inden for rammerne af de n\u00e6vnte form\u00e5l kan denne videregive s\u00e5danne oplysninger til sine databehandlere, der udf\u00f8rer de f\u00f8rn\u00e6vnte aktiviteter p\u00e5 dennes vegne, og hvis liste opbevares p\u00e5 dennes registrerede kontor og er tilg\u00e6ngelig for den registrerede efter specifik anmodning. I forhold til de afgivne personoplysninger kan du ud\u00f8ve alle rettigheder i henhold til art. 15 i REG. 679\/16. Det er underforst\u00e5et, at afgivelse af oplysninger er valgfri, men en eventuel n\u00e6gtelse af at give os dine personoplysninger helt eller delvist kan medf\u00f8re manglende eller delvis udf\u00f8relse af den indsendte anmodning. For ikke l\u00e6ngere at modtage nyhedsbrevet skal du klikke p\u00e5 punktet &#8220;Afmeld nyhedsbrev&#8221; placeret i slutningen af vores meddelelser eller skrive til info@eso.it. For at se de fulde oplysninger, l\u00e6s privatlivspolitikken eller send en udtrykkelig anmodning til den dataansvarlige.        <\/p>\n<footer class=\"footer\">\n<div class=\"container\">\n<p class=\"text-muted\"><big><b>ESO Societ\u00e0 Benefit arl &#8211; Via Giuseppe Ungaretti 27 &#8211; 20090 Opera (MI)<\/b><\/big><br><b>Tlf.<\/b> 02 530111 &#8211; <b>Fax.<\/b> 02 53011209 &#8211; <b>Momsnr. \/ C.F.<\/b> 13288930152<br><b>REA-nummer<\/b> 1636344 &#8211; <b>Indbetalt selskabskapital Euro<\/b> 94.460,00 &#8211; <b>PEC-adresse<\/b> info@pec.esoweb.it<\/p>\n<\/div>\n<\/footer><\/div>\n<\/div>\n<\/div><\/div>\n","protected":false},"excerpt":{"rendered":"<p>Hvad er cookies, og hvad bruges de til? &hellip;<\/p>\n","protected":false},"author":1,"featured_media":0,"parent":0,"menu_order":0,"comment_status":"closed","ping_status":"closed","template":"","meta":{"_acf_changed":false,"footnotes":""},"class_list":["post-12291","page","type-page","status-publish","hentry"],"acf":[],"_links":{"self":[{"href":"https:\/\/www.esosport.it\/da\/wp-json\/wp\/v2\/pages\/12291","targetHints":{"allow":["GET"]}}],"collection":[{"href":"https:\/\/www.esosport.it\/da\/wp-json\/wp\/v2\/pages"}],"about":[{"href":"https:\/\/www.esosport.it\/da\/wp-json\/wp\/v2\/types\/page"}],"author":[{"embeddable":true,"href":"https:\/\/www.esosport.it\/da\/wp-json\/wp\/v2\/users\/1"}],"replies":[{"embeddable":true,"href":"https:\/\/www.esosport.it\/da\/wp-json\/wp\/v2\/comments?post=12291"}],"version-history":[{"count":2,"href":"https:\/\/www.esosport.it\/da\/wp-json\/wp\/v2\/pages\/12291\/revisions"}],"predecessor-version":[{"id":13912,"href":"https:\/\/www.esosport.it\/da\/wp-json\/wp\/v2\/pages\/12291\/revisions\/13912"}],"wp:attachment":[{"href":"https:\/\/www.esosport.it\/da\/wp-json\/wp\/v2\/media?parent=12291"}],"curies":[{"name":"wp","href":"https:\/\/api.w.org\/{rel}","templated":true}]}}