{"id":12293,"date":"2017-04-14T12:11:42","date_gmt":"2017-04-14T10:11:42","guid":{"rendered":"https:\/\/www.esosport.it\/la-pista-di-pietro-et-esosport-projekt\/"},"modified":"2026-04-14T12:01:40","modified_gmt":"2026-04-14T10:01:40","slug":"la-pista-di-pietro-et-esosport-projekt","status":"publish","type":"page","link":"https:\/\/www.esosport.it\/da\/la-pista-di-pietro-et-esosport-projekt\/","title":{"rendered":"Pietros bane \u2013 et esosport-projekt"},"content":{"rendered":"\n<section id=\"block_43ad92dac2b655f313b820764fd45194\" class=\"acf-block acf-block-occhiello-titolo-testo\">\n    <div class=\"container py-8\">\n        <div class=\"flex flex-col gap-4 text-center\">\n            <hgroup class=\"flex flex-col gap-1\">\n                <h2 class=\"uppercase font-medium reveal\"><\/h2>\n                                    <h1 class=\"text-lg lg:text-xl reveal\">Pietros bane, et esosport-projekt<\/h1>\n                            <\/hgroup>\n            <hr class=\"divider mx-auto reveal\" \/>\n            <div class=\"reveal\"><\/div>\n        <\/div>\n    <\/div>\n<\/section>\n\n\n<section id=\"block_a11aa0e1ccde1f632ad438d8c6f1f438\" class=\"acf-block acf-block-occhiello-titolo-testo\">\n    <div class=\"container py-8\">\n        <div class=\"flex flex-col gap-4 text-center\">\n            <hgroup class=\"flex flex-col gap-1\">\n                <h2 class=\"uppercase font-medium reveal\"><\/h2>\n                                    <figure class=\"wp-block-image aligncenter mx-auto\">\n                        <img decoding=\"async\" src=\"https:\/\/www.esosport.it\/wp-content\/uploads\/2020\/03\/pista-di-pietro.jpeg\" alt=\"\" title=\"\">\n                    <\/figure>\n                            <\/hgroup>\n            <hr class=\"divider mx-auto reveal\" \/>\n            <div class=\"reveal\"><\/div>\n        <\/div>\n    <\/div>\n<\/section>\n\n<div class=\"wp-block-image is-style-default\">\n<figure class=\"aligncenter size-full is-resized\"><img loading=\"lazy\" decoding=\"async\" width=\"1463\" height=\"438\" src=\"https:\/\/www.esosport.it\/wp-content\/uploads\/2025\/06\/2015-LogoLaPistaDiPietro-without-R.png\" alt=\"Logo for La pista di PIETRO\" class=\"wp-image-7995\" style=\"width:291px;height:auto\" title=\"\"><\/figure><\/div>\n\n\n<div style=\"height:35px\" aria-hidden=\"true\" class=\"wp-block-spacer\"><\/div>\n\n\n\n<div class=\"wp-block-group\"><div class=\"wp-block-group__inner-container is-layout-constrained wp-block-group-is-layout-constrained\">\n<h3><strong>&#8220;La Pista di Pietro&#8221;<\/strong> er et initiativ, der supplerer projektet <a class=\"text-blue-500 underline\" href=\"http:\/\/www.esosport.it\/il-giardino-di-betty\/\"> <strong>&#8220;Il Giardino di Betty&#8221;<\/strong> <\/a> og har til form\u00e5l at skabe <strong>nye atletikbaner<\/strong>, dedikeret til den ber\u00f8mte atlet <strong>Pietro Mennea<\/strong>, ved at bruge materiale fra genbrug af sportssko, udtjente d\u00e6k og slanger som grundlag for underlaget.<\/h3>\n<p><!-- Paragrafo successivo --><\/p>\n<p class=\"mt-4\">Konen til <strong>den olympiske mester i 200 meter i Moskva 1980<\/strong> og indehaver af verdensrekorden i 17 \u00e5r, Manuela Olivieri, har tilsluttet sig initiativet ved at donere et par af sin mands l\u00f8besko, en symbolsk gestus for at vidne om, at der i hver &#8220;Pista di Pietro&#8221; vil v\u00e6re en lille <strong>del af materialet fra disse ber\u00f8mte sko<\/strong>.<\/p>\n\n\n\n<div style=\"height:40px\" aria-hidden=\"true\" class=\"wp-block-spacer\"><\/div>\n\n\n<div class=\"wp-block-image\">\n<figure class=\"aligncenter size-full is-resized\"><img loading=\"lazy\" decoding=\"async\" width=\"680\" height=\"1024\" src=\"https:\/\/esosport-it.lndo.site\/wp-content\/uploads\/2017\/04\/moglie_pietro_mennea.jpg\" alt=\"moglie_pietro_mennea\" class=\"wp-image-1922\" style=\"width:332px;height:auto\" title=\"\" srcset=\"https:\/\/www.esosport.it\/wp-content\/uploads\/2017\/04\/moglie_pietro_mennea.jpg 680w, https:\/\/www.esosport.it\/wp-content\/uploads\/2017\/04\/moglie_pietro_mennea-199x300.jpg 199w\" sizes=\"auto, (max-width: 680px) 100vw, 680px\" \/><\/figure><\/div>\n\n\n<div style=\"height:40px\" aria-hidden=\"true\" class=\"wp-block-spacer\"><\/div>\n\n\n\n<p>I marts 2015, i Rom, under pr\u00e6sentationen af initiativet, udtalte Paolo Masini, dengang assessor for Sport og Skole i kommunen Roma Capitale, som ideen om at supplere &#8220;Il Giardino di Betty&#8221; med &#8220;Pista di Pietro&#8221; kom fra: &#8220;Skoene fra en af de st\u00f8rste mestre vil v\u00e6re den \u00e6gte &#8216;surdej&#8217;, der er til stede i fibrene i det materiale, som vil udg\u00f8re alle de overflader, vi sammen vil skabe.&#8221;<\/p>\n<\/p>\n<p>Bel\u00e6gningen, skabt ved at omdanne udtjente sportssko, vil b\u00e6re en del af den store atletes dr\u00f8m med sig: at forts\u00e6tte med at l\u00f8be.<\/p>\n<\/p>\n\n\n\n<div style=\"height:40px\" aria-hidden=\"true\" class=\"wp-block-spacer\"><\/div>\n\n\n<div class=\"wp-block-image\">\n<figure class=\"aligncenter size-full is-resized\"><img loading=\"lazy\" decoding=\"async\" width=\"461\" height=\"681\" src=\"https:\/\/esosport-it.lndo.site\/wp-content\/uploads\/2017\/04\/atleta_pietro_mennea.jpg\" alt=\"atleta_pietro_mennea\" class=\"wp-image-1920\" style=\"width:332px\" title=\"\" srcset=\"https:\/\/www.esosport.it\/wp-content\/uploads\/2017\/04\/atleta_pietro_mennea.jpg 461w, https:\/\/www.esosport.it\/wp-content\/uploads\/2017\/04\/atleta_pietro_mennea-203x300.jpg 203w\" sizes=\"auto, (max-width: 461px) 100vw, 461px\" \/><\/figure><\/div>\n\n\n<section id=\"block_ed0a6fac1ef09fc2d6875ae8696f87ef\" class=\"acf-block acf-block-occhiello-titolo-testo\">\n    <div class=\"container py-8\">\n        <div class=\"flex flex-col gap-4 text-center\">\n            <hgroup class=\"flex flex-col gap-1\">\n                <h2 class=\"uppercase font-medium reveal\"><\/h2>\n                                    <h1 class=\"text-lg lg:text-xl reveal\">Biografi om Pietro Mennea<\/h1>\n                            <\/hgroup>\n            <hr class=\"divider mx-auto reveal\" \/>\n            <div class=\"reveal\"><p class=\"mt-4\">\n<p class=\"mt-4\">\n<\/div>\n        <\/div>\n    <\/div>\n<\/section>\n\n\n<p class=\"mt-4\"><strong>F\u00f8dt i Barletta (Bari) den 28. juni 1952, d\u00f8d i Rom den 21. marts 2013; 1,79 m h\u00f8j og 68 kg. Tr\u00e6ner: Carlo Vittori. Landskampe: 51. I 1979 verdensrekordholder p\u00e5 200 meter med 19,72. Olympisk mester (1980) p\u00e5 200 meter, europamester (1978) p\u00e5 100 meter og (1974 og 1978) p\u00e5 200 meter.    <\/strong><\/p>\n<\/p>\n<p class=\"mt-4\">Uddannet i regnskab og idr\u00e6t, kandidat i statskundskab. Tr\u00e6net i begyndelsen af prof. Mascolo, skiftede han hurtigt fra <strong>mellemdistance<\/strong> til sprint. Tidligere havde han spillet lidt fodbold.   <\/p>\n<\/p>\n<p class=\"mt-4\">I sit f\u00f8rste \u00e5r som junior kom han p\u00e5 landsholdet, og i det andet \u00e5r vandt han den italienske titel p\u00e5 200 meter. Prof. Vittori tog ham under sine vinger fra s\u00e6sonen 1971, da Pietro vandt 200 meter ved Middelhavslegene og ved de italienske mesterskaber. I <strong>1972<\/strong> kom han p\u00e5 podiet ved <strong>OL<\/strong>, i <strong>1973<\/strong> vandt han ved <strong>Universiaderne<\/strong>, i <strong>1974<\/strong> ved <strong>EM<\/strong>, og i <strong>1975<\/strong> igen ved <strong>Middelhavslegene<\/strong> og ved <strong>Universiaderne<\/strong>.  <\/p>\n<\/p>\n<p class=\"mt-4\">Hans bedste fire\u00e5rsperiode var fra <strong>1977 til 1980<\/strong>, \u00e5r hvor han blev <strong>planetens bedste 200-meterl\u00f8ber<\/strong>, med en verdensrekord p\u00e5 <strong>19,72 ved Universiaden i Mexico City i 1979<\/strong> (vind, 1,8 meter) og med en <strong>olympisk sejr i 1980 i Moskva<\/strong>, hvor han sejrede i en voldsom finale over skotten Allan Wells (20,19 mod 20,21).<\/p>\n<\/p>\n<p class=\"mt-4\">Han trak sig derefter tilbage i n\u00e6sten to \u00e5r og vendte tilbage til konkurrencerne i slutningen af 1982, og var stadig hovedperson, fra vinteren <strong>1983<\/strong> (<strong>verdensrekord indend\u00f8rs p\u00e5 200 meter<\/strong>). Efter at have trukket sig tilbage i slutningen af 1984 vendte han tilbage til l\u00f8b i slutningen af 1987 og deltog i sit <strong>femte OL i Seoul<\/strong>. Han forbedrede de nationale rekorder betydeligt: p\u00e5 100 meter til 10,0 manuelt (Milano, 1972) og 10,01 (Mexico, 1979), europ\u00e6isk rekord.  <\/p>\n<\/p>\n<p class=\"mt-4\"><strong>Han var ogs\u00e5 i stand til 45,87 (1977) p\u00e5 400 meter<\/strong>. Hans mest imponerende &#8220;serier&#8221; kan identificeres i, hvad han opn\u00e5ede ved EM i 1978 i Prag: mellem indledende heat og finaler, 10 l\u00f8b p\u00e5 6 dage, med en ekstraordin\u00e6r 44,4 i den sidste indsats, en etape af 4&#215;400 meter; og i, hvad han opn\u00e5ede efter OL i Moskva (1980): 8 l\u00f8b p\u00e5 200 meter p\u00e5 omkring halvtreds dage, i Europa og i Fjern\u00f8sten, hvor han vandt hver gang med et gennemsnit p\u00e5 20,07. <\/p>\n<\/p>\n<p class=\"mt-4\"><strong>Han havde ogs\u00e5 en str\u00e5lende karriere p\u00e5 det politisk-professionelle omr\u00e5de og n\u00e5ede til Europa-Parlamentet.<\/strong><\/p>\n<\/p>\n\n\n\n<figure class=\"wp-block-embed aligncenter is-type-video is-provider-youtube wp-block-embed-youtube wp-embed-aspect-16-9 wp-has-aspect-ratio\"><div class=\"wp-block-embed__wrapper\">\r\n<iframe loading=\"lazy\" title=\"Pietro Mennea: record mondiale nei 200 mt a Citt\u00e0 del Messico - 14 settembre 1979 -\" width=\"500\" height=\"375\" src=\"https:\/\/www.youtube.com\/embed\/-hWcaYeJEe0?feature=oembed\" frameborder=\"0\" allow=\"accelerometer; autoplay; clipboard-write; encrypted-media; gyroscope; picture-in-picture; web-share\" referrerpolicy=\"strict-origin-when-cross-origin\" allowfullscreen><\/iframe>\r\n<\/div><\/figure><br>\n\n\n\n<figure class=\"wp-block-embed aligncenter is-type-video is-provider-youtube wp-block-embed-youtube wp-embed-aspect-16-9 wp-has-aspect-ratio\"><div class=\"wp-block-embed__wrapper\">\r\n<iframe loading=\"lazy\" title=\"MOSCA 1980 FINALE SUI 200 METRI MENNEA CON TELECRONACA RAI DI PAOLO ROSI\" width=\"500\" height=\"375\" src=\"https:\/\/www.youtube.com\/embed\/Fr5U7t-HR9A?feature=oembed\" frameborder=\"0\" allow=\"accelerometer; autoplay; clipboard-write; encrypted-media; gyroscope; picture-in-picture; web-share\" referrerpolicy=\"strict-origin-when-cross-origin\" allowfullscreen><\/iframe>\r\n<\/div><\/figure><br>\n\n\n\n<div class=\"my-4\"> <\/div>\n<\/p>\n<p><!-- Introduzione --><\/p>\n<\/p>\n<p><!-- Immagine --><\/p>\n<\/p>\n<p><!-- Paragrafo successivo --><\/p>\n<\/p>\n<p><!-- Immagine --><\/p>\n<\/p>\n<p><!-- Biografia --><\/p>\n<\/p>\n<p><!-- Video Iframe 1 --><\/p>\n<\/p>\n<p><!-- Video Iframe 2 --><\/p>\n<\/p>\n<p><!-- Curriculum --><\/p>\n<\/p>\n<p class=\"mt-6\"><strong>Curriculum<br \/><\/strong><br \/><strong>Italienske titler:<\/strong> 1974, 1978, 1980 100 meter &#8211; 1971, 1972, 1973, 1974, 1976, 1977, 1978, 1979, 1980, 1983, 1984 200 meter &#8211; 1974 4 x 100 meter &#8211; 1974 4 x 200 meter<\/p>\n<\/p>\n<p><strong>Olympiske lege:<\/strong> 3\/1972 200 meter, 4\/1976 200 meter, elimin. qf\/1980 100 meter, 1\/1980 200 meter, 3\/1980 4 x 400 meter, 7\/1984 200 meter, 4\/1984 4 x 100 meter, 5\/1984 4 x 400 meter, elimin. qf\/1988 200 meter  <\/p>\n<\/p>\n<p><strong>Verdensmesterskaber:<\/strong> 3\/1983 200 meter, 2\/1983 4 x 100 meter<\/p>\n<\/p>\n<p><strong>Europamesterskaber:<\/strong> 6\/1971 200 meter, 3\/1971 4 x 100 meter, 2\/1974 100 meter, 1\/1974 200 meter, 2\/1974 4 x 100 meter, 1\/1978 100 meter, 1\/1978 200 meter, 5\/1978 4 x 100 meter, 7\/1978 4 x 400 meter, 6\/1982 4 x 400 meter<\/p>\n<\/p>\n<p><strong>Europamesterskaber indend\u00f8rs:<\/strong> 1\/1978 400 meter<\/p>\n<\/p>\n<p><strong>Europamesterskaber for juniorer:<\/strong> 5\/1970 200 meter, 6\/1970 4 x 100 meter<\/p>\n<\/p>\n<p><strong>Verdenscup:<\/strong> 4\/100 meter 1977, 2\/1977 200 meter<\/p>\n<\/p>\n<p><strong>Europa Cup:<\/strong> 2\/1975 100 meter, 1\/1975 200 meter, 3\/1975 4 x 100 meter, 2\/1977 100 meter, diskvalif.\/1977 4 x 100 meter, 1\/1979 100 meter, 2\/1979 200 meter, 4\/1979 4 x 100 meter, 2\/1983 200 meter, 1\/1983 4 x 100 meter<\/p>\n<\/p>\n<p><!-- Performance 100 metri --><\/p>\n<\/p>\n<p class=\"mt-4\"><strong>Pr\u00e6stationer 100 meter<\/strong><br \/>10,01 (1) Mexico City 4-9-79<br \/>10,15 (1) Torino 4-8-79<br \/>10,15 (1)b2 Split 23-9-79<br \/>10,18 (1) Bologna 19-9-79<br \/>10,19 (1)b2 Prag 29-8-78<br \/>10,19 (1) Torino 24-6-80<br \/>10,20 (1) Torino 12-7-75<br \/>10,22 (1) Lignano Sabbiadoro 18-8-79<br \/>10,23 (4) Z\u00fcrich 20-8-75<br \/>10,23 (4) Milano 1-7-78<br \/>manuelle tider<br \/>10,0 (2) Milano 16-6-72<br \/>10,0 (1) Palermo 10-9-75<br \/>10,0 (1) Lissabon 3-6-79<\/p>\n<\/p>\n<p><!-- Performance 200 metri --><\/p>\n<\/p>\n<p class=\"mt-4\"><strong>Pr\u00e6stationer 200 meter<\/strong><br \/>19,72 (1) Mexico City 12-9-79<br \/>19,96 (1)b9 Mexico City 10-9-79<br \/>19,96 (1) Barletta 17-8-80<br \/>20,01 (1) Rom 5-8-80<br \/>20,03 (1) Tokyo 20-9-80<br \/>20,03 (1) Beijing 27-9-80<br \/>20,04 (1)sf Mexico City 11-9-79<br \/>20,05 (1) Bruxelles 22-8-80<br \/>20,07 (1) Rovereto 13-8-80<br \/>20,07 (1) Brindisi 3-10-84<br \/>20,09 (1) Brindisi 14-10-84<br \/>manuelle tider<br \/>19,8 (1) Mexico City 3-9-79<\/p>\n<\/p>\n<p class=\"mt-2\">b = heat; sf = semifinale<\/p>\n<\/p>\n<p><!-- Primati Table --><\/p>\n<\/p>\n<h4 class=\"text-xl mt-6\">Rekorder<\/h4>\n<\/p>\n<div class=\"overflow-x-auto\">\n<table class=\"min-w-full border-collapse border border-gray-400 mt-4\">\n<thead>\n<tr>\n<th class=\"border px-4 py-2\">DISCIPLIN<\/th>\n<th class=\"border px-4 py-2\">TYPE<\/th>\n<th class=\"border px-4 py-2\">PR\u00c6STATION<\/th>\n<th class=\"border px-4 py-2\">VIND<\/th>\n<th class=\"border px-4 py-2\">\u00c5R<\/th>\n<th class=\"border px-4 py-2\">BY<\/th>\n<\/tr>\n<\/thead>\n<tbody>\n<tr>\n<td class=\"border px-4 py-2\">100 meter<\/td>\n<td class=\"border px-4 py-2\">Bane<\/td>\n<td class=\"border px-4 py-2\">10.0<\/td>\n<td class=\"border px-4 py-2\">&#8211;<\/td>\n<td class=\"border px-4 py-2\">1972<\/td>\n<td class=\"border px-4 py-2\">Milano<\/td>\n<\/tr>\n<tr>\n<td class=\"border px-4 py-2\">150 meter<\/td>\n<td class=\"border px-4 py-2\">Bane<\/td>\n<td class=\"border px-4 py-2\">14.8<\/td>\n<td class=\"border px-4 py-2\">&#8211;<\/td>\n<td class=\"border px-4 py-2\">1983<\/td>\n<td class=\"border px-4 py-2\">Cassino<\/td>\n<\/tr>\n<tr>\n<td class=\"border px-4 py-2\">200 meter<\/td>\n<td class=\"border px-4 py-2\">Bane<\/td>\n<td class=\"border px-4 py-2\">19.96<\/td>\n<td class=\"border px-4 py-2\">&#8211;<\/td>\n<td class=\"border px-4 py-2\">1980<\/td>\n<td class=\"border px-4 py-2\">Barletta<\/td>\n<\/tr>\n<tr>\n<td class=\"border px-4 py-2\">300 meter<\/td>\n<td class=\"border px-4 py-2\">Bane<\/td>\n<td class=\"border px-4 py-2\">32.2<\/td>\n<td class=\"border px-4 py-2\">&#8211;<\/td>\n<td class=\"border px-4 py-2\">1975<\/td>\n<td class=\"border px-4 py-2\">Formia<\/td>\n<\/tr>\n<\/tbody>\n<\/table>\n<\/div>\n<p><!-- Fonte --><\/p>\n<\/p>\n<p class=\"mt-4\">Kilde: <a class=\"text-blue-500 underline\" href=\"http:\/\/www.fidal.it\/atleta\/Pietro-MENNEA\/fKuTlpQ%3D\" target=\"_blank\" rel=\"noopener noreferrer\"> FIDAL <\/a> <\/p>\n<\/p>\n\n\n\n<div style=\"height:45px\" aria-hidden=\"true\" class=\"wp-block-spacer\"><\/div>\n\n\n\n<section id=\"block_b08dc47e8d03b3c482c8450e47305f00\" class=\"acf-block acf-block-occhiello-titolo-testo\">\n    <div class=\"container py-8\">\n        <div class=\"flex flex-col gap-4 text-center\">\n            <hgroup class=\"flex flex-col gap-1\">\n                <h2 class=\"uppercase font-medium reveal\">ANMOD OM OPLYSNINGER<\/h2>\n                                    <h1 class=\"text-lg lg:text-xl reveal\">Er du interesseret i at realisere en Pietro-bane? Udfyld formularen nedenfor<\/h1>\n                            <\/hgroup>\n            <hr class=\"divider mx-auto reveal\" \/>\n            <div class=\"reveal\"><\/div>\n        <\/div>\n    <\/div>\n<\/section>\n\n\n<div class=\"wpcf7 no-js\" id=\"wpcf7-f14050-o1\" lang=\"it-IT\" dir=\"ltr\" data-wpcf7-id=\"14050\">\n<div class=\"screen-reader-response\"><p role=\"status\" aria-live=\"polite\" aria-atomic=\"true\"><\/p> <ul><\/ul><\/div>\n<form action=\"\/da\/wp-json\/wp\/v2\/pages\/12293#wpcf7-f14050-o1\" method=\"post\" class=\"wpcf7-form init\" aria-label=\"Contact form\" novalidate=\"novalidate\" data-status=\"init\">\n<div style=\"display: none;\">\n<input type=\"hidden\" name=\"_wpcf7\" value=\"14050\" \/>\n<input type=\"hidden\" name=\"_wpcf7_version\" value=\"6.0.6\" \/>\n<input type=\"hidden\" name=\"_wpcf7_locale\" value=\"it_IT\" \/>\n<input type=\"hidden\" name=\"_wpcf7_unit_tag\" value=\"wpcf7-f14050-o1\" \/>\n<input type=\"hidden\" name=\"_wpcf7_container_post\" value=\"0\" \/>\n<input type=\"hidden\" name=\"_wpcf7_posted_data_hash\" value=\"\" \/>\n<input type=\"hidden\" name=\"_wpcf7_recaptcha_response\" value=\"\" \/>\n<\/div>\n<p><label> Fornavn (p\u00e5kr\u00e6vet)<br \/>\n<span class=\"wpcf7-form-control-wrap\" data-name=\"your-name\"><input size=\"40\" maxlength=\"400\" class=\"wpcf7-form-control wpcf7-text wpcf7-validates-as-required\" aria-required=\"true\" aria-invalid=\"false\" value=\"\" type=\"text\" name=\"your-name\" \/><\/span><br \/>\n<\/label>\n<\/p>\n<p><label> Efternavn (p\u00e5kr\u00e6vet)<br \/>\n<span class=\"wpcf7-form-control-wrap\" data-name=\"your-surname\"><input size=\"40\" maxlength=\"400\" class=\"wpcf7-form-control wpcf7-text wpcf7-validates-as-required\" aria-required=\"true\" aria-invalid=\"false\" value=\"\" type=\"text\" name=\"your-surname\" \/><\/span><br \/>\n<\/label>\n<\/p>\n<p><label> Virksomhed (p\u00e5kr\u00e6vet)<br \/>\n<span class=\"wpcf7-form-control-wrap\" data-name=\"your-company\"><input size=\"40\" maxlength=\"400\" class=\"wpcf7-form-control wpcf7-text wpcf7-validates-as-required\" aria-required=\"true\" aria-invalid=\"false\" value=\"\" type=\"text\" name=\"your-company\" \/><\/span><br \/>\n<\/label>\n<\/p>\n<p><label> Din e-mail (p\u00e5kr\u00e6vet)<br \/>\n<span class=\"wpcf7-form-control-wrap\" data-name=\"your-email\"><input size=\"40\" maxlength=\"400\" class=\"wpcf7-form-control wpcf7-email wpcf7-validates-as-required wpcf7-text wpcf7-validates-as-email\" aria-required=\"true\" aria-invalid=\"false\" value=\"\" type=\"email\" name=\"your-email\" \/><\/span><br \/>\n<\/label>\n<\/p>\n<p><label> Telefon (p\u00e5kr\u00e6vet)<br \/>\n<span class=\"wpcf7-form-control-wrap\" data-name=\"your-phone\"><input size=\"40\" maxlength=\"400\" class=\"wpcf7-form-control wpcf7-text wpcf7-validates-as-required\" aria-required=\"true\" aria-invalid=\"false\" value=\"\" type=\"text\" name=\"your-phone\" \/><\/span><br \/>\n<\/label>\n<\/p>\n<p><label> Mobil<br \/>\n<span class=\"wpcf7-form-control-wrap\" data-name=\"your-mobile\"><input size=\"40\" maxlength=\"400\" class=\"wpcf7-form-control wpcf7-text\" aria-invalid=\"false\" value=\"\" type=\"text\" name=\"your-mobile\" \/><\/span><br \/>\n<\/label>\n<\/p>\n<p><label> Adresse<br \/>\n<span class=\"wpcf7-form-control-wrap\" data-name=\"your-adress\"><input size=\"40\" maxlength=\"400\" class=\"wpcf7-form-control wpcf7-text\" aria-invalid=\"false\" value=\"\" type=\"text\" name=\"your-adress\" \/><\/span><br \/>\n<\/label>\n<\/p>\n<p><label> Postnummer<br \/>\n<span class=\"wpcf7-form-control-wrap\" data-name=\"your-cap\"><input size=\"40\" maxlength=\"400\" class=\"wpcf7-form-control wpcf7-text\" aria-invalid=\"false\" value=\"\" type=\"text\" name=\"your-cap\" \/><\/span><br \/>\n<\/label>\n<\/p>\n<p><label> By<br \/>\n<span class=\"wpcf7-form-control-wrap\" data-name=\"your-citta\"><input size=\"40\" maxlength=\"400\" class=\"wpcf7-form-control wpcf7-text\" aria-invalid=\"false\" value=\"\" type=\"text\" name=\"your-citta\" \/><\/span><br \/>\n<\/label>\n<\/p>\n<p><label> Region \/ Provins<br \/>\n<span class=\"wpcf7-form-control-wrap\" data-name=\"your-provincia\"><input size=\"40\" maxlength=\"400\" class=\"wpcf7-form-control wpcf7-text\" aria-invalid=\"false\" value=\"\" type=\"text\" name=\"your-provincia\" \/><\/span><br \/>\n<\/label>\n<\/p>\n<p><label> V\u00e6lg typen af foresp\u00f8rgsel (p\u00e5kr\u00e6vet)<br \/>\n<span class=\"wpcf7-form-control-wrap\" data-name=\"menu-821\"><select class=\"wpcf7-form-control wpcf7-select wpcf7-validates-as-required\" aria-required=\"true\" aria-invalid=\"false\" name=\"menu-821\"><option value=\"Anmodning om information\">Anmodning om information<\/option><option value=\"Anmodning om tilbud\">Anmodning om tilbud<\/option><\/select><\/span><br \/>\n<\/label>\n<\/p>\n<p><label> Inds\u00e6t detaljerne for din foresp\u00f8rgsel (p\u00e5kr\u00e6vet)<br \/>\n<span class=\"wpcf7-form-control-wrap\" data-name=\"request-details\"><textarea cols=\"40\" rows=\"10\" maxlength=\"2000\" class=\"wpcf7-form-control wpcf7-textarea wpcf7-validates-as-required\" aria-required=\"true\" aria-invalid=\"false\" name=\"request-details\"><\/textarea><\/span><br \/>\n<\/label>\n<\/p>\n<p><span class=\"wpcf7-form-control wpcf7-acceptance\"><span class=\"wpcf7-list-item\"><label><span class=\"wpcf7-form-control-wrap\" data-name=\"acceptance-731\"><span class=\"wpcf7-form-control wpcf7-acceptance\"><span class=\"wpcf7-list-item\"><input type=\"checkbox\" name=\"acceptance-731\" value=\"1\" aria-invalid=\"false\" \/><\/span><\/span><\/span> Jeg giver mit samtykke til indsamling og behandling af mine personoplysninger i henhold til art. 13 og art. 14 i GDPR 2016\/679, udelukkende til intern brug samt til at modtage kommunikation og informations- og\/eller reklamemateriale vedr\u00f8rende vores tjenester.<\/label><\/span><\/span>\n<\/p>\n<p><label><br \/>\n<input class=\"wpcf7-form-control wpcf7-submit has-spinner\" type=\"submit\" value=\"Send\" \/><br \/>\n<\/label>\n<\/p><div class=\"wpcf7-response-output\" aria-hidden=\"true\"><\/div>\n<\/form>\n<\/div>\n\n<\/div><\/div>\n\n\n\n    <section id=\"block_ab203ddac2fe3080d15b1c8158bf4dd5\" class=\"acf-block acf-block-lista-posts\">\n\n        <div class=\"container py-8\">\n            <div class=\"grid lg:grid-cols-3 gap-8 lg:gap-16\">\n\n                \n            <\/div>\n        <\/div>\n\n        \r\n<!-- pagination -->\r\n\r\n<div class=\"pagination\">\r\n    <\/div>\r\n\r\n<!-- \/pagination -->\r\n\n    <\/section>\n\n","protected":false},"excerpt":{"rendered":"<p>&#8220;La Pista di Pietro&#8221; er et initiativ, der &hellip;<\/p>\n","protected":false},"author":1,"featured_media":0,"parent":0,"menu_order":0,"comment_status":"closed","ping_status":"closed","template":"","meta":{"_acf_changed":false,"footnotes":""},"class_list":["post-12293","page","type-page","status-publish","hentry"],"acf":[],"_links":{"self":[{"href":"https:\/\/www.esosport.it\/da\/wp-json\/wp\/v2\/pages\/12293","targetHints":{"allow":["GET"]}}],"collection":[{"href":"https:\/\/www.esosport.it\/da\/wp-json\/wp\/v2\/pages"}],"about":[{"href":"https:\/\/www.esosport.it\/da\/wp-json\/wp\/v2\/types\/page"}],"author":[{"embeddable":true,"href":"https:\/\/www.esosport.it\/da\/wp-json\/wp\/v2\/users\/1"}],"replies":[{"embeddable":true,"href":"https:\/\/www.esosport.it\/da\/wp-json\/wp\/v2\/comments?post=12293"}],"version-history":[{"count":10,"href":"https:\/\/www.esosport.it\/da\/wp-json\/wp\/v2\/pages\/12293\/revisions"}],"predecessor-version":[{"id":15107,"href":"https:\/\/www.esosport.it\/da\/wp-json\/wp\/v2\/pages\/12293\/revisions\/15107"}],"wp:attachment":[{"href":"https:\/\/www.esosport.it\/da\/wp-json\/wp\/v2\/media?parent=12293"}],"curies":[{"name":"wp","href":"https:\/\/api.w.org\/{rel}","templated":true}]}}