{"id":12295,"date":"2017-04-20T14:19:34","date_gmt":"2017-04-20T12:19:34","guid":{"rendered":"https:\/\/www.esosport.it\/privatlivspolitik\/"},"modified":"2026-03-06T12:17:12","modified_gmt":"2026-03-06T11:17:12","slug":"privatlivspolitik","status":"publish","type":"page","link":"https:\/\/www.esosport.it\/da\/privatlivspolitik\/","title":{"rendered":"Privatlivspolitik"},"content":{"rendered":"\n<div style=\"height:100px\" aria-hidden=\"true\" class=\"wp-block-spacer\"><\/div>\n\n<div class=\"wp-block-group\"><div class=\"wp-block-group__inner-container is-layout-constrained wp-block-group-is-layout-constrained\">\n<p><strong>ESO Societ\u00e0 Benefit arl<\/strong> anser brugernes privatliv for at v\u00e6re af grundl\u00e6ggende betydning og garanterer, at behandlingen af personoplysninger, der indtastes, indsamles og behandles via hjemmesiden www.eso.it, foreg\u00e5r under overholdelse af den registreredes rettigheder, med s\u00e6rlig henvisning til fortrolighed, beskyttelse af personlig identitet og retten til beskyttelse af personoplysninger i henhold til og med virkning af forordningen om beskyttelse af personoplysninger Reg. 679\/2016 (herefter GDPR) og efterf\u00f8lgende \u00e6ndringer og tilf\u00f8jelser. I den forbindelse har ESO Societ\u00e0 Benefit arl vedtaget og implementeret denne privatlivspolitik, som g\u00e6lder som information i henhold til artikel 13 og 14 i forordning (EU) nr. 2016\/679 (herefter &#8220;GDPR 2016\/679&#8221;), for alt vedr\u00f8rende m\u00e5den, hvorp\u00e5 hjemmesiden administreres i forhold til behandlingen af brugernes personoplysninger.   <\/p>\n<h2>Dataansvarlig<\/h2>\n<p>Den dataansvarlige er ESO Societ\u00e0 Benefit arl, med hjemsted p\u00e5 Via Giuseppe Ungaretti 27 &#8211; 20090 Opera (MI), i den juridiske repr\u00e6sentants person pro tempore. Ved behandling forst\u00e5s, som n\u00e6rmere specificeret i artikel 4 i GDPR, enhver handling eller r\u00e6kke af handlinger, der udf\u00f8res med eller uden hj\u00e6lp fra automatiserede processer og anvendes p\u00e5 personoplysninger eller s\u00e6t af personoplysninger, s\u00e5som indsamling, registrering, organisering, strukturering, opbevaring, tilpasning eller \u00e6ndring, udtr\u00e6kning, konsultation, brug, kommunikation via transmission, formidling eller enhver anden form for tilg\u00e6ngeligg\u00f8relse, sammenligning eller sammenkobling, begr\u00e6nsning, sletning eller destruktion;<br>Ved &#8220;personoplysninger&#8221; forst\u00e5s enhver information vedr\u00f8rende en identificeret eller identificerbar fysisk person (&#8220;den registrerede&#8221;); en fysisk person anses for identificerbar, n\u00e5r vedkommende kan identificeres direkte eller indirekte, s\u00e6rligt ved henvisning til en identifikator s\u00e5som navn, et identifikationsnummer, lokaliseringsdata, en online-identifikator eller et eller flere elementer, der er karakteristiske for vedkommendes fysiske, fysiologiske, genetiske, psykiske, \u00f8konomiske, kulturelle eller sociale identitet.  <br>Denne privatlivspolitik g\u00e6lder for personoplysninger om brugere, der indsamles via hjemmesiden; den samme privatlivspolitik g\u00e6lder ikke for andre hjemmesider, der ejes af tredjeparter, som eventuelt kan tilg\u00e5s via et link p\u00e5 hjemmesiden www.eso.it.<\/p>\n<h2>Typer af behandlede data og behandlingsmetoder <\/h2>\n<p>ESO Societ\u00e0 Benefit arl kan indsamle visse personoplysninger fra brugere, s\u00e5som navn, efternavn, e-mailadresse, bruger-ID og adgangskode, aggregerede oplysninger under navigation p\u00e5 hjemmesiden, andre personoplysninger, der frivilligt leveres af brugeren under registreringsfasen eller i forbindelse med anmodning om varer eller tjenester, der tilbydes af hjemmesiden, eller anmodning om information sendt til hjemmesiden via e-mail. Indholdet er tilg\u00e6ngeligt for brugere uden behov for at afgive deres personoplysninger. Dog kan nogle sektioner kun v\u00e6re tilg\u00e6ngelige for registrerede brugere. Brugerens personoplysninger kan derfor behandles med automatiserede midler,   <\/p>\n<ul>\n<li>&#8211; (i) under navigation<\/li>\n<li>&#8211; (ii) ved registrering p\u00e5 hjemmesiden (n\u00f8dvendig for at kunne benytte tjenester eller k\u00f8be varer, der tilbydes af samme)<\/li>\n<li>&#8211; (iii) ved anmodning om levering af en enkelt vare eller tjeneste. Desuden, hvis en bruger kontakter os for at anmode om information, vil vi indsamle vedkommendes personoplysninger for at kunne give et svar. <\/li>\n<\/ul>\n<h2>Navigationsdata<\/h2>\n<p>De IT-systemer og softwareprocedurer, der anvendes til driften af hjemmesiden, indsamler i l\u00f8bet af deres normale drift visse personoplysninger, hvis transmission er implicit i brugen af internetkommunikationsprotokoller. Det drejer sig om oplysninger, der ikke indsamles for at blive knyttet til identificerede registrerede, men som i kraft af deres natur kunne, gennem behandling og sammenk\u00e6dning med data, som tredjeparter er i besiddelse af, g\u00f8re det muligt at identificere brugere. I denne kategori af data indg\u00e5r IP-adresser eller dom\u00e6nenavne p\u00e5 de computere, som brugere, der opretter forbindelse til hjemmesiden, anvender, adresser i URI-notation (Uniform Resource Identifier) for de anmodede ressourcer, tidspunktet for anmodningen, den metode, der anvendes til at indsende anmodningen til serveren, st\u00f8rrelsen p\u00e5 den fil, der modtages som svar, den numeriske kode, der angiver status for det svar, serveren giver (vellykket, fejl osv.) og andre parametre vedr\u00f8rende brugerens operativsystem og IT-milj\u00f8. Disse data anvendes udelukkende med det form\u00e5l at udlede anonym statistisk information om brugen af hjemmesiden www.eso.it og for at kontrollere dens korrekte funktion og slettes umiddelbart efter behandlingen. Dataene kan anvendes til at fastsl\u00e5 ansvar i tilf\u00e6lde af hypotetiske IT-forbrydelser mod hjemmesiden www.eso.it.    <\/p>\n<h2>Data leveret frivilligt af brugeren<\/h2>\n<p>ESO Societ\u00e0 Benefit arl indsamler ogs\u00e5 personoplysninger, der indtastes i registreringsformularer eller anmodningsformularer for varer eller tjenester, samt sendes til ESO Societ\u00e0 Benefit arl via e-mail. Det drejer sig prim\u00e6rt om oplysninger, der er n\u00f8dvendige for at levere de varer eller tjenester, som brugeren anmoder om, eller for at kontakte brugeren som svar p\u00e5 en anmodning om information. <\/p>\n<h2>Form\u00e5l med behandling af personoplysninger<\/h2>\n<p>ESO Societ\u00e0 Benefit arl vil behandle brugernes personoplysninger til f\u00f8lgende form\u00e5l: For behov relateret til autorisation, aktivering og personalisering af adgang til de forskellige omr\u00e5der og relateret indhold p\u00e5 hjemmesiden; For behov relateret til indg\u00e5else og udf\u00f8relse af en kontrakt efter anmodning fra brugeren selv og for at udf\u00f8re en tjeneste eller en operation inden for rammerne af ESO Societ\u00e0 Benefit arls aktiviteter. For behov vedr\u00f8rende forretningsudvikling, analyse af kunderelationer og markedsf\u00f8ring, efter brugerens samtykke. For eksempel kan ESO Societ\u00e0 Benefit arl sende opdateringer og information om produkter eller kampagner til brugerens e-mailadresse.  <\/p>\n<h2>Frivillighed ved afgivelse af personoplysninger<\/h2>\n<p>Bortset fra det, der er specificeret for navigationsdata, har brugeren mulighed for at afgive eller ikke afgive personoplysninger i formularerne til registrering p\u00e5 hjemmesiden eller til anmodning om varer eller tjenester, der er tilg\u00e6ngelige p\u00e5 hjemmesiden, eller ved at sende en anmodning om information til hjemmesiden via e-mail.<\/p>\n<h2>Kommunikation og\/eller formidling af personoplysninger<\/h2>\n<p>Personoplysninger om brugere indsamlet af ESO Societ\u00e0 Benefit arl via hjemmesiden www.eso.it vil v\u00e6re tilg\u00e6ngelige for organer og medarbejdere i ESO Societ\u00e0 Benefit arl, der formelt er udpeget som databehandlere eller dataansvarlige. Desuden kan brugernes personoplysninger kommunikeres til virksomheder, der leverer de varer eller tjenester, der er tilg\u00e6ngelige p\u00e5 hjemmesiden, i opfyldelse af forpligtelser, der f\u00f8lger af kontrakter indg\u00e5et efter brugerens anmodning, eller for at levere den tjeneste, som brugeren anmoder om. Dataene indsamles og opbevares p\u00e5 servere, der ejes af eller tilh\u00f8rer virksomheder, som ESO Societ\u00e0 Benefit arl har indg\u00e5et kontrakt med. Nogle data kan kommunikeres i anonym og aggregeret form til koncernselskaber eller tredjeparter til statistiske form\u00e5l. For eksempel kan gennemsnitsalderen for hjemmesidens bes\u00f8gende kommunikeres, antallet af bes\u00f8gende fra forskellige geografiske omr\u00e5der. Under alle omst\u00e6ndigheder er det ikke data, der g\u00f8r det muligt at identificere brugere. Desuden kan dataene kommunikeres til tredjeparter i forbindelse med salg, fusion eller opk\u00f8b. Som led i s\u00e5danne omorganiseringsaktiviteter kan brugernes personoplysninger deles med nuv\u00e6rende eller eventuelle k\u00f8bere. I disse tilf\u00e6lde vil ESO Societ\u00e0 Benefit arl indhente skriftlige garantier for, at personoplysningerne vil blive behandlet med et passende beskyttelsesniveau og under alle omst\u00e6ndigheder i overensstemmelse med g\u00e6ldende lovgivning. Med undtagelse af tilf\u00e6lde, der udtrykkeligt er tilladt ved lov, eller forudset i denne privatlivspolitik, vil personoplysninger ikke blive kommunikeret eller delt uden samtykke fra den ber\u00f8rte bruger.         <\/p>\n<h2>Brugernes rettigheder med hensyn til deres personoplysninger<\/h2>\n<p>Brugere, der har afgivet deres personoplysninger i henhold til det, der er fastsat i denne information, nyder alle de rettigheder, der tildeles dem af GDPR. De kan is\u00e6r henvende sig til ESO Societ\u00e0 Benefit arl for at g\u00f8re deres rettigheder g\u00e6ldende i henhold til artikel 15 i GDPR. Is\u00e6r har de registrerede ret til n\u00e5r som helst at f\u00e5 bekr\u00e6ftet, om der p\u00e5g\u00e5r en behandling af personoplysninger, der vedr\u00f8rer dem, og til at f\u00e5 kendskab til indholdet og oprindelsen, verificere n\u00f8jagtigheden eller anmode om integration eller opdatering eller berigtigelse i henhold til artikel 16 i GDPR. I henhold til artikel 17, 18, 19 og 20 har de ret til at opn\u00e5 sletning, transformation til anonym form eller blokering af data behandlet i strid med loven samt til under alle omst\u00e6ndigheder at g\u00f8re indsigelse af legitime grunde mod deres behandling.<br>Meddelelser skal sendes til den dataansvarlige ESO Societ\u00e0 Benefit arl p\u00e5 adressen info@eso.it.    <\/p>\n<h2>Information indtastet af brugere<\/h2>\n<p>Med hensyn til indhold indtastet af brugere p\u00e5 hjemmesiden www.eso.it (User Generated Content), vil ESO Societ\u00e0 Benefit arl ikke v\u00e6re ansvarlig for eventuelle kr\u00e6nkelser af tredjeparters rettigheder, og under alle omst\u00e6ndigheder afgiver brugeren ved indtastning af dataene endeligt den ikke-eksklusive ejendomsret til disse til ESO Societ\u00e0 Benefit arl.<\/p>\n<h2>\u00c6ndringer af informationen<\/h2>\n<p>ESO Societ\u00e0 Benefit arl forbeholder sig ret til at foretage \u00e6ndringer i denne information for at implementere \u00e6ndringer i lovgivningen eller for at tilpasse sig indtrufne teknologiske innovationer. Eventuelle \u00e6ndringer vil blive anf\u00f8rt p\u00e5 denne webside, der g\u00f8res konstant tilg\u00e6ngelig via hyperlinket placeret p\u00e5 hjemmesidens startside. Brugere bedes gennemse og konsultere informationen regelm\u00e6ssigt for at verificere eventuelle opdateringer eller revisioner, der m\u00e5tte blive n\u00f8dvendige.  <\/p>\n<footer class=\"footer\">\n<div class=\"container\">\n<p class=\"text-muted\"><big><b>ESO Societ\u00e0 Benefit arl &#8211; Via Giuseppe Ungaretti 27 &#8211; 20090 Opera (MI)<\/b><\/big><br><b>Tlf.<\/b> 02 530111 &#8211; <b>Fax<\/b> 02 53011209 &#8211; <b>Moms-nr. \/ skattenr.<\/b> 13288930152<br><b>REA-nummer<\/b> 1636344 &#8211; <b>Indbetalt aktiekapital Euro<\/b> 94.460,00 &#8211; <b>PEC-adresse<\/b> info@pec.esoweb.it<\/p>\n<\/div>\n<\/footer>\n<\/div><\/div>\n","protected":false},"excerpt":{"rendered":"<p>ESO Societ\u00e0 Benefit arl anser brugernes privatliv for &hellip;<\/p>\n","protected":false},"author":1,"featured_media":0,"parent":0,"menu_order":0,"comment_status":"closed","ping_status":"closed","template":"","meta":{"_acf_changed":false,"footnotes":""},"class_list":["post-12295","page","type-page","status-publish","hentry"],"acf":[],"_links":{"self":[{"href":"https:\/\/www.esosport.it\/da\/wp-json\/wp\/v2\/pages\/12295","targetHints":{"allow":["GET"]}}],"collection":[{"href":"https:\/\/www.esosport.it\/da\/wp-json\/wp\/v2\/pages"}],"about":[{"href":"https:\/\/www.esosport.it\/da\/wp-json\/wp\/v2\/types\/page"}],"author":[{"embeddable":true,"href":"https:\/\/www.esosport.it\/da\/wp-json\/wp\/v2\/users\/1"}],"replies":[{"embeddable":true,"href":"https:\/\/www.esosport.it\/da\/wp-json\/wp\/v2\/comments?post=12295"}],"version-history":[{"count":2,"href":"https:\/\/www.esosport.it\/da\/wp-json\/wp\/v2\/pages\/12295\/revisions"}],"predecessor-version":[{"id":13923,"href":"https:\/\/www.esosport.it\/da\/wp-json\/wp\/v2\/pages\/12295\/revisions\/13923"}],"wp:attachment":[{"href":"https:\/\/www.esosport.it\/da\/wp-json\/wp\/v2\/media?parent=12295"}],"curies":[{"name":"wp","href":"https:\/\/api.w.org\/{rel}","templated":true}]}}