{"id":12385,"date":"2017-04-20T13:08:42","date_gmt":"2017-04-20T11:08:42","guid":{"rendered":"https:\/\/www.esosport.it\/saadan-fungerer-esosport-bike\/"},"modified":"2026-04-14T11:21:36","modified_gmt":"2026-04-14T09:21:36","slug":"saadan-fungerer-esosport-bike","status":"publish","type":"page","link":"https:\/\/www.esosport.it\/da\/saadan-fungerer-esosport-bike\/","title":{"rendered":"Hvordan fungerer Esosport Bike"},"content":{"rendered":"\n<section id=\"block_c9ba8072ea702432bb24836a8e84b531\" class=\"acf-block acf-block-occhiello-titolo-testo\">\n    <div class=\"container py-8\">\n        <div class=\"flex flex-col gap-4 text-center\">\n            <hgroup class=\"flex flex-col gap-1\">\n                <h2 class=\"uppercase font-medium reveal\"><\/h2>\n                                    <h1 class=\"text-lg lg:text-xl reveal\">Hvordan fungerer Esosport Bike<\/h1>\n                            <\/hgroup>\n            <hr class=\"divider mx-auto reveal\" \/>\n            <div class=\"reveal\"><\/div>\n        <\/div>\n    <\/div>\n<\/section>\n\n<div class=\"wp-block-image\">\n<figure class=\"aligncenter size-full is-resized\"><img loading=\"lazy\" decoding=\"async\" width=\"1379\" height=\"207\" src=\"https:\/\/www.esosport.it\/wp-content\/uploads\/2025\/06\/payoff-esosport-bike-2.png\" alt=\"Dine hjul stopper aldrig.\" class=\"wp-image-8015\" style=\"width:754px;height:auto\" title=\"\"><\/figure><\/div>\n\n\n<section id=\"block_19961f214307347001998691d040cf47\" class=\"acf-block acf-block-scheda-immagine-destra\">\n\n    \n    <div class=\"grid lg:grid-cols-4 items-center pb-8\">\n                    <div class=\"lg:col-span-3 bg-secondary-light \">\n                <div class=\"px-4 py-8 flex justify-center\">\n                    <div class=\"p-4 flex flex-col gap-4 items-start max-w-[700px]\">\n                        <hgroup>\n                            <h3 class=\"uppercase text-sm reveal\"><\/h3>\n                            <h2 class=\"text-lg lg:text-xl reveal\">Hvad er Esosport BIKE?<\/h2>\n                        <\/hgroup>\n                        <hr class=\"divider ml-0 reveal\" \/>\n                        <p class=\"reveal\"><p>Hvert \u00e5r i Italien smides omkring 2 millioner <b>d\u00e6k<\/b> og 2 millioner <b>cykelslanger<\/b> i den usorterede affaldsindsamling, hvilket udg\u00f8r over 1.000 tons affald, der ikke h\u00e5ndteres korrekt. Disse materialer, hvis de bortskaffes utilstr\u00e6kkeligt, er en af de prim\u00e6re \u00e5rsager til milj\u00f8forurening inden for b\u00e6redygtig mobilitet og bidrager til en ophobning af affald, som er vanskeligt at behandle og genbruge. Problemet forv\u00e6rres yderligere af den stadigt stigende brug af cykler, b\u00e5de i byomr\u00e5der og til fritidsaktiviteter, hvilket \u00f8ger m\u00e6ngden af udtjente materialer, der kr\u00e6ver ansvarlig h\u00e5ndtering.<\/p>\n<p>&nbsp;<\/p>\n<h2><b>Esosport Bike<\/b> er skabt for at tilbyde en b\u00e6redygtig og konkret l\u00f8sning p\u00e5 dette problem. Det er et innovativt projekt designet til at reducere milj\u00f8p\u00e5virkningen fra affald best\u00e5ende af cykeld\u00e6k og slanger ved at fremme deres indsamling og omdannelse til nye nyttige materialer.<\/h2>\n<p>&nbsp;<\/p>\n<p>Tjenesten henvender sig til <strong>kommuner<\/strong>, <b>bike sharing-tjenester, virksomheder, cykelbutikker<\/b> og sportsud\u00f8vere, og skaber et effektivt og let tilg\u00e6ngeligt netv\u00e6rk af indsamlingssteder for alle. M\u00e5let er at g\u00f8re korrekt bortskaffelse s\u00e5 enkel og tilg\u00e6ngelig som muligt, s\u00e5 b\u00e5de professionelle akt\u00f8rer og private borgere aktivt kan bidrage til en mere b\u00e6redygtig fremtid.<\/p>\n<p>&nbsp;<\/p>\n<p>N\u00e5r tjenesten aktiveres, modtager kunden et Starter Kit, der indeholder <b>ESObox<\/b>, beholderen til indsamling af cykelslanger, og en stang til oph\u00e6ngning af d\u00e6kkene. Hvert kit inkluderer ogs\u00e5 promoverings-gadgets for at \u00f8ge bevidstheden blandt publikum og motivere deltagelse i projektet. <b>ESObox<\/b> er designet til at blive placeret i butikker, fitnesscentre, cykelparkeringsomr\u00e5der og andre strategiske steder, hvor brugerne nemt kan aflevere deres udtjente cykelmaterialer. Derudover er systemet udviklet med fokus p\u00e5 funktionalitet og holdbarhed, s\u00e5 det kan modst\u00e5 hyppig brug og samtidig bevare et \u00e6stetisk og professionelt udtryk.<\/p>\n<p>&nbsp;<\/p>\n<p>Takket v\u00e6re vores avancerede logistiksystem bliver de indsamlede materialer regelm\u00e6ssigt hentet og transporteret til <b>ESO RECYCLING<\/b> anl\u00e6gget i Tolentino. Her adskilles og omdannes d\u00e6kkene og slangerne gennem en h\u00f8jteknologisk og b\u00e6redygtig proces til <b>sekund\u00e6rt r\u00e5materiale<\/b>, klar til genbrug i produktionen af nye milj\u00f8venlige materialer og produkter, s\u00e5som st\u00f8dabsorberende bel\u00e6gninger, overflader til sportsanl\u00e6g og andre h\u00f8jtydende l\u00f8sninger. Denne proces reducerer ikke blot behovet for nye r\u00e5materialer, men mindsker ogs\u00e5 CO?-udledningen og energiforbruget forbundet med produktionen.<\/p>\n<p>&nbsp;<\/p>\n<p>Projektet <b>Esosport Bike<\/b> reducerer ikke kun m\u00e6ngden af affald, der ender p\u00e5 lossepladser, men fremmer ogs\u00e5 en cirkul\u00e6r \u00f8konomi, hvor hvert materiale v\u00e6rdis\u00e6ttes og genbruges effektivt. Samtidig styrker projektet milj\u00f8bevidstheden hos borgere og organisationer ved at tilbyde en konkret og m\u00e5lbar m\u00e5de at bidrage til b\u00e6redygtighed p\u00e5. At deltage i dette projekt betyder at give materialerne et nyt liv, reducere milj\u00f8p\u00e5virkningen og fremme b\u00e6redygtighed i din kommune eller virksomhed.<\/p>\n<p>&nbsp;<\/p>\n<p>Med <b>Esosport Bike<\/b> bliver hvert indsamlet d\u00e6k og hver cykelslange et skridt n\u00e6rmere en gr\u00f8nnere og mere cirkul\u00e6r fremtid, hvor ressourcerne h\u00e5ndteres ansvarligt og skaber v\u00e6rdi og fordel for b\u00e5de milj\u00f8et og samfundet. Projektet repr\u00e6senterer en langsigtet investering i milj\u00f8et og i kommende generationers livskvalitet. At adoptere <b>Esosport Bike<\/b> betyder at bidrage aktivt til beskyttelsen af vores planet, pedal for pedal!<\/p>\n<\/p>\n                                            <\/div>\n                <\/div>\n            <\/div>\n                            <img decoding=\"async\" class=\" w-full max-w-[350px] border-l-[10px] lg:-translate-x-1\/4 lg:origin-left border-primary lg:transform lg:scale-125\" src=\"https:\/\/www.esosport.it\/wp-content\/uploads\/2026\/04\/Bike-DK-ok.png\" alt=\"\" title=\"\">\n                        <\/div>\n\n<\/section>\n\n\n<\/p>\n<div class=\"container pb-16\"> <\/div>\n\n\n<section id=\"block_d37f8fa64629f21a8895fd178c663106\" class=\"acf-block acf-block-occhiello-titolo-testo\">\n    <div class=\"container py-8\">\n        <div class=\"flex flex-col gap-4 text-center\">\n            <hgroup class=\"flex flex-col gap-1\">\n                <h2 class=\"uppercase font-medium reveal\">Er du en kommune, en sportsforening, en virksomhed eller en butik?<\/h2>\n                                    <h1 class=\"text-lg lg:text-xl reveal\"><\/h1>\n                            <\/hgroup>\n            <hr class=\"divider mx-auto reveal\" \/>\n            <div class=\"reveal\"><\/div>\n        <\/div>\n    <\/div>\n<\/section>\n\n\n<section id=\"block_762eefdbbd2265cb60852f2208f9b38b\" class=\"acf-block acf-block-schede-prodotti\">\n\n    <div class=\"container py-8\">\n        <div class=\"grid lg:grid-cols-3 gap-8\">\n\n            \n                    <article class=\"shadow-all-sides\">\n                                                <div class=\"p-4 flex flex-col gap-2\">\n                            <h3 class=\"font-bold reveal\"><\/h3>\n                            <p class=\"text-sm reveal\"><\/p>\n                                                            <a class=\"button reveal !p-4 hover:text-white\" href=\"https:\/\/www.esosport.it\/da\/bliv-en-del-af-esosport-bike\/\" target=\"\">\n                                    TILMELD DIG ESOSPORT BIKE                                <\/a>\n                                                    <\/div>\n                    <\/article>\n\n                    <\/div>\n\n        \n    <\/div>\n\n<\/section>\n\n\n\n<div style=\"height:47px\" aria-hidden=\"true\" class=\"wp-block-spacer\"><\/div>\n\n\n\n<section id=\"block_dfaa9135591b6f51f2e910ef6c563e48\" class=\"acf-block acf-block-occhiello-titolo-testo\">\n    <div class=\"container py-8\">\n        <div class=\"flex flex-col gap-4 text-center\">\n            <hgroup class=\"flex flex-col gap-1\">\n                <h2 class=\"uppercase font-medium reveal\">Er du en privatperson, der \u00f8nsker at genbruge dit Bike-udstyr?<\/h2>\n                                    <h1 class=\"text-lg lg:text-xl reveal\"><\/h1>\n                            <\/hgroup>\n            <hr class=\"divider mx-auto reveal\" \/>\n            <div class=\"reveal\"><p style=\"text-align: center\">Find det indsamlingssted, der er t\u00e6ttest p\u00e5 dig:<\/p>\n<\/div>\n        <\/div>\n    <\/div>\n<\/section>\n\n\n<section id=\"block_892ae088071d8f4d106f4f84ceb5c15e\" class=\"acf-block acf-block-schede-prodotti\">\n\n    <div class=\"container py-8\">\n        <div class=\"grid lg:grid-cols-3 gap-8\">\n\n            \n                    <article class=\"shadow-all-sides\">\n                                                <div class=\"p-4 flex flex-col gap-2\">\n                            <h3 class=\"font-bold reveal\"><\/h3>\n                            <p class=\"text-sm reveal\"><\/p>\n                                                            <a class=\"button reveal !p-4 hover:text-white\" href=\"https:\/\/www.esosport.it\/da\/esosport-bike-indsamlingssteder\/\" target=\"\">\n                                    ESOSPORT BIKE                                <\/a>\n                                                    <\/div>\n                    <\/article>\n\n                    <\/div>\n\n        \n    <\/div>\n\n<\/section>\n","protected":false},"excerpt":{"rendered":"","protected":false},"author":1,"featured_media":0,"parent":0,"menu_order":0,"comment_status":"closed","ping_status":"closed","template":"","meta":{"_acf_changed":false,"footnotes":""},"class_list":["post-12385","page","type-page","status-publish","hentry"],"acf":[],"_links":{"self":[{"href":"https:\/\/www.esosport.it\/da\/wp-json\/wp\/v2\/pages\/12385","targetHints":{"allow":["GET"]}}],"collection":[{"href":"https:\/\/www.esosport.it\/da\/wp-json\/wp\/v2\/pages"}],"about":[{"href":"https:\/\/www.esosport.it\/da\/wp-json\/wp\/v2\/types\/page"}],"author":[{"embeddable":true,"href":"https:\/\/www.esosport.it\/da\/wp-json\/wp\/v2\/users\/1"}],"replies":[{"embeddable":true,"href":"https:\/\/www.esosport.it\/da\/wp-json\/wp\/v2\/comments?post=12385"}],"version-history":[{"count":67,"href":"https:\/\/www.esosport.it\/da\/wp-json\/wp\/v2\/pages\/12385\/revisions"}],"predecessor-version":[{"id":15076,"href":"https:\/\/www.esosport.it\/da\/wp-json\/wp\/v2\/pages\/12385\/revisions\/15076"}],"wp:attachment":[{"href":"https:\/\/www.esosport.it\/da\/wp-json\/wp\/v2\/media?parent=12385"}],"curies":[{"name":"wp","href":"https:\/\/api.w.org\/{rel}","templated":true}]}}