{"id":12472,"date":"2017-04-19T11:27:54","date_gmt":"2017-04-19T09:27:54","guid":{"rendered":"https:\/\/www.esosport.it\/esosport-run-indsamlingssteder\/"},"modified":"2026-04-02T08:45:57","modified_gmt":"2026-04-02T06:45:57","slug":"esosport-run-indsamlingssteder","status":"publish","type":"page","link":"https:\/\/www.esosport.it\/da\/esosport-run-indsamlingssteder\/","title":{"rendered":"Esosport run indsamlingssteder"},"content":{"rendered":"\n<section id=\"block_93bcbceaf36ea85f224cb0a0f02114c8\" class=\"acf-block acf-block-occhiello-titolo-testo\">\n    <div class=\"container py-8\">\n        <div class=\"flex flex-col gap-4 text-center\">\n            <hgroup class=\"flex flex-col gap-1\">\n                <h2 class=\"uppercase font-medium reveal\">Butikker, foreninger og kommuner, der deltager i projektet<\/h2>\n                                    <h1 class=\"text-lg lg:text-xl reveal\">Opsamlingssteder for Esosport Run<\/h1>\n                            <\/hgroup>\n            <hr class=\"divider mx-auto reveal\" \/>\n            <div class=\"reveal\"><h2 style=\"text-align: left\">Opdag alle <strong>esosport<\/strong> indsamlingssteder i Italien: et omfattende, struktureret og stadigt voksende netv\u00e6rk best\u00e5ende af fitnesscentre, sportsanl\u00e6g, specialbutikker og kommunale administrationer, som aktivt har valgt at deltage i et konkret projekt for milj\u00f8m\u00e6ssig b\u00e6redygtighed.<\/h2>\n<p>&nbsp;<\/p>\n<p style=\"text-align: left\">Disse steder fungerer som lokale knudepunkter, hvor sport og milj\u00f8ansvar m\u00f8des for at skabe et <strong>virtu\u00f8st system for indsamling og genanvendelse<\/strong>.<\/p>\n<p style=\"text-align: left\">Gennem deres deltagelse bidrager de dagligt til udbredelsen af b\u00e6redygtig adf\u00e6rd og til fremme af en kultur med st\u00f8rre fokus p\u00e5 affaldsh\u00e5ndtering. Inden for dette netv\u00e6rk er det muligt korrekt at aflevere <strong>sportsko<\/strong>, s\u00e5 de ikke spredes i milj\u00f8et eller havner i restaffald. Hvert indsamlingssted bliver dermed en central del af et system, der sigter mod at reducere milj\u00f8p\u00e5virkningen og v\u00e6rds\u00e6tte materialer, som ellers ville v\u00e6re vanskelige at h\u00e5ndtere.<\/p>\n<p style=\"text-align: left\">Med <strong>esosport<\/strong>, det f\u00f8rste cirkul\u00e6re \u00f8konomiprojekt helt dedikeret til sportsverdenen, indg\u00e5r hvert indsamlet materiale i en struktureret og kontrolleret proces med fokus p\u00e5 genanvendelse. Fra indsamling til slutbehandling er hvert skridt designet til at sikre maksimal udnyttelse af materialerne og minimal spild. Denne tilgang forl\u00e6nger materialernes levetid og reducerer betydeligt forbruget af naturressourcer.<\/p>\n<p style=\"text-align: left\">Brug de tilg\u00e6ngelige filtre til <strong>at v\u00e6lge din region eller provins<\/strong> og hurtigt og intuitivt finde det n\u00e6rmeste indsamlingssted. Platformen er designet til at tilbyde en umiddelbar og tilg\u00e6ngelig oplevelse, s\u00e5 du med f\u00e5 klik kan finde den mest praktiske l\u00f8sning til korrekt aflevering af dine udtjente sportsmaterialer.<\/p>\n<p style=\"text-align: left\">Hvert indsamlingssted er en konkret mulighed for aktivt at bidrage til b\u00e6redygtighed og blive en del af et nationalt netv\u00e6rk, der deler v\u00e6rdier som ansvarlighed, innovation og fremtidsperspektiv. Deltagelse er enkel, men dens effekt er betydelig: hver sko og hvert korrekt afleveret materiale hj\u00e6lper med at reducere affaldsm\u00e6ngden og underst\u00f8tte en cirkul\u00e6r \u00f8konomimodel.<\/p>\n<p style=\"text-align: left\">Takket v\u00e6re <strong>esosport<\/strong>, det f\u00f8rste cirkul\u00e6re \u00f8konomiprojekt dedikeret til sportsverdenen, omdannes hvert indsamlet objekt til nye materialer, som kan bruges til at fremstille <strong>st\u00f8dabsorberende bel\u00e6gninger til legepladser, atletikbaner og gr\u00f8nne omr\u00e5der<\/strong>. Med sm\u00e5 daglige handlinger kan du g\u00f8re en forskel og forvandle en vane til en ansvarlig og bevidst handling.<\/p>\n<p style=\"text-align: left\">Sammen kan vi give <strong>sporten et nyt liv<\/strong>, fremme en mere b\u00e6redygtig ressourceh\u00e5ndtering og konkret reducere milj\u00f8p\u00e5virkningen fra sportsaffald. At bygge en mere b\u00e6redygtig fremtid starter ogs\u00e5 her: gennem samarbejde mellem borgere, virksomheder og lokalsamfund, forenet af et f\u00e6lles m\u00e5l.<\/p>\n<p style=\"text-align: left\">At v\u00e6lge <strong>esosport<\/strong> betyder at blive en del af et projekt, der g\u00e5r ud over blot indsamling: det betyder at bidrage til en kulturel forandring, hvor sport bliver en kanal for positive og b\u00e6redygtige v\u00e6rdier.<\/p>\n<\/div>\n        <\/div>\n    <\/div>\n<\/section>\n\n\n<script>\n\tvar prog = 1;\n    var pops = [{\"codice\":\"17165\",\"ragione_sociale\":\"Herning Kommune C\\\/o Sunds Skole, Afdeling Skalmeje\",\"regione\":\"midtjylland\",\"provincia\":\"herning\",\"codProvincia\":\"Herning\",\"nazione\":\"DK\",\"via\":\"SKALMEJEVEJ\",\"indirizzo\":\"Skalmejevej, 33, 7451 , Sunds\",\"civico\":\"33\",\"cap\":\"7451 \",\"comune\":\"Sunds\",\"telefono\":\"+45 96 28 76 10\",\"fax\":\"\",\"email\":\"suncn@herning.dk\",\"location\":[\"56.195\",\"8.9495001\"],\"sitoweb\":\"\",\"SchedaNegozioEsosportBike\":\"\",\"referente\":\" \",\"nome_referente\":\"\",\"cognome_referente\":\"\",\"categoria\":\"2\",\"peso\":\"0\"},{\"codice\":\"17165\",\"ragione_sociale\":\"Herning Kommune C\\\/o Lindbjergskolen\",\"regione\":\"midtjylland\",\"provincia\":\"herning\",\"codProvincia\":\"Herning\",\"nazione\":\"DK\",\"via\":\"FR\\u00d8LUNDVE\",\"indirizzo\":\"Fr\\u00d8lundve, 39, 7400 , Herning\",\"civico\":\"39\",\"cap\":\"7400 \",\"comune\":\"Herning\",\"telefono\":\"+45 96 28 71 60\",\"fax\":\"\",\"email\":\"lbsah@herning.dk\",\"location\":[\"56.138191\",\"9.064435\"],\"sitoweb\":\"\",\"SchedaNegozioEsosportBike\":\"\",\"referente\":\" \",\"nome_referente\":\"\",\"cognome_referente\":\"\",\"categoria\":\"2\",\"peso\":\"0\"},{\"codice\":\"17165\",\"ragione_sociale\":\"Herning Kommune C\\\/o Sdr. Felding Skole\",\"regione\":\"midtjylland\",\"provincia\":\"herning\",\"codProvincia\":\"Herning\",\"nazione\":\"DK\",\"via\":\"Skolegade\",\"indirizzo\":\"Skolegade, 31, 7280 , S\\u00f8nder Felding\",\"civico\":\"31\",\"cap\":\"7280 \",\"comune\":\"S\\u00f8nder Felding\",\"telefono\":\"+45 96 28 76 76\",\"fax\":\"\",\"email\":\"sfsts@herning.dk\",\"location\":[\"55.945332\",\"8.790803\"],\"sitoweb\":\"\",\"SchedaNegozioEsosportBike\":\"\",\"referente\":\" \",\"nome_referente\":\"\",\"cognome_referente\":\"\",\"categoria\":\"2\",\"peso\":\"0\"},{\"codice\":\"17165\",\"ragione_sociale\":\"Herning Kommune C\\\/o H\\u00d8jg\\u00c5rdskolen\",\"regione\":\"midtjylland\",\"provincia\":\"herning\",\"codProvincia\":\"Herning\",\"nazione\":\"DK\",\"via\":\"VESTERLINDVEJ\",\"indirizzo\":\"Vesterlindvej, 21, 7400 , Herning\",\"civico\":\"21\",\"cap\":\"7400 \",\"comune\":\"Herning\",\"telefono\":\"+45 30 25 43 29\",\"fax\":\"\",\"email\":\"hojcj@herning.dk\",\"location\":[\"56.10368\",\"8.9694309\"],\"sitoweb\":\"\",\"SchedaNegozioEsosportBike\":\"\",\"referente\":\" \",\"nome_referente\":\"\",\"cognome_referente\":\"\",\"categoria\":\"2\",\"peso\":\"0\"},{\"codice\":\"17165\",\"ragione_sociale\":\"Herning Kommune C\\\/o Kildebakkeskolen\",\"regione\":\"midtjylland\",\"provincia\":\"herning\",\"codProvincia\":\"Herning\",\"nazione\":\"DK\",\"via\":\"SOLDALEN\",\"indirizzo\":\"Soldalen, 8, 7480 , Vildbjerg\",\"civico\":\"8\",\"cap\":\"7480 \",\"comune\":\"Vildbjerg\",\"telefono\":\"+45 96 28 76 93\",\"fax\":\"\",\"email\":\"kishh@herning.dk\",\"location\":[\"56.195438\",\"8.7741671\"],\"sitoweb\":\"\",\"SchedaNegozioEsosportBike\":\"\",\"referente\":\" \",\"nome_referente\":\"\",\"cognome_referente\":\"\",\"categoria\":\"2\",\"peso\":\"0\"},{\"codice\":\"17165\",\"ragione_sociale\":\"Herning Kommune C\\\/o Gullestrup B\\u00d8rnecenter Skole\",\"regione\":\"midtjylland\",\"provincia\":\"herning\",\"codProvincia\":\"Herning\",\"nazione\":\"DK\",\"via\":\"TR\\u00c6LUNDVEJ\",\"indirizzo\":\"Tr\\u00c6lundvej, 1, 7400 , Herning\",\"civico\":\"1\",\"cap\":\"7400 \",\"comune\":\"Herning\",\"telefono\":\"+45 93 59 52 29\",\"fax\":\"\",\"email\":\"gulpa@herning.dk\",\"location\":[\"56.168179\",\"8.9716167\"],\"sitoweb\":\"\",\"SchedaNegozioEsosportBike\":\"\",\"referente\":\" \",\"nome_referente\":\"\",\"cognome_referente\":\"\",\"categoria\":\"2\",\"peso\":\"0\"},{\"codice\":\"17165\",\"ragione_sociale\":\"Herning Kommune\",\"regione\":\"midtjylland\",\"provincia\":\"herning\",\"codProvincia\":\"Herning\",\"nazione\":\"DK\",\"via\":\"TORVET\",\"indirizzo\":\"Torvet, 5, 7400 , Herning\",\"civico\":\"5\",\"cap\":\"7400 \",\"comune\":\"Herning\",\"telefono\":\"+45 96 28 85 17\",\"fax\":\"\",\"email\":\"herning@herning.dk\",\"location\":[\"56.136639\",\"8.9748878\"],\"sitoweb\":\"\",\"SchedaNegozioEsosportBike\":\"\",\"referente\":\" \",\"nome_referente\":\"\",\"cognome_referente\":\"\",\"categoria\":\"2\",\"peso\":\"0\"},{\"codice\":\"17165\",\"ragione_sociale\":\"Herning Kommune C\\\/o Timring Skole\",\"regione\":\"midtjylland\",\"provincia\":\"herning\",\"codProvincia\":\"Herning\",\"nazione\":\"DK\",\"via\":\"FUGLEV\\u00c6NGET\",\"indirizzo\":\"Fuglev\\u00c6nget, 1, 7480 , Vildbjerg\",\"civico\":\"1\",\"cap\":\"7480 \",\"comune\":\"Vildbjerg\",\"telefono\":\"+45 40 10 54 66\",\"fax\":\"\",\"email\":\"timlg@herning.dk\",\"location\":[\"56.1749\",\"8.7385931\"],\"sitoweb\":\"\",\"SchedaNegozioEsosportBike\":\"\",\"referente\":\" \",\"nome_referente\":\"\",\"cognome_referente\":\"\",\"categoria\":\"2\",\"peso\":\"0\"},{\"codice\":\"17165\",\"ragione_sociale\":\"Herning Kommune C\\\/o Holtbjerg Midtpunkt \\\/ Valdemarskolen\",\"regione\":\"midtjylland\",\"provincia\":\"herning\",\"codProvincia\":\"Herning\",\"nazione\":\"DK\",\"via\":\"VALDEMARSVEJ\",\"indirizzo\":\"Valdemarsvej, 347, 7400 , Herning\",\"civico\":\"347\",\"cap\":\"7400 \",\"comune\":\"Herning\",\"telefono\":\"+45 20 91 63 44\",\"fax\":\"\",\"email\":\"charles.halkjaer@herning.dk\",\"location\":[\"56.13258\",\"9.0001116\"],\"sitoweb\":\"\",\"SchedaNegozioEsosportBike\":\"\",\"referente\":\" \",\"nome_referente\":\"\",\"cognome_referente\":\"\",\"categoria\":\"2\",\"peso\":\"0\"},{\"codice\":\"17165\",\"ragione_sociale\":\"Herning Kommune C\\\/o Sinding Skole\",\"regione\":\"midtjylland\",\"provincia\":\"herning\",\"codProvincia\":\"Herning\",\"nazione\":\"DK\",\"via\":\"SKOLETOFTEN\",\"indirizzo\":\"Skoletoften, 7, 7400 , Herning\",\"civico\":\"7\",\"cap\":\"7400 \",\"comune\":\"Herning\",\"telefono\":\"+45 96 28 79 40\",\"fax\":\"\",\"email\":\"sinbf@herning.dk\",\"location\":[\"56.212749\",\"8.8513432\"],\"sitoweb\":\"\",\"SchedaNegozioEsosportBike\":\"\",\"referente\":\" \",\"nome_referente\":\"\",\"cognome_referente\":\"\",\"categoria\":\"2\",\"peso\":\"0\"},{\"codice\":\"17165\",\"ragione_sociale\":\"Herning Kommune C\\\/o Engbjergskolen\",\"regione\":\"midtjylland\",\"provincia\":\"herning\",\"codProvincia\":\"Herning\",\"nazione\":\"DK\",\"via\":\"ENGBJERG\",\"indirizzo\":\"Engbjerg, 21, 7400 , Herning\",\"civico\":\"21\",\"cap\":\"7400 \",\"comune\":\"Herning\",\"telefono\":\"+45 96 28 71 40\",\"fax\":\"\",\"email\":\"engjc@herning.dk\",\"location\":[\"56.136768\",\"8.8972092\"],\"sitoweb\":\"\",\"SchedaNegozioEsosportBike\":\"\",\"referente\":\" \",\"nome_referente\":\"\",\"cognome_referente\":\"\",\"categoria\":\"2\",\"peso\":\"0\"}];\n    var reg = \"\";\n    var pro = \"\";\n    var typ = \"\";\n<\/script>\n\n<script>\n    var cat = {\"2\":\"Afhentningssteder reserveret til kunder\"};\n<\/script>\n\n<div id=\"content\" class=\"container\">\n<!--\n    <ul class=\"marker_legend\">\n\t\t            <li><h6><img decoding=\"async\" width=\"36\" src=\"https:\/\/esosport.it\/wp-content\/themes\/esosport\/images\/element\/eso-run-2023.png\" alt=\"\" title=\"\">&nbsp;<\/h6><\/li>\n\t\t                <li><h6><img decoding=\"async\" width=\"36\" src=\"https:\/\/esosport.it\/wp-content\/themes\/esosport\/images\/element\/eso-bike-2023.png\" alt=\"\" title=\"\">&nbsp;<\/h6><\/li>\n                    <li><h6><img decoding=\"async\" width=\"36\" src=\"https:\/\/esosport.it\/wp-content\/themes\/esosport\/images\/element\/eso-balls-2023.png\" alt=\"\" title=\"\">&nbsp;<\/h6><\/li>\n            <\/ul>\n        -->\n\t        <form class=\"marker_filter\" method=\"post\">\n    <div class=\"flex flex-wrap -mx-2\">\n                <div class=\"w-full md:w-1\/4 px-2 mb-4\">\n            <label class=\"block text-sm font-medium\" for=\"regione\">V\u00e6lg region<\/label>\n            <select data-placeholder=\"Region\" class=\"py-2 px-2 text-primary mt-1 block w-full rounded-md border-gray-300 shadow-sm focus:border-indigo-500 focus:ring-indigo-500 text-sm\" name=\"regione\" id=\"regione\">\n                <option value=\"\" disabled selected hidden><\/option>\n                <option style=\"color: #000;\" value=\"\">All regions<\/option>\n                                    <option style=\"color: #000;\" value=\"midtjylland\" >Midtjylland<\/option>\n                            <\/select>\n        <\/div>\n        \n        <div class=\"w-full md:w-1\/4 px-2 mb-4\">\n            <label class=\"block text-sm font-medium\" for=\"provincia\">V\u00e6lg provins<\/label>\n            <select data-placeholder=\"Provins\" class=\"py-2 px-2 text-primary mt-1 block w-full rounded-md border-gray-300 shadow-sm focus:border-indigo-500 focus:ring-indigo-500 text-sm\" name=\"provincia\" id=\"provincia\">\n                <option value=\"\" disabled selected hidden><\/option>\n                <option style=\"color: #000;\" value=\"\">Alle provinser<\/option>\n                                    <option style=\"color: #000;\" data-regione=\"midtjylland\" value=\"Herning\" >Herning<\/option>\n                            <\/select>\n        <\/div>\n\n        <div class=\"w-full md:w-1\/4 px-2 mb-4\">\n            <label class=\"block text-sm font-medium\" for=\"type\">V\u00e6lg kategori<\/label>\n            <select data-placeholder=\"Kategori\" class=\"py-2 px-2 text-primary mt-1 block w-full rounded-md border-gray-300 shadow-sm focus:border-indigo-500 focus:ring-indigo-500 text-sm\" name=\"type\" id=\"type\">\n                <option value=\"\" disabled selected hidden><\/option>\n                <option style=\"color: #000;\" value=\"\">All categories<\/option>\n                                    <option style=\"color: #000;\" value=\"2\" >Afhentningssteder reserveret til kunder<\/option>\n                            <\/select>\n        <\/div>\n\n    <\/div>\n    <div class=\"w-full gap-4 px-1 mb-4 flex items-center space-x-2\">\n    <button type=\"submit\" name=\"submit\" class=\"bg-primary text-white py-2 px-4 mt-6 font-bold button\" style=\"line-height: normal;\">\n        Anvende    <\/button>\n    <button type=\"submit\" id=\"reset-button\" class=\"bg-gray-500 text-white py-2 px-4 mt-6 font-bold button\" style=\"line-height: normal;\">\n        Ryd filtre    <\/button>\n<\/div>\n\n<\/form>\n\n\t\n    <div id=\"map\"><\/div>\n\n    <div class=\"overflow-x-auto py-8\">\n    <table class=\"min-w-full table-auto\">\n        <thead>\n            <tr class=\"bg-primary text-white border-b-2 border-gray\">\n                <th class=\"px-2 py-2 text-left text-sm font-medium whitespace-nowrap\">Region Social\/Referent<\/th>\n                <th class=\"px-2 py-2 text-left text-sm font-medium whitespace-nowrap\">Address<\/th>\n                <th class=\"px-2 py-2 text-left text-sm font-medium whitespace-nowrap\">Contacts<\/th>\n                <th class=\"px-2 py-2 text-left text-sm font-medium whitespace-nowrap\" style=\"width: 12rem;\">Recycled material (Kg.)<\/th>\n                <th class=\"px-2 py-2 text-left text-sm font-medium whitespace-nowrap\">Type<\/th>\n            <\/tr>\n        <\/thead>\n        <tbody class=\"table-row-alternate font-roboto font-normal\">\n            <!-- Dati della tabella -->\n        <\/tbody>\n    <\/table>\n<\/div>\n\n<\/div>\n\n\n\n<p><\/p>\n","protected":false},"excerpt":{"rendered":"","protected":false},"author":1,"featured_media":0,"parent":0,"menu_order":0,"comment_status":"closed","ping_status":"closed","template":"","meta":{"_acf_changed":false,"footnotes":""},"class_list":["post-12472","page","type-page","status-publish","hentry"],"acf":[],"_links":{"self":[{"href":"https:\/\/www.esosport.it\/da\/wp-json\/wp\/v2\/pages\/12472","targetHints":{"allow":["GET"]}}],"collection":[{"href":"https:\/\/www.esosport.it\/da\/wp-json\/wp\/v2\/pages"}],"about":[{"href":"https:\/\/www.esosport.it\/da\/wp-json\/wp\/v2\/types\/page"}],"author":[{"embeddable":true,"href":"https:\/\/www.esosport.it\/da\/wp-json\/wp\/v2\/users\/1"}],"replies":[{"embeddable":true,"href":"https:\/\/www.esosport.it\/da\/wp-json\/wp\/v2\/comments?post=12472"}],"version-history":[{"count":9,"href":"https:\/\/www.esosport.it\/da\/wp-json\/wp\/v2\/pages\/12472\/revisions"}],"predecessor-version":[{"id":14824,"href":"https:\/\/www.esosport.it\/da\/wp-json\/wp\/v2\/pages\/12472\/revisions\/14824"}],"wp:attachment":[{"href":"https:\/\/www.esosport.it\/da\/wp-json\/wp\/v2\/media?parent=12472"}],"curies":[{"name":"wp","href":"https:\/\/api.w.org\/{rel}","templated":true}]}}