{"id":12474,"date":"2017-04-20T13:39:08","date_gmt":"2017-04-20T11:39:08","guid":{"rendered":"https:\/\/www.esosport.it\/tilslut-dig-esosport-run\/"},"modified":"2026-04-14T11:37:43","modified_gmt":"2026-04-14T09:37:43","slug":"tilslut-dig-esosport-run","status":"publish","type":"page","link":"https:\/\/www.esosport.it\/da\/tilslut-dig-esosport-run\/","title":{"rendered":"Tilslut dig esosport run"},"content":{"rendered":"\n<section id=\"block_6119856805cabc97162a796f288eab15\" class=\"acf-block acf-block-occhiello-titolo-testo\">\n    <div class=\"container py-8\">\n        <div class=\"flex flex-col gap-4 text-center\">\n            <hgroup class=\"flex flex-col gap-1\">\n                <h2 class=\"uppercase font-medium reveal\"><\/h2>\n                                    <h1 class=\"text-lg lg:text-xl reveal\">Tilmeld dig Esosport Run<\/h1>\n                            <\/hgroup>\n            <hr class=\"divider mx-auto reveal\" \/>\n            <div class=\"reveal\"><\/div>\n        <\/div>\n    <\/div>\n<\/section>\n\n\n<section id=\"block_ccb3e1cb608ab060cdc942a3358bceed\" class=\"acf-block acf-block-scheda-immagine-destra\">\n\n    \n    <div class=\"grid lg:grid-cols-4 items-center pb-8\">\n                    <div class=\"lg:col-span-3 bg-secondary-light \">\n                <div class=\"px-4 py-8 flex justify-center\">\n                    <div class=\"p-4 flex flex-col gap-4 items-start max-w-[700px]\">\n                        <hgroup>\n                            <h3 class=\"uppercase text-sm reveal\"><\/h3>\n                            <h2 class=\"text-lg lg:text-xl reveal\">Tilmelding for butikker\/retail og virksomheder<\/h2>\n                        <\/hgroup>\n                        <hr class=\"divider ml-0 reveal\" \/>\n                        <p class=\"reveal\"><h2><b>Tilmelding til Esosport Run<\/b> best\u00e5r af et <b>\u00e5rs- eller to\u00e5rigt abonnement<\/b>, der inkluderer levering og installation af Starter Kit:<\/h2>\n<p>&nbsp;<\/p>\n<p>Abonnementet er designet til at tilbyde en komplet og problemfri l\u00f8sning, s\u00e5 din virksomhed eller organisation nemt kan blive en aktiv del af et b\u00e6redygtigt indsamlingssystem. Hele processen er struktureret for at sikre maksimal enkelhed, effektivitet og synlighed, uden at det kr\u00e6ver ekstra ressourcer eller kompleks h\u00e5ndtering fra din side.<\/p>\n<p>&nbsp;<\/p>\n<ul>\n<li aria-level=\"1\">1 <b>ESObox<\/b> <b>esosport<\/b> <b>run<\/b> \u2013 m\u00e5l 60x60x80 cm<\/li>\n<li aria-level=\"1\">En forklarende <b>crowner<\/b> (placeret \u00f8verst p\u00e5 ESObox) \u2013 m\u00e5l 58&#215;49 cm<\/li>\n<li aria-level=\"1\">50 <b>poser<\/b> til uddeling til kunder til opsamling<\/li>\n<\/ul>\n<p>Starter Kittet er udviklet med fokus p\u00e5 b\u00e5de funktionalitet og synlighed. <b>ESObox<\/b> er robust, let genkendelig og designet til at integrere sig naturligt i butikker, centre og sportsfaciliteter. Crowneren giver klare instruktioner og formidler projektets form\u00e5l, s\u00e5 brugerne nemt forst\u00e5r, hvordan de kan deltage aktivt.<\/p>\n<p>&nbsp;<\/p>\n<p><b>ESO-logistikservicen<\/b> tager sig af hele den operationelle del: fra regelm\u00e6ssig t\u00f8mning af beholderen til afhentning og transport af det indsamlede materiale. Derudover h\u00e5ndteres alle n\u00f8dvendige administrative procedurer og dokumentation, hvilket sikrer, at indsamlingen foreg\u00e5r i overensstemmelse med g\u00e6ldende regler og standarder.<\/p>\n<p>&nbsp;<\/p>\n<p>Denne integrerede service g\u00f8r det muligt for din organisation at fokusere p\u00e5 sin kerneaktivitet, mens vi sikrer, at affaldet bliver h\u00e5ndteret korrekt og b\u00e6redygtigt. Samtidig garanteres sporbarhed og gennemsigtighed i hele processen.<\/p>\n<p>&nbsp;<\/p>\n<p>Der vil v\u00e6re en f\u00e6lles <b>kommunikationsindsats<\/b> for at give initiativet maksimal synlighed. Dette inkluderer digitale kampagner, informationsmateriale og promovering gennem vores kanaler, hvilket hj\u00e6lper med at engagere b\u00e5de kunder og lokalsamfund.<\/p>\n<p>&nbsp;<\/p>\n<p>Din virksomheds placering vil desuden blive indsat p\u00e5 vores hjemmeside som et <a href=\"https:\/\/www.esosport.it\/da\/esosport-run-indsamlingssteder\/\">indsamlingssted<\/a>, hvilket \u00f8ger din synlighed og positionerer dig som en ansvarlig og b\u00e6redygtig akt\u00f8r. Dette kan styrke dit brand og skabe merv\u00e6rdi i forhold til kunder, samarbejdspartnere og lokalsamfund.<\/p>\n<p>&nbsp;<\/p>\n<p>Ved at tilmelde dig <b>Esosport Run<\/b> bliver du en del af et voksende netv\u00e6rk, der arbejder aktivt for at reducere affald og fremme en cirkul\u00e6r \u00f8konomi. Det er en konkret mulighed for at kombinere milj\u00f8ansvar med innovation og samtidig g\u00f8re en positiv forskel \u2013 hver dag.<\/p>\n<div class=\"link\"><\/div>\n<\/p>\n                                                    <a class=\"button reveal\" href=\"https:\/\/www.esosport.it\/da\/tilmeldingsformular-til-esosport\/\" target=\"\">\n                                ANMOD OM INFORMATION OG TILBUD                            <\/a>\n                                            <\/div>\n                <\/div>\n            <\/div>\n                            <img decoding=\"async\" class=\" w-full max-w-[350px] border-l-[10px] lg:-translate-x-1\/4 lg:origin-left border-primary lg:transform lg:scale-125\" src=\"https:\/\/www.esosport.it\/wp-content\/uploads\/2026\/04\/Shoes-DK-ok.png\" alt=\"\" title=\"\">\n                        <\/div>\n\n<\/section>\n\n\n\n<section id=\"block_5a1d7a7fa6d30a8e3aa9c7d1968e029d\" class=\"acf-block acf-block-scheda-immagine-destra\">\n\n    \n    <div class=\"grid lg:grid-cols-4 items-center pb-8\">\n                    <div class=\"lg:col-span-3 bg-secondary-light lg:order-2\">\n                <div class=\"px-4 py-8 flex justify-center\">\n                    <div class=\"p-4 flex flex-col gap-4 items-start max-w-[700px]\">\n                        <hgroup>\n                            <h3 class=\"uppercase text-sm reveal\"><\/h3>\n                            <h2 class=\"text-lg lg:text-xl reveal\">Tilmelding for offentlige myndigheder og skoler<\/h2>\n                        <\/hgroup>\n                        <hr class=\"divider ml-0 reveal\" \/>\n                        <p class=\"reveal\"><p>Kommuner, skoler, biblioteker, faciliteter og sportsforeninger kan tilslutte sig <b>esosport<\/b>!<\/p>\n<p><b>Tilslutningen<\/b> best\u00e5r af et <b>abonnement (varighed efter aftale, minimum \u00e9t \u00e5r)<\/b>, som omfatter levering og installation af Starter Kit:<\/p>\n<ul>\n<li>1 beholder <b>ESObox<\/b> <b>esosport<\/b> <b>run<\/b> \u2013 cm 60x60x80h<\/li>\n<li>En <b>forklarende crowner<\/b> (placeret \u00f8verst p\u00e5 ESObox) \u2013 cm 58x49h<\/li>\n<li><b>Tasker<\/b> til uddeling til brugerne til opsamling (antal efter aftale)<\/li>\n<li><b>Leaflet<\/b> til promovering af tilslutningen til projektet (antal efter aftale)<\/li>\n<\/ul>\n<p><b>ESO\u2019s logistikservice<\/b> s\u00f8rger for t\u00f8mning af beholderen, afhentning af materialet og udfyldelse af de formularer, der kr\u00e6ves til opsamling og transport.<\/p>\n<p>Der er planlagt f\u00e6lles <b>kommunikationsaktiviteter<\/b> for at give synlighed til initiativet, og din enhed bliver indsat p\u00e5 vores hjemmeside som et <a href=\"https:\/\/www.esosport.it\/da\/esosport-run-indsamlingssteder\/\"><strong>indsamlingspunkt<\/strong><\/a>.<\/p>\n<p>I sektionen <strong><a href=\"https:\/\/www.esosport.it\/da\/deltagende-kommuner\/\">Kommuner<\/a><\/strong> offentligg\u00f8res logoet for den kommune, som aftalen er indg\u00e5et med, sammen med en komplet liste over indsamlingspunkterne, der er fastlagt i opstartfasen af initiativet.<\/p>\n<\/p>\n                                                    <a class=\"button reveal\" href=\"http:\/\/www.esosport.it\/modulo-adesione-esosport\/\" target=\"\">\n                                RICHIEDI INFO E PREVENTIVO                            <\/a>\n                                            <\/div>\n                <\/div>\n            <\/div>\n                            <img decoding=\"async\" class=\"lg:order-1 w-full max-w-[350px] border-r-[10px] lg:translate-x-1\/4 lg:origin-right border-primary lg:transform lg:scale-125\" src=\"https:\/\/www.esosport.it\/wp-content\/uploads\/2026\/04\/Shoes-DK-ok.png\" alt=\"\" title=\"\">\n                        <\/div>\n\n<\/section>\n\n\n\n<section id=\"block_bdbb7ca8a6312215be8896b1652d13e1\" class=\"acf-block acf-block-occhiello-titolo-testo\">\n    <div class=\"container py-8\">\n        <div class=\"flex flex-col gap-4 text-center\">\n            <hgroup class=\"flex flex-col gap-1\">\n                <h2 class=\"uppercase font-medium reveal\">Bladr i Retail-brochuren<\/h2>\n                                    <h1 class=\"text-lg lg:text-xl reveal\"><\/h1>\n                            <\/hgroup>\n            <hr class=\"divider mx-auto reveal\" \/>\n            <div class=\"reveal\"><p><a href=\"https:\/\/heyzine.com\/flip-book\/ca640de643.html\" target=\"_blank\" rel=\"noopener\">Brochure Esosport Retail<\/a><\/p>\n<\/div>\n        <\/div>\n    <\/div>\n<\/section>\n\n\n<iframe allowfullscreen=\"allowfullscreen\" allow=\"clipboard-write\" scrolling=\"no\" class=\"fp-iframe\" style=\"border: 1px solid lightgray; width: 100%; height: 600px;\" src=\"https:\/\/heyzine.com\/flip-book\/a4edc298a4.html\"><\/iframe><br\/>\n","protected":false},"excerpt":{"rendered":"","protected":false},"author":1,"featured_media":0,"parent":0,"menu_order":0,"comment_status":"closed","ping_status":"closed","template":"","meta":{"_acf_changed":false,"footnotes":""},"class_list":["post-12474","page","type-page","status-publish","hentry"],"acf":[],"_links":{"self":[{"href":"https:\/\/www.esosport.it\/da\/wp-json\/wp\/v2\/pages\/12474","targetHints":{"allow":["GET"]}}],"collection":[{"href":"https:\/\/www.esosport.it\/da\/wp-json\/wp\/v2\/pages"}],"about":[{"href":"https:\/\/www.esosport.it\/da\/wp-json\/wp\/v2\/types\/page"}],"author":[{"embeddable":true,"href":"https:\/\/www.esosport.it\/da\/wp-json\/wp\/v2\/users\/1"}],"replies":[{"embeddable":true,"href":"https:\/\/www.esosport.it\/da\/wp-json\/wp\/v2\/comments?post=12474"}],"version-history":[{"count":16,"href":"https:\/\/www.esosport.it\/da\/wp-json\/wp\/v2\/pages\/12474\/revisions"}],"predecessor-version":[{"id":15084,"href":"https:\/\/www.esosport.it\/da\/wp-json\/wp\/v2\/pages\/12474\/revisions\/15084"}],"wp:attachment":[{"href":"https:\/\/www.esosport.it\/da\/wp-json\/wp\/v2\/media?parent=12474"}],"curies":[{"name":"wp","href":"https:\/\/api.w.org\/{rel}","templated":true}]}}