{"id":12484,"date":"2017-04-20T14:14:03","date_gmt":"2017-04-20T12:14:03","guid":{"rendered":"https:\/\/www.esosport.it\/velgoerenhed\/"},"modified":"2026-03-06T12:18:09","modified_gmt":"2026-03-06T11:18:09","slug":"velgoerenhed","status":"publish","type":"page","link":"https:\/\/www.esosport.it\/da\/velgoerenhed\/","title":{"rendered":"Velg\u00f8renhed"},"content":{"rendered":"\n<section id=\"block_454d248366a6daf6b3f2352df4c59ddd\" class=\"acf-block acf-block-occhiello-titolo-testo\">\n    <div class=\"container py-8\">\n        <div class=\"flex flex-col gap-4 text-center\">\n            <hgroup class=\"flex flex-col gap-1\">\n                <h2 class=\"uppercase font-medium reveal\"><\/h2>\n                                    <h1 class=\"text-lg lg:text-xl reveal\">Velg\u00f8renhed<\/h1>\n                            <\/hgroup>\n            <hr class=\"divider mx-auto reveal\" \/>\n            <div class=\"reveal\"><\/div>\n        <\/div>\n    <\/div>\n<\/section>\n\n\n<div class=\"wp-block-group\"><div class=\"wp-block-group__inner-container is-layout-constrained wp-block-group-is-layout-constrained\"><div class=\"wp-block-image\">\n<figure class=\"alignright\"><img loading=\"lazy\" decoding=\"async\" width=\"300\" height=\"108\" src=\"https:\/\/esosport.it\/wp-content\/uploads\/2021\/07\/logo-gogreen-onlus-07-2021-300x108.png\" alt=\"\" class=\"wp-image-3741\" title=\"\" srcset=\"https:\/\/www.esosport.it\/wp-content\/uploads\/2021\/07\/logo-gogreen-onlus-07-2021-300x108.png 300w, https:\/\/www.esosport.it\/wp-content\/uploads\/2021\/07\/logo-gogreen-onlus-07-2021-600x216.png 600w, https:\/\/www.esosport.it\/wp-content\/uploads\/2021\/07\/logo-gogreen-onlus-07-2021.png 731w\" sizes=\"auto, (max-width: 300px) 100vw, 300px\" \/><\/figure><\/div>\n\n\n<p><strong>esosport<\/strong> er et non-profit projekt, udt\u00e6nkt og drevet af <a href=\"http:\/\/www.eso.it\/\" target=\"_blank\" rel=\"noopener noreferrer\">ESO<\/a>, som st\u00f8ttes gennem aktiviteterne i <strong><a title=\"Associazione GOGREEN onlus\" href=\"http:\/\/gogreenonlus.com\/\" target=\"_blank\" rel=\"noopener noreferrer\">Associazione GOGREEN \u2013 onlus<\/a> <\/strong>, en velg\u00f8renhedsorganisation, der arbejder for at realisere initiativer til gavn for mennesker og milj\u00f8.<\/p>\n\n\n\n<p>Du kan ogs\u00e5 st\u00f8tte foreningens initiativer med din donation og bidrage til oprettelsen af nye <a href=\"http:\/\/www.esosport.it\/il-giardino-di-betty\/\" target=\"_blank\" rel=\"noopener noreferrer\"><strong>&#8220;Bettys Haver&#8221;<\/strong><\/a> og <strong>&#8220;Filippides L\u00f8bebaner&#8221;<\/strong> i din by.<\/p>\n\n\n\n<p><\/p>\n\n\n\n<p><\/p>\n\n\n\n<figure class=\"wp-block-gallery has-nested-images columns-3 is-cropped wp-block-gallery-1 is-layout-flex wp-block-gallery-is-layout-flex\">\n<figure class=\"wp-block-image size-large\"><a href=\"https:\/\/esosport-it.lndo.site\/wp-content\/uploads\/2017\/04\/esosport_genova_porto_antico.jpg\" target=\"_blank\" rel=\"noopener\"><img loading=\"lazy\" decoding=\"async\" width=\"1000\" height=\"667\" data-id=\"2104\" src=\"https:\/\/esosport-it.lndo.site\/wp-content\/uploads\/2017\/04\/esosport_genova_porto_antico.jpg\" alt=\"giardino_betty_genova_porto_antico\" class=\"wp-image-2104\" title=\"\" srcset=\"https:\/\/www.esosport.it\/wp-content\/uploads\/2017\/04\/esosport_genova_porto_antico.jpg 1000w, https:\/\/www.esosport.it\/wp-content\/uploads\/2017\/04\/esosport_genova_porto_antico-300x200.jpg 300w, https:\/\/www.esosport.it\/wp-content\/uploads\/2017\/04\/esosport_genova_porto_antico-768x512.jpg 768w\" sizes=\"auto, (max-width: 1000px) 100vw, 1000px\" \/><\/a><\/figure>\n\n\n\n<figure class=\"wp-block-image size-large\"><a href=\"https:\/\/esosport-it.lndo.site\/wp-content\/uploads\/2017\/04\/esosport_genova_porto_antico_2.jpg\" target=\"_blank\" rel=\"noopener\"><img loading=\"lazy\" decoding=\"async\" width=\"1000\" height=\"667\" data-id=\"2105\" src=\"https:\/\/esosport-it.lndo.site\/wp-content\/uploads\/2017\/04\/esosport_genova_porto_antico_2.jpg\" alt=\"\" class=\"wp-image-2105\" title=\"\" srcset=\"https:\/\/www.esosport.it\/wp-content\/uploads\/2017\/04\/esosport_genova_porto_antico_2.jpg 1000w, https:\/\/www.esosport.it\/wp-content\/uploads\/2017\/04\/esosport_genova_porto_antico_2-300x200.jpg 300w, https:\/\/www.esosport.it\/wp-content\/uploads\/2017\/04\/esosport_genova_porto_antico_2-768x512.jpg 768w\" sizes=\"auto, (max-width: 1000px) 100vw, 1000px\" \/><\/a><\/figure>\n\n\n\n<figure class=\"wp-block-image size-large\"><a href=\"https:\/\/esosport-it.lndo.site\/wp-content\/uploads\/2017\/04\/esosport_genova_porto_antico_3.jpg\" target=\"_blank\" rel=\"noopener\"><img loading=\"lazy\" decoding=\"async\" width=\"1000\" height=\"667\" data-id=\"2106\" src=\"https:\/\/esosport-it.lndo.site\/wp-content\/uploads\/2017\/04\/esosport_genova_porto_antico_3.jpg\" alt=\"\" class=\"wp-image-2106\" title=\"\" srcset=\"https:\/\/www.esosport.it\/wp-content\/uploads\/2017\/04\/esosport_genova_porto_antico_3.jpg 1000w, https:\/\/www.esosport.it\/wp-content\/uploads\/2017\/04\/esosport_genova_porto_antico_3-300x200.jpg 300w, https:\/\/www.esosport.it\/wp-content\/uploads\/2017\/04\/esosport_genova_porto_antico_3-768x512.jpg 768w\" sizes=\"auto, (max-width: 1000px) 100vw, 1000px\" \/><\/a><\/figure>\n\n\n\n<figure class=\"wp-block-image size-large\"><a href=\"https:\/\/esosport-it.lndo.site\/wp-content\/uploads\/2017\/04\/esosport_genova_porto_antico_4.jpg\" target=\"_blank\" rel=\"noopener\"><img loading=\"lazy\" decoding=\"async\" width=\"1000\" height=\"667\" data-id=\"2107\" src=\"https:\/\/esosport-it.lndo.site\/wp-content\/uploads\/2017\/04\/esosport_genova_porto_antico_4.jpg\" alt=\"\" class=\"wp-image-2107\" title=\"\" srcset=\"https:\/\/www.esosport.it\/wp-content\/uploads\/2017\/04\/esosport_genova_porto_antico_4.jpg 1000w, https:\/\/www.esosport.it\/wp-content\/uploads\/2017\/04\/esosport_genova_porto_antico_4-300x200.jpg 300w, https:\/\/www.esosport.it\/wp-content\/uploads\/2017\/04\/esosport_genova_porto_antico_4-768x512.jpg 768w\" sizes=\"auto, (max-width: 1000px) 100vw, 1000px\" \/><\/a><\/figure>\n\n\n\n<figure class=\"wp-block-image size-large\"><a href=\"https:\/\/esosport-it.lndo.site\/wp-content\/uploads\/2017\/04\/esosport_genova_porto_antico_5.jpg\" target=\"_blank\" rel=\"noopener\"><img loading=\"lazy\" decoding=\"async\" width=\"1000\" height=\"667\" data-id=\"2108\" src=\"https:\/\/esosport-it.lndo.site\/wp-content\/uploads\/2017\/04\/esosport_genova_porto_antico_5.jpg\" alt=\"\" class=\"wp-image-2108\" title=\"\" srcset=\"https:\/\/www.esosport.it\/wp-content\/uploads\/2017\/04\/esosport_genova_porto_antico_5.jpg 1000w, https:\/\/www.esosport.it\/wp-content\/uploads\/2017\/04\/esosport_genova_porto_antico_5-300x200.jpg 300w, https:\/\/www.esosport.it\/wp-content\/uploads\/2017\/04\/esosport_genova_porto_antico_5-768x512.jpg 768w\" sizes=\"auto, (max-width: 1000px) 100vw, 1000px\" \/><\/a><\/figure>\n\n\n\n<figure class=\"wp-block-image size-large\"><a href=\"https:\/\/esosport-it.lndo.site\/wp-content\/uploads\/2017\/04\/esosport_genova_porto_antico_6.jpg\" target=\"_blank\" rel=\"noopener\"><img loading=\"lazy\" decoding=\"async\" width=\"1000\" height=\"667\" data-id=\"2109\" src=\"https:\/\/esosport-it.lndo.site\/wp-content\/uploads\/2017\/04\/esosport_genova_porto_antico_6.jpg\" alt=\"\" class=\"wp-image-2109\" title=\"\" srcset=\"https:\/\/www.esosport.it\/wp-content\/uploads\/2017\/04\/esosport_genova_porto_antico_6.jpg 1000w, https:\/\/www.esosport.it\/wp-content\/uploads\/2017\/04\/esosport_genova_porto_antico_6-300x200.jpg 300w, https:\/\/www.esosport.it\/wp-content\/uploads\/2017\/04\/esosport_genova_porto_antico_6-768x512.jpg 768w\" sizes=\"auto, (max-width: 1000px) 100vw, 1000px\" \/><\/a><\/figure>\n\n\n\n<figure class=\"wp-block-image size-large\"><a href=\"https:\/\/esosport-it.lndo.site\/wp-content\/uploads\/2017\/04\/esosport_genova_porto_antico_7.jpg\" target=\"_blank\" rel=\"noopener\"><img loading=\"lazy\" decoding=\"async\" width=\"1000\" height=\"667\" data-id=\"2110\" src=\"https:\/\/esosport-it.lndo.site\/wp-content\/uploads\/2017\/04\/esosport_genova_porto_antico_7.jpg\" alt=\"\" class=\"wp-image-2110\" title=\"\" srcset=\"https:\/\/www.esosport.it\/wp-content\/uploads\/2017\/04\/esosport_genova_porto_antico_7.jpg 1000w, https:\/\/www.esosport.it\/wp-content\/uploads\/2017\/04\/esosport_genova_porto_antico_7-300x200.jpg 300w, https:\/\/www.esosport.it\/wp-content\/uploads\/2017\/04\/esosport_genova_porto_antico_7-768x512.jpg 768w\" sizes=\"auto, (max-width: 1000px) 100vw, 1000px\" \/><\/a><\/figure>\n\n\n\n<figure class=\"wp-block-image size-large\"><a href=\"https:\/\/esosport-it.lndo.site\/wp-content\/uploads\/2017\/04\/esosport_genova_porto_antico_8.jpg\" target=\"_blank\" rel=\"noopener\"><img loading=\"lazy\" decoding=\"async\" width=\"1000\" height=\"667\" data-id=\"2111\" src=\"https:\/\/esosport-it.lndo.site\/wp-content\/uploads\/2017\/04\/esosport_genova_porto_antico_8.jpg\" alt=\"\" class=\"wp-image-2111\" title=\"\" srcset=\"https:\/\/www.esosport.it\/wp-content\/uploads\/2017\/04\/esosport_genova_porto_antico_8.jpg 1000w, https:\/\/www.esosport.it\/wp-content\/uploads\/2017\/04\/esosport_genova_porto_antico_8-300x200.jpg 300w, https:\/\/www.esosport.it\/wp-content\/uploads\/2017\/04\/esosport_genova_porto_antico_8-768x512.jpg 768w\" sizes=\"auto, (max-width: 1000px) 100vw, 1000px\" \/><\/a><\/figure>\n\n\n\n<figure class=\"wp-block-image size-large\"><a href=\"https:\/\/esosport-it.lndo.site\/wp-content\/uploads\/2017\/04\/esosport_genova_porto_antico_9.jpg\" target=\"_blank\" rel=\"noopener\"><img loading=\"lazy\" decoding=\"async\" width=\"1000\" height=\"667\" data-id=\"2112\" src=\"https:\/\/esosport-it.lndo.site\/wp-content\/uploads\/2017\/04\/esosport_genova_porto_antico_9.jpg\" alt=\"\" class=\"wp-image-2112\" title=\"\" srcset=\"https:\/\/www.esosport.it\/wp-content\/uploads\/2017\/04\/esosport_genova_porto_antico_9.jpg 1000w, https:\/\/www.esosport.it\/wp-content\/uploads\/2017\/04\/esosport_genova_porto_antico_9-300x200.jpg 300w, https:\/\/www.esosport.it\/wp-content\/uploads\/2017\/04\/esosport_genova_porto_antico_9-768x512.jpg 768w\" sizes=\"auto, (max-width: 1000px) 100vw, 1000px\" \/><\/a><\/figure>\n<\/figure>\n\n\n\n<p>Bidrag ogs\u00e5 til indsamlingen! B\u00f8rnene gl\u00e6der sig til at lege p\u00e5 de nye omr\u00e5der! <\/p>\n\n\n\n<p>Du kan st\u00f8tte Associazione GOGREEN \u2013 onlus ved at indbetale dit bidrag via:<\/p>\n\n\n\n<p><strong>UniCredit Banca, IBAN: IT87S0200801672000101066058<\/strong><\/p>\n\n\n\n<p>og\/eller med kreditkort og\/eller <a href=\"http:\/\/www.paypal.me\/associazionegogreen\" target=\"_blank\" rel=\"noopener noreferrer\">Paypal<\/a>.<\/p>\n\n\n\n<figure class=\"wp-block-embed aligncenter is-type-video is-provider-youtube wp-block-embed-youtube wp-embed-aspect-16-9 wp-has-aspect-ratio\"><div class=\"wp-block-embed__wrapper\">\n<iframe loading=\"lazy\" title=\"Inaugurazione de &quot;Il Giardino di Betty&quot; ad Opera, 17 aprile 2013\" width=\"500\" height=\"281\" src=\"https:\/\/www.youtube.com\/embed\/AqlRULOiO4Q?feature=oembed\" frameborder=\"0\" allow=\"accelerometer; autoplay; clipboard-write; encrypted-media; gyroscope; picture-in-picture; web-share\" referrerpolicy=\"strict-origin-when-cross-origin\" allowfullscreen><\/iframe>\n<\/div><\/figure>\n\n\n<div class=\"wp-block-image\">\n<figure class=\"aligncenter\"><img loading=\"lazy\" decoding=\"async\" width=\"1772\" height=\"472\" src=\"http:\/\/www.esosport.it\/wp-content\/uploads\/2017\/04\/GrazieDiCuore-1.jpg\" alt=\"MangeTak\" class=\"wp-image-2115\" title=\"\" srcset=\"https:\/\/www.esosport.it\/wp-content\/uploads\/2017\/04\/GrazieDiCuore-1.jpg 1772w, https:\/\/www.esosport.it\/wp-content\/uploads\/2017\/04\/GrazieDiCuore-1-300x80.jpg 300w, https:\/\/www.esosport.it\/wp-content\/uploads\/2017\/04\/GrazieDiCuore-1-768x205.jpg 768w, https:\/\/www.esosport.it\/wp-content\/uploads\/2017\/04\/GrazieDiCuore-1-1024x273.jpg 1024w\" sizes=\"auto, (max-width: 1772px) 100vw, 1772px\" \/><\/figure><\/div>\n\n\n<p><\/p>\n<\/div><\/div>\n","protected":false},"excerpt":{"rendered":"<p>esosport er et non-profit projekt, udt\u00e6nkt og drevet &hellip;<\/p>\n","protected":false},"author":1,"featured_media":0,"parent":0,"menu_order":0,"comment_status":"closed","ping_status":"closed","template":"","meta":{"_acf_changed":false,"footnotes":""},"class_list":["post-12484","page","type-page","status-publish","hentry"],"acf":[],"_links":{"self":[{"href":"https:\/\/www.esosport.it\/da\/wp-json\/wp\/v2\/pages\/12484","targetHints":{"allow":["GET"]}}],"collection":[{"href":"https:\/\/www.esosport.it\/da\/wp-json\/wp\/v2\/pages"}],"about":[{"href":"https:\/\/www.esosport.it\/da\/wp-json\/wp\/v2\/types\/page"}],"author":[{"embeddable":true,"href":"https:\/\/www.esosport.it\/da\/wp-json\/wp\/v2\/users\/1"}],"replies":[{"embeddable":true,"href":"https:\/\/www.esosport.it\/da\/wp-json\/wp\/v2\/comments?post=12484"}],"version-history":[{"count":2,"href":"https:\/\/www.esosport.it\/da\/wp-json\/wp\/v2\/pages\/12484\/revisions"}],"predecessor-version":[{"id":13924,"href":"https:\/\/www.esosport.it\/da\/wp-json\/wp\/v2\/pages\/12484\/revisions\/13924"}],"wp:attachment":[{"href":"https:\/\/www.esosport.it\/da\/wp-json\/wp\/v2\/media?parent=12484"}],"curies":[{"name":"wp","href":"https:\/\/api.w.org\/{rel}","templated":true}]}}