{"id":12502,"date":"2017-04-14T12:04:36","date_gmt":"2017-04-14T10:04:36","guid":{"rendered":"https:\/\/www.esosport.it\/om-os\/"},"modified":"2026-04-14T11:16:44","modified_gmt":"2026-04-14T09:16:44","slug":"om-os","status":"publish","type":"page","link":"https:\/\/www.esosport.it\/da\/om-os\/","title":{"rendered":"Om os"},"content":{"rendered":"\n<section id=\"block_d2e537818f895b87e857f099ed3e5440\" class=\"acf-block acf-block-occhiello-titolo-testo\">\n    <div class=\"container py-8\">\n        <div class=\"flex flex-col gap-4 text-center\">\n            <hgroup class=\"flex flex-col gap-1\">\n                <h2 class=\"uppercase font-medium reveal\">Hvad er<\/h2>\n                                    <figure class=\"wp-block-image aligncenter mx-auto\">\n                        <img decoding=\"async\" src=\"https:\/\/www.esosport.it\/wp-content\/uploads\/2025\/06\/esosport-solo-e1776158195317.png\" alt=\"\" title=\"\">\n                    <\/figure>\n                            <\/hgroup>\n            <hr class=\"divider mx-auto reveal\" \/>\n            <div class=\"reveal\"><h2 style=\"text-align: left\">Om os<\/h2>\n<p>&nbsp;<\/p>\n<p style=\"text-align: left\"><strong>esosport<\/strong> blev grundlagt i 2009 ud fra en id\u00e9 af <strong>Nicolas Meletiou<\/strong>, Managing Director hos ESO og passioneret l\u00f8ber, sammen med to af hans venner. Sammen stillede de sig selv et tilsyneladende simpelt, men meget vigtigt sp\u00f8rgsm\u00e5l: <strong>hvad er den korrekte og b\u00e6redygtige m\u00e5de at bortskaffe udtjente sportssko p\u00e5?<\/strong> Dette sp\u00f8rgsm\u00e5l blev startskuddet til en innovativ rejse, der forener sport, milj\u00f8bevidsthed og teknologisk udvikling.<\/p>\n<p>&nbsp;<\/p>\n<p style=\"text-align: left\">Ved at kombinere deres passion for l\u00f8b med solid erfaring inden for <strong>affalds- og genanvendelsessektoren<\/strong> blev esosport-projektet skabt. Visionen var klar fra begyndelsen: at give <strong>nyt liv til materialer<\/strong>, der ellers ville ende som affald, og samtidig reducere milj\u00f8p\u00e5virkningen. I dag er esosport det <strong>f\u00f8rste og eneste projekt i Italien og Europa<\/strong>, der er fuldt dedikeret til indsamling og genanvendelse af sportssko.<\/p>\n<p>&nbsp;<\/p>\n<p style=\"text-align: left\">Med tiden er projektet vokset betydeligt og har udvidet sit fokus til ogs\u00e5 at omfatte andre typer sportsudstyr. Blandt disse finder man <strong>cykeld\u00e6k og slanger, hjelme, tennis- og padelbolde, ski-hjelme og -st\u00f8vler samt sportst\u00f8j<\/strong>. Denne udvidelse afspejler esosports konstante engagement i at finde b\u00e6redygtige l\u00f8sninger p\u00e5 tv\u00e6rs af hele sportsverdenen.<\/p>\n<p>&nbsp;<\/p>\n<p style=\"text-align: left\"><em>&#8220;Siden begyndelsen af vores aktivitet har vi troet p\u00e5 principperne i den <strong>cirkul\u00e6re \u00f8konomi<\/strong> og gjort genanvendelsens cyklus til vores filosofi. Vi er drevet af bevidstheden om, at milj\u00f8et er en v\u00e6rdifuld ressource, der skal beskyttes, og at affald \u2013 hvis det h\u00e5ndteres korrekt \u2013 kan omdannes fra restprodukt til ressource og dermed minimere milj\u00f8p\u00e5virkningen.&#8221;<\/em><\/p>\n<p>&nbsp;<\/p>\n<p style=\"text-align: left\">Vores m\u00e5l er todelt: p\u00e5 den ene side at <strong>reducere m\u00e6ngden af affald<\/strong>, der ophobes p\u00e5 lossepladser, og p\u00e5 den anden side at fremme en st\u00f8rre bevidsthed om, at genanvendelse ikke blot er mulig, men ogs\u00e5 v\u00e6rdifuld. Faktisk kan genanvendte materialer omdannes til <strong>sekund\u00e6re r\u00e5materialer<\/strong>, som kan bruges i nye produktionsprocesser og dermed skabe en cirkul\u00e6r v\u00e6rdik\u00e6de.<\/p>\n<p>&nbsp;<\/p>\n<p style=\"text-align: left\">Det, der ved f\u00f8rste \u00f8jekast kan virke som simpelt affald bestemt til lossepladsen, f\u00e5r med esosport et <strong>nyt liv i en helt ny form<\/strong>. Takket v\u00e6re transformationsprocessen p\u00e5 <strong>ESO RECYCLING \u201cAmato Cannara\u201d-anl\u00e6gget<\/strong>, som ligger i Tolentino i Marche-regionen, bliver sportsmaterialer, personlige v\u00e6rnemidler (PPE) og affald fra modeindustrien indsamlet, behandlet og genvurderet.<\/p>\n<p>&nbsp;<\/p>\n<p style=\"text-align: left\">I denne proces skabes nye sekund\u00e6re r\u00e5materialer s\u00e5som <strong>farvede granulat, tekstiler, plastmaterialer og metaller<\/strong>. Disse materialer danner grundlaget for en lang r\u00e6kke innovative projekter med fokus p\u00e5 milj\u00f8m\u00e6ssig b\u00e6redygtighed og funktionalitet.<\/p>\n<p>&nbsp;<\/p>\n<p style=\"text-align: left\"><strong>Nogle konkrete eksempler?<\/strong> Bel\u00e6gninger til basket-, tennis- og padelbaner, atletikbaner som <strong>\u201cLa pista di Filippide\u201d<\/strong> og legepladsbel\u00e6gninger som <strong>\u201cIl Giardino di Betty\u201d<\/strong>. Derudover produceres ogs\u00e5 specialtilpassede gulvbel\u00e6gninger til butikker, events og messestande samt l\u00f8sninger i st\u00f8bt materiale.<\/p>\n<p>&nbsp;<\/p>\n<p style=\"text-align: left\">Endvidere anvendes materialerne til fremstilling af <strong>termoakustiske paneler<\/strong> til byggeri og indretning samt medaljer og trof\u00e6er til sportsbegivenheder \u2013 alle med et b\u00e6redygtigt aftryk.<\/p>\n<p>&nbsp;<\/p>\n<p style=\"text-align: left\"><strong>\u201cByg din egen vej\u201d<\/strong> er esosports pay-off, som perfekt indfanger projektets essens. Det er en vej, der ikke blot symboliserer fysisk bev\u00e6gelse, men ogs\u00e5 en <strong>f\u00e6lles indsats mod en mere b\u00e6redygtig fremtid<\/strong>. En vej, der bygges skridt for skridt, gennem ansvarlige valg, innovation og samarbejde \u2013 med respekt for milj\u00f8et som det centrale omdrejningspunkt.<\/p>\n<\/div>\n        <\/div>\n    <\/div>\n<\/section>\n\n\n<div class=\"wp-block-group\"><div class=\"wp-block-group__inner-container is-layout-constrained wp-block-group-is-layout-constrained\">\n<figure class=\"wp-block-embed is-type-video is-provider-youtube wp-block-embed-youtube wp-embed-aspect-16-9 wp-has-aspect-ratio\"><div class=\"wp-block-embed__wrapper\">\n<iframe loading=\"lazy\" title=\"Esosport - Raccolta e Riciclo di Rifiuti Sportivi | Economia Circolare e Sostenibilit\u00e0 Ambientale\" width=\"500\" height=\"281\" src=\"https:\/\/www.youtube.com\/embed\/Jr36k8Q9wF8?feature=oembed\" frameborder=\"0\" allow=\"accelerometer; autoplay; clipboard-write; encrypted-media; gyroscope; picture-in-picture; web-share\" referrerpolicy=\"strict-origin-when-cross-origin\" allowfullscreen><\/iframe>\n<\/div><\/figure>\n\n\n\n<section id=\"block_acdf2e8f636b6605dd37ce811dac0ab3\" class=\"acf-block acf-block-occhiello-titolo-testo\">\n    <div class=\"container py-8\">\n        <div class=\"flex flex-col gap-4 text-center\">\n            <hgroup class=\"flex flex-col gap-1\">\n                <h2 class=\"uppercase font-medium reveal\"><\/h2>\n                                    <h1 class=\"text-lg lg:text-xl reveal\">Bliv ogs\u00e5 en del af forandringen<\/h1>\n                            <\/hgroup>\n            <hr class=\"divider mx-auto reveal\" \/>\n            <div class=\"reveal\"><p style=\"text-align: left\" data-start=\"40\" data-end=\"254\">Vi lever i en tid, hvor <strong data-start=\"64\" data-end=\"127\">menneskets p\u00e5virkning af milj\u00f8et bliver stadig mere tydelig<\/strong>. Den intensive udnyttelse af naturressourcer er ved at kompromittere planetens balance. <strong data-start=\"216\" data-end=\"254\">Tiden er kommet til at \u00e6ndre kurs.<\/strong><\/p>\n<p data-start=\"40\" data-end=\"254\">\n<p style=\"text-align: left\" data-start=\"256\" data-end=\"488\">Vores daglige engagement, baseret p\u00e5 <strong data-start=\"293\" data-end=\"341\">mange \u00e5rs erfaring inden for affaldssektoren<\/strong>, er netop dette: at finde nye m\u00e5der at v\u00e6rdis\u00e6tte det, som for mange blot er affald, men som i virkeligheden kan blive <strong data-start=\"461\" data-end=\"487\">en v\u00e6rdifuld ressource<\/strong>.<\/p>\n<p data-start=\"256\" data-end=\"488\">\n<p style=\"text-align: left\" data-start=\"490\" data-end=\"633\">Vi er til stede i hele <strong data-start=\"513\" data-end=\"559\">Italien med mere end 500 indsamlingssteder<\/strong>, fordelt mellem kommuner, sportsbutikker, cykelv\u00e6rksteder og sportsanl\u00e6g.<\/p>\n<p data-start=\"490\" data-end=\"633\">\n<p style=\"text-align: left\" data-start=\"635\" data-end=\"919\" data-is-last-node=\"\" data-is-only-node=\"\">Dem, der tilslutter sig vores projekt, bliver <strong data-start=\"681\" data-end=\"725\">aktive deltagere i en konkret forandring<\/strong>, ved at bidrage til en mere b\u00e6redygtig affaldsh\u00e5ndtering og til skabelsen af nye b\u00e6redygtige projekter: legepladser, omr\u00e5der til fysisk aktivitet og steder designet til f\u00e6llesskabernes trivsel.<\/p>\n<p data-start=\"635\" data-end=\"919\" data-is-last-node=\"\" data-is-only-node=\"\">\n<\/div>\n        <\/div>\n    <\/div>\n<\/section><\/div><\/div>\n\n\n\n<section id=\"block_86dfb90f8ef40d22ce2b7a7e886d467e\" class=\"acf-block acf-block-occhiello-titolo-testo\">\n    <div class=\"container py-8\">\n        <div class=\"flex flex-col gap-4 text-center\">\n            <hgroup class=\"flex flex-col gap-1\">\n                <h2 class=\"uppercase font-medium reveal\">Se Retail-brochuren<\/h2>\n                                    <h1 class=\"text-lg lg:text-xl reveal\"><\/h1>\n                            <\/hgroup>\n            <hr class=\"divider mx-auto reveal\" \/>\n            <div class=\"reveal\"><p><a href=\"https:\/\/heyzine.com\/flip-book\/ca640de643.html\" target=\"_blank\" rel=\"noopener\">Brochure Esosport Retail<\/a><\/p>\n<\/div>\n        <\/div>\n    <\/div>\n<\/section>\n\n\n<iframe allowfullscreen=\"allowfullscreen\" allow=\"clipboard-write\" scrolling=\"no\" class=\"fp-iframe\" style=\"border: 1px solid lightgray; width: 100%; height: 600px;\" src=\"https:\/\/heyzine.com\/flip-book\/a4edc298a4.html\"><\/iframe><br\/>\n\n\n\n<section id=\"block_53065d60c503493bfbd68f14486ad7b9\" class=\"acf-block acf-block-occhiello-titolo-testo\">\n    <div class=\"container py-8\">\n        <div class=\"flex flex-col gap-4 text-center\">\n            <hgroup class=\"flex flex-col gap-1\">\n                <h2 class=\"uppercase font-medium reveal\">B\u00e6redygtige l\u00f8sninger for kommuner.<\/h2>\n                                    <h1 class=\"text-lg lg:text-xl reveal\">Informationsmateriale til offentlige myndigheder<\/h1>\n                            <\/hgroup>\n            <hr class=\"divider mx-auto reveal\" \/>\n            <div class=\"reveal\"><p><strong><a href=\"https:\/\/heyzine.com\/flip-book\/forallekommuner.html\" target=\"_blank\" rel=\"noopener\">Bladr i brochuren dedikeret til kommuner<\/a><\/strong><\/p>\n<\/div>\n        <\/div>\n    <\/div>\n<\/section>\n\n\n<iframe allowfullscreen=\"allowfullscreen\" allow=\"clipboard-write\" scrolling=\"no\" class=\"fp-iframe\" style=\"border: 1px solid lightgray; width: 100%; height: 600px;\" src=\"https:\/\/heyzine.com\/flip-book\/b3053693af.html\"><\/iframe>\n","protected":false},"excerpt":{"rendered":"","protected":false},"author":1,"featured_media":0,"parent":0,"menu_order":0,"comment_status":"closed","ping_status":"closed","template":"","meta":{"_acf_changed":false,"footnotes":""},"class_list":["post-12502","page","type-page","status-publish","hentry"],"acf":[],"_links":{"self":[{"href":"https:\/\/www.esosport.it\/da\/wp-json\/wp\/v2\/pages\/12502","targetHints":{"allow":["GET"]}}],"collection":[{"href":"https:\/\/www.esosport.it\/da\/wp-json\/wp\/v2\/pages"}],"about":[{"href":"https:\/\/www.esosport.it\/da\/wp-json\/wp\/v2\/types\/page"}],"author":[{"embeddable":true,"href":"https:\/\/www.esosport.it\/da\/wp-json\/wp\/v2\/users\/1"}],"replies":[{"embeddable":true,"href":"https:\/\/www.esosport.it\/da\/wp-json\/wp\/v2\/comments?post=12502"}],"version-history":[{"count":20,"href":"https:\/\/www.esosport.it\/da\/wp-json\/wp\/v2\/pages\/12502\/revisions"}],"predecessor-version":[{"id":15069,"href":"https:\/\/www.esosport.it\/da\/wp-json\/wp\/v2\/pages\/12502\/revisions\/15069"}],"wp:attachment":[{"href":"https:\/\/www.esosport.it\/da\/wp-json\/wp\/v2\/media?parent=12502"}],"curies":[{"name":"wp","href":"https:\/\/api.w.org\/{rel}","templated":true}]}}