{"id":12699,"date":"2017-04-14T12:04:48","date_gmt":"2017-04-14T10:04:48","guid":{"rendered":"https:\/\/www.esosport.it\/saadan-fungerer-esosport-run\/"},"modified":"2026-04-14T11:24:32","modified_gmt":"2026-04-14T09:24:32","slug":"saadan-fungerer-esosport-run","status":"publish","type":"page","link":"https:\/\/www.esosport.it\/da\/saadan-fungerer-esosport-run\/","title":{"rendered":"S\u00e5dan fungerer Esosport Run"},"content":{"rendered":"\n<section id=\"block_da21cfa4c2695ff8027bf251ca708ead\" class=\"acf-block acf-block-occhiello-titolo-testo\">\n    <div class=\"container py-8\">\n        <div class=\"flex flex-col gap-4 text-center\">\n            <hgroup class=\"flex flex-col gap-1\">\n                <h2 class=\"uppercase font-medium reveal\"><\/h2>\n                                    <h1 class=\"text-lg lg:text-xl reveal\">S\u00e5dan fungerer Esosport Run<\/h1>\n                            <\/hgroup>\n            <hr class=\"divider mx-auto reveal\" \/>\n            <div class=\"reveal\"><\/div>\n        <\/div>\n    <\/div>\n<\/section>\n\n<div class=\"wp-block-image\">\n<figure class=\"aligncenter size-full\"><img loading=\"lazy\" decoding=\"async\" width=\"1516\" height=\"195\" src=\"https:\/\/www.esosport.it\/wp-content\/uploads\/2025\/06\/payoff-esosport-run-2.png\" alt=\"\" class=\"wp-image-8009\" title=\"\"><\/figure><\/div>\n\n\n<section id=\"block_e4c766eb395e83202830129a148be2a7\" class=\"acf-block acf-block-scheda-immagine-destra\">\n\n    \n    <div class=\"grid lg:grid-cols-4 items-center pb-8\">\n                    <div class=\"lg:col-span-3 bg-secondary-light \">\n                <div class=\"px-4 py-8 flex justify-center\">\n                    <div class=\"p-4 flex flex-col gap-4 items-start max-w-[700px]\">\n                        <hgroup>\n                            <h3 class=\"uppercase text-sm reveal\"><\/h3>\n                            <h2 class=\"text-lg lg:text-xl reveal\">Hvad er Esosport Run<\/h2>\n                        <\/hgroup>\n                        <hr class=\"divider ml-0 reveal\" \/>\n                        <p class=\"reveal\"><h3 data-start=\"45\" data-end=\"211\"><strong data-start=\"45\" data-end=\"211\">Esosport Run er det f\u00f8rste projekt i Italien og Europa for indsamling og genanvendelse af udtjente sportssko, rettet mod kommuner, sportsbutikker og virksomheder.<\/strong><\/h3>\n<p>&nbsp;<\/p>\n<p data-start=\"213\" data-end=\"363\">Projektet er udviklet for at im\u00f8dekomme et voksende milj\u00f8problem: bortskaffelsen af brugte sportssko, som ofte ender i restaffald og dermed p\u00e5 lossepladser eller i forbr\u00e6ndingsanl\u00e6g. Hvert \u00e5r kasseres millioner af sko, som p\u00e5 grund af deres komplekse sammens\u00e6tning af materialer er vanskelige at genanvende korrekt. Esosport Run tilbyder en konkret og b\u00e6redygtig l\u00f8sning, der g\u00f8r det muligt at genvinde v\u00e6rdifulde ressourcer og reducere milj\u00f8p\u00e5virkningen.<\/p>\n<p data-start=\"213\" data-end=\"363\">\n<p data-start=\"365\" data-end=\"552\">N\u00e5r servicen aktiveres, modtager kunden en <strong data-start=\"256\" data-end=\"266\">ESObox<\/strong>, en beholder dedikeret til indsamling af sportsaffald, som placeres p\u00e5 aftalte steder i omr\u00e5det. Disse indsamlingspunkter v\u00e6lges strategisk for at sikre maksimal synlighed og tilg\u00e6ngelighed, s\u00e5 b\u00e5de borgere, atleter og kunder nemt kan deltage i initiativet. Systemet er designet til at v\u00e6re intuitivt og brugervenligt, hvilket g\u00f8r korrekt affaldssortering til en enkel og naturlig handling i hverdagen.<\/p>\n<p data-start=\"365\" data-end=\"552\">\n<p data-start=\"554\" data-end=\"764\">Her kan brugerne aflevere deres udtjente sportssko.<\/p>\n<p data-start=\"554\" data-end=\"764\"><br data-start=\"416\" data-end=\"419\" \/>Ogs\u00e5 klipklappere? Ja, selvf\u00f8lgelig!<\/p>\n<p data-start=\"554\" data-end=\"764\"><br data-start=\"455\" data-end=\"458\" \/>Det vigtigste er, at de har en gummis\u00e5l \u2013 det materiale, der indg\u00e5r i genanvendelsesprocessen. Ved at fokusere p\u00e5 denne komponent sikrer projektet, at de indsamlede produkter kan behandles effektivt og omdannes til nye ressourcer uden spild.<\/p>\n<p data-start=\"554\" data-end=\"764\">\n<p style=\"text-align: left;\" data-start=\"554\" data-end=\"764\">De indsamlede sko sendes til regenerering p\u00e5 <strong data-start=\"599\" data-end=\"637\">ESO RECYCLING-anl\u00e6gget i Tolentino<\/strong>, hvor <em data-start=\"644\" data-end=\"655\">Shoeberth<\/em>, en innovativ maskine, der kan adskille s\u00e5len fra overdelen, omdanner materialet til sekund\u00e6re r\u00e5materialer. Denne avancerede proces g\u00f8r det muligt at genanvende gummiet i produktionen af nye produkter, s\u00e5som st\u00f8dabsorberende overflader til legepladser, atletikbaner og andre sportsfaciliteter.<\/p>\n<p data-start=\"554\" data-end=\"764\">\n<p data-start=\"766\" data-end=\"980\">Esosport Run bidrager ikke kun til at reducere m\u00e6ngden af affald, men fremmer ogs\u00e5 en cirkul\u00e6r \u00f8konomi, hvor materialer holdes i kredsl\u00f8b s\u00e5 l\u00e6nge som muligt. Samtidig \u00f8ger projektet bevidstheden om b\u00e6redygtighed og ansvarligt forbrug ved at involvere lokalsamfund, virksomheder og sportsud\u00f8vere i en f\u00e6lles indsats for milj\u00f8et.<\/p>\n<p data-start=\"766\" data-end=\"980\">\n<p data-start=\"982\" data-end=\"1150\">At deltage i Esosport Run betyder at give dine brugte sportssko et nyt liv og aktivt bidrage til en gr\u00f8nnere fremtid. Hvert par sko, der indsamles, er et skridt mod mindre affald, lavere milj\u00f8belastning og en mere ansvarlig udnyttelse af vores ressourcer.<\/p>\n<\/p>\n                                            <\/div>\n                <\/div>\n            <\/div>\n                            <img decoding=\"async\" class=\" w-full max-w-[350px] border-l-[10px] lg:-translate-x-1\/4 lg:origin-left border-primary lg:transform lg:scale-125\" src=\"https:\/\/www.esosport.it\/wp-content\/uploads\/2026\/04\/Shoes-DK-ok.png\" alt=\"\" title=\"\">\n                        <\/div>\n\n<\/section>\n\n\n\n<section id=\"block_7b93800e70f80315e67b4c22bf77af59\" class=\"acf-block acf-block-occhiello-titolo-testo\">\n    <div class=\"container py-8\">\n        <div class=\"flex flex-col gap-4 text-center\">\n            <hgroup class=\"flex flex-col gap-1\">\n                <h2 class=\"uppercase font-medium reveal\"><\/h2>\n                                    <h1 class=\"text-lg lg:text-xl reveal\">S\u00c5DAN TILMELDER DU DIG<\/h1>\n                            <\/hgroup>\n            <hr class=\"divider mx-auto reveal\" \/>\n            <div class=\"reveal\"><\/div>\n        <\/div>\n    <\/div>\n<\/section>\n\n\n<section id=\"block_a1e24ec90120b97fa6d3a2f9feea0186\" class=\"acf-block acf-block-occhiello-titolo-testo\">\n    <div class=\"container py-8\">\n        <div class=\"flex flex-col gap-4 text-center\">\n            <hgroup class=\"flex flex-col gap-1\">\n                <h2 class=\"uppercase font-medium reveal\">Er du en kommune, en sportsforening, en virksomhed eller en forhandler?<\/h2>\n                                    <h1 class=\"text-lg lg:text-xl reveal\"><\/h1>\n                            <\/hgroup>\n            <hr class=\"divider mx-auto reveal\" \/>\n            <div class=\"reveal\"><\/div>\n        <\/div>\n    <\/div>\n<\/section>\n\n\n<section id=\"block_6fe3bc99e4b54e7d5677d01b8dcbcbdd\" class=\"acf-block acf-block-schede-prodotti\">\n\n    <div class=\"container py-8\">\n        <div class=\"grid lg:grid-cols-3 gap-8\">\n\n            \n                    <article class=\"shadow-all-sides\">\n                                                <div class=\"p-4 flex flex-col gap-2\">\n                            <h3 class=\"font-bold reveal\"><\/h3>\n                            <p class=\"text-sm reveal\"><\/p>\n                                                            <a class=\"button reveal !p-4 hover:text-white\" href=\"https:\/\/www.esosport.it\/da\/tilslut-dig-esosport-run\/\" target=\"\">\n                                    Tilmeld dig Esosport Run                                <\/a>\n                                                    <\/div>\n                    <\/article>\n\n                    <\/div>\n\n        \n    <\/div>\n\n<\/section>\n\n\n\n<div style=\"height:78px\" aria-hidden=\"true\" class=\"wp-block-spacer\"><\/div>\n\n\n\n<section id=\"block_d797ab957747d707d6eca79b47b1e51c\" class=\"acf-block acf-block-occhiello-titolo-testo\">\n    <div class=\"container py-8\">\n        <div class=\"flex flex-col gap-4 text-center\">\n            <hgroup class=\"flex flex-col gap-1\">\n                <h2 class=\"uppercase font-medium reveal\">Er du en privat borger, der \u00f8nsker at genanvende dit sportsudstyr?<\/h2>\n                                    <h1 class=\"text-lg lg:text-xl reveal\"><\/h1>\n                            <\/hgroup>\n            <hr class=\"divider mx-auto reveal\" \/>\n            <div class=\"reveal\"><p style=\"text-align: center\">Find indsamlingsstederne:<\/p>\n<\/div>\n        <\/div>\n    <\/div>\n<\/section>\n\n\n<p class=\"has-text-align-center\"><\/p>\n\n\n\n<section id=\"block_b9ebabf83c7d26f64e6fa0181aa98436\" class=\"acf-block acf-block-schede-prodotti\">\n\n    <div class=\"container py-8\">\n        <div class=\"grid lg:grid-cols-3 gap-8\">\n\n            \n                    <article class=\"shadow-all-sides\">\n                                                <div class=\"p-4 flex flex-col gap-2\">\n                            <h3 class=\"font-bold reveal\"><\/h3>\n                            <p class=\"text-sm reveal\"><\/p>\n                                                            <a class=\"button reveal !p-4 hover:text-white\" href=\"https:\/\/www.esosport.it\/da\/esosport-run-indsamlingssteder\/\" target=\"\">\n                                    esosport run                                <\/a>\n                                                    <\/div>\n                    <\/article>\n\n                    <\/div>\n\n        \n    <\/div>\n\n<\/section>\n","protected":false},"excerpt":{"rendered":"","protected":false},"author":1,"featured_media":0,"parent":0,"menu_order":0,"comment_status":"closed","ping_status":"closed","template":"","meta":{"_acf_changed":false,"footnotes":""},"class_list":["post-12699","page","type-page","status-publish","hentry"],"acf":[],"_links":{"self":[{"href":"https:\/\/www.esosport.it\/da\/wp-json\/wp\/v2\/pages\/12699","targetHints":{"allow":["GET"]}}],"collection":[{"href":"https:\/\/www.esosport.it\/da\/wp-json\/wp\/v2\/pages"}],"about":[{"href":"https:\/\/www.esosport.it\/da\/wp-json\/wp\/v2\/types\/page"}],"author":[{"embeddable":true,"href":"https:\/\/www.esosport.it\/da\/wp-json\/wp\/v2\/users\/1"}],"replies":[{"embeddable":true,"href":"https:\/\/www.esosport.it\/da\/wp-json\/wp\/v2\/comments?post=12699"}],"version-history":[{"count":24,"href":"https:\/\/www.esosport.it\/da\/wp-json\/wp\/v2\/pages\/12699\/revisions"}],"predecessor-version":[{"id":15079,"href":"https:\/\/www.esosport.it\/da\/wp-json\/wp\/v2\/pages\/12699\/revisions\/15079"}],"wp:attachment":[{"href":"https:\/\/www.esosport.it\/da\/wp-json\/wp\/v2\/media?parent=12699"}],"curies":[{"name":"wp","href":"https:\/\/api.w.org\/{rel}","templated":true}]}}