{"id":13943,"date":"2025-09-09T10:56:12","date_gmt":"2025-09-09T08:56:12","guid":{"rendered":"https:\/\/www.esosport.it\/macron-2\/"},"modified":"2026-04-02T07:58:13","modified_gmt":"2026-04-02T05:58:13","slug":"macron-2","status":"publish","type":"page","link":"https:\/\/www.esosport.it\/da\/macron-2\/","title":{"rendered":"MACRON"},"content":{"rendered":"\n<section id=\"block_9b4f2300a18814d5d7272f30d3f48137\" class=\"acf-block acf-block-occhiello-titolo-testo\">\n    <div class=\"container py-8\">\n        <div class=\"flex flex-col gap-4 text-center\">\n            <hgroup class=\"flex flex-col gap-1\">\n                <h2 class=\"uppercase font-medium reveal\"><\/h2>\n                                    <h1 class=\"text-lg lg:text-xl reveal\">Fra affald til ressource: Macron og ESO Recycling sammen for b\u00e6redygtighed<\/h1>\n                            <\/hgroup>\n            <hr class=\"divider mx-auto reveal\" \/>\n            <div class=\"reveal\"><\/div>\n        <\/div>\n    <\/div>\n<\/section>\n\n<div class=\"wp-block-image\">\n<figure class=\"aligncenter size-full is-resized\"><img loading=\"lazy\" decoding=\"async\" width=\"800\" height=\"500\" src=\"https:\/\/www.esosport.it\/wp-content\/uploads\/2025\/07\/MACRON-800x500-1.jpg\" alt=\"\" class=\"wp-image-8767\" style=\"width:453px;height:auto\" title=\"\" srcset=\"https:\/\/www.esosport.it\/wp-content\/uploads\/2025\/07\/MACRON-800x500-1.jpg 800w, https:\/\/www.esosport.it\/wp-content\/uploads\/2025\/07\/MACRON-800x500-1-300x188.jpg 300w, https:\/\/www.esosport.it\/wp-content\/uploads\/2025\/07\/MACRON-800x500-1-768x480.jpg 768w\" sizes=\"auto, (max-width: 800px) 100vw, 800px\" \/><\/figure><\/div>\n\n\n<section id=\"block_a1ad09dd793632294792eae11aef5369\" class=\"acf-block acf-block-occhiello-titolo-testo\">\n    <div class=\"container py-8\">\n        <div class=\"flex flex-col gap-4 text-center\">\n            <hgroup class=\"flex flex-col gap-1\">\n                <h2 class=\"uppercase font-medium reveal\"><\/h2>\n                                    <h1 class=\"text-lg lg:text-xl reveal\"><\/h1>\n                            <\/hgroup>\n            <hr class=\"divider mx-auto reveal\" \/>\n            <div class=\"reveal\"><h3 style=\"text-align: left\" data-start=\"40\" data-end=\"470\">Respekt for milj\u00f8et, genanvendelse, genvinding og beskyttelse af biodiversitet er centrale s\u00f8jler i <strong data-start=\"140\" data-end=\"170\">Macrons daglige engagement<\/strong>, n\u00e5r virksomheden ser mod fremtiden og arbejder for fremtiden. Ud fra dette perspektiv opst\u00e5r partnerskabet med <strong data-start=\"283\" data-end=\"300\">ESO RECYCLING<\/strong>, en innovativ og teknologisk virksomhed specialiseret i behandling og regenerering af sportsaffald, personlige v\u00e6rnemidler (PPE) og affaldsmaterialer fra modeindustrien.<\/h3>\n<p style=\"text-align: left\" data-start=\"472\" data-end=\"787\">I virksomhedens vision er affald en ressource, der skal v\u00e6rdis\u00e6ttes \u2013 materialer, som kan genvindes og f\u00e5 nyt liv gennem en regenereringsproces. Macron har sat sig som m\u00e5l at <strong data-start=\"647\" data-end=\"734\">omdanne produkter, der ikke l\u00e6ngere kan anvendes, til nye og funktionelle produkter<\/strong>, reducere milj\u00f8p\u00e5virkningen og fremme b\u00e6redygtighed.<\/p>\n<p style=\"text-align: left\" data-start=\"789\" data-end=\"1299\" data-is-last-node=\"\" data-is-only-node=\"\">Macrons polyesterprodukter, som ellers ville v\u00e6re blevet bortskaffet, leveres til <strong data-start=\"871\" data-end=\"913\">ESO RECYCLING \u201cAmato Carrara\u201d-anl\u00e6gget<\/strong> i <strong data-start=\"916\" data-end=\"929\">Tolentino<\/strong>, i provinsen Macerata. Her bliver de gennem <strong data-start=\"974\" data-end=\"1000\">avancerede teknologier<\/strong> omdannet og bearbejdet for at blive genf\u00f8dt som nye produkter. I dette specifikke tilf\u00e6lde vil Macron-materialer blive til <strong data-start=\"1124\" data-end=\"1151\">lydabsorberende paneler<\/strong>, som kan anvendes i forskellige sektorer \u2013 fra byggeri til arbejdspladser \u2013 og dermed forbedre den akustiske komfort og reducere milj\u00f8p\u00e5virkningen.<\/p>\n<\/div>\n        <\/div>\n    <\/div>\n<\/section>\n\n\n<div class=\"wp-block-group\"><div class=\"wp-block-group__inner-container is-layout-constrained wp-block-group-is-layout-constrained\">\n<figure class=\"wp-block-image size-large\"><img loading=\"lazy\" decoding=\"async\" width=\"1024\" height=\"682\" src=\"https:\/\/www.esosport.it\/wp-content\/uploads\/2025\/07\/gogreen-newsletter-416-macron-e-eso-recycling-insieme-per-la-sostenibilita-da-rifiuto-a-risorsa-1024x682.jpg\" alt=\"\" class=\"wp-image-8684\" title=\"\" srcset=\"https:\/\/www.esosport.it\/wp-content\/uploads\/2025\/07\/gogreen-newsletter-416-macron-e-eso-recycling-insieme-per-la-sostenibilita-da-rifiuto-a-risorsa-1024x682.jpg 1024w, https:\/\/www.esosport.it\/wp-content\/uploads\/2025\/07\/gogreen-newsletter-416-macron-e-eso-recycling-insieme-per-la-sostenibilita-da-rifiuto-a-risorsa-300x200.jpg 300w, https:\/\/www.esosport.it\/wp-content\/uploads\/2025\/07\/gogreen-newsletter-416-macron-e-eso-recycling-insieme-per-la-sostenibilita-da-rifiuto-a-risorsa-768x512.jpg 768w, https:\/\/www.esosport.it\/wp-content\/uploads\/2025\/07\/gogreen-newsletter-416-macron-e-eso-recycling-insieme-per-la-sostenibilita-da-rifiuto-a-risorsa.jpg 1280w\" sizes=\"auto, (max-width: 1024px) 100vw, 1024px\" \/><\/figure>\n<\/div><\/div>\n","protected":false},"excerpt":{"rendered":"","protected":false},"author":8,"featured_media":0,"parent":0,"menu_order":0,"comment_status":"closed","ping_status":"closed","template":"","meta":{"_acf_changed":false,"footnotes":""},"class_list":["post-13943","page","type-page","status-publish","hentry"],"acf":[],"_links":{"self":[{"href":"https:\/\/www.esosport.it\/da\/wp-json\/wp\/v2\/pages\/13943","targetHints":{"allow":["GET"]}}],"collection":[{"href":"https:\/\/www.esosport.it\/da\/wp-json\/wp\/v2\/pages"}],"about":[{"href":"https:\/\/www.esosport.it\/da\/wp-json\/wp\/v2\/types\/page"}],"author":[{"embeddable":true,"href":"https:\/\/www.esosport.it\/da\/wp-json\/wp\/v2\/users\/8"}],"replies":[{"embeddable":true,"href":"https:\/\/www.esosport.it\/da\/wp-json\/wp\/v2\/comments?post=13943"}],"version-history":[{"count":5,"href":"https:\/\/www.esosport.it\/da\/wp-json\/wp\/v2\/pages\/13943\/revisions"}],"predecessor-version":[{"id":14784,"href":"https:\/\/www.esosport.it\/da\/wp-json\/wp\/v2\/pages\/13943\/revisions\/14784"}],"wp:attachment":[{"href":"https:\/\/www.esosport.it\/da\/wp-json\/wp\/v2\/media?parent=13943"}],"curies":[{"name":"wp","href":"https:\/\/api.w.org\/{rel}","templated":true}]}}